{"id":766026,"date":"2025-08-28T11:59:47","date_gmt":"2025-08-28T08:59:47","guid":{"rendered":"https:\/\/roveyayinevi.com.tr\/index.php\/urun\/size-seslenis-sen-olmeyi-bilir-misin\/"},"modified":"2026-01-30T04:01:48","modified_gmt":"2026-01-30T01:01:48","slug":"size-seslenis-sen-olmeyi-bilir-misin","status":"publish","type":"product","link":"https:\/\/roveyayinevi.com.tr\/index.php\/urun\/size-seslenis-sen-olmeyi-bilir-misin\/","title":{"rendered":"Size Sesleni\u015f \u2013 Sen \u00d6lmeyi Bilir misin ?"},"content":{"rendered":"<p>Terler i\u00e7inde uyand\u0131m Kan vard\u0131 her yerimde Burukluk duyuluyor y\u00fcre\u011fimde Beni \u00f6ld\u00fcrd\u00fc\u011f\u00fcn\u00fc s\u00f6yleyemedim diye Ama \u015fimdi a\u011flayarak s\u00f6yl\u00fcyorum Sen \u00f6l\u00fcyordun&#8230; \u0130yi misin?<\/p>\n","protected":false},"excerpt":{"rendered":"<p>Terler i\u00e7inde uyand\u0131m Kan vard\u0131 her yerimde Burukluk duyuluyor y\u00fcre\u011fimde Beni \u00f6ld\u00fcrd\u00fc\u011f\u00fcn\u00fc s\u00f6yleyemedim diye Ama \u015fimdi a\u011flayarak s\u00f6yl\u00fcyorum Sen \u00f6l\u00fcyordun&#8230; \u0130yi misin?<\/p>\n","protected":false},"featured_media":0,"template":"","meta":{"_monsterinsights_skip_tracking":false,"_monsterinsights_sitenote_active":false,"_monsterinsights_sitenote_note":"","_monsterinsights_sitenote_category":0},"product_brand":[],"product_cat":[12291,12509],"product_tag":[],"class_list":{"0":"post-766026","1":"product","2":"type-product","3":"status-publish","5":"product_cat-edebiyat","6":"product_cat-siir","7":"pa_cilt-ciltsiz","8":"pa_tur-kitap","9":"pa_yayinevi-vova-yayinlari","10":"pa_yazar-fetullah-ozdemir-onurhan-taspinar","12":"first","13":"instock","14":"sale","15":"shipping-taxable","16":"purchasable","17":"product-type-simple"},"_links":{"self":[{"href":"https:\/\/roveyayinevi.com.tr\/index.php\/wp-json\/wp\/v2\/product\/766026","targetHints":{"allow":["GET"]}}],"collection":[{"href":"https:\/\/roveyayinevi.com.tr\/index.php\/wp-json\/wp\/v2\/product"}],"about":[{"href":"https:\/\/roveyayinevi.com.tr\/index.php\/wp-json\/wp\/v2\/types\/product"}],"wp:attachment":[{"href":"https:\/\/roveyayinevi.com.tr\/index.php\/wp-json\/wp\/v2\/media?parent=766026"}],"wp:term":[{"taxonomy":"product_brand","embeddable":true,"href":"https:\/\/roveyayinevi.com.tr\/index.php\/wp-json\/wp\/v2\/product_brand?post=766026"},{"taxonomy":"product_cat","embeddable":true,"href":"https:\/\/roveyayinevi.com.tr\/index.php\/wp-json\/wp\/v2\/product_cat?post=766026"},{"taxonomy":"product_tag","embeddable":true,"href":"https:\/\/roveyayinevi.com.tr\/index.php\/wp-json\/wp\/v2\/product_tag?post=766026"}],"curies":[{"name":"wp","href":"https:\/\/api.w.org\/{rel}","templated":true}]}}