{"id":766024,"date":"2025-08-28T11:59:43","date_gmt":"2025-08-28T08:59:43","guid":{"rendered":"https:\/\/roveyayinevi.com.tr\/index.php\/urun\/soyu-tukenmis-30-muhtesem-hayvan-fleksi-kapak\/"},"modified":"2026-04-15T03:31:42","modified_gmt":"2026-04-15T00:31:42","slug":"soyu-tukenmis-30-muhtesem-hayvan-fleksi-kapak","status":"publish","type":"product","link":"https:\/\/roveyayinevi.com.tr\/index.php\/urun\/soyu-tukenmis-30-muhtesem-hayvan-fleksi-kapak\/","title":{"rendered":"Soyu T\u00fckenmi\u015f 30 Muhte\u015fem Hayvan (Fleksi Kapak)"},"content":{"rendered":"<p>Yery\u00fcz\u00fcnde milyonlarca t\u00fcrde canl\u0131 ya\u015f\u0131yor. Ama bug\u00fcn ya\u015fayanlar asl\u0131nda ge\u00e7mi\u015f d\u00f6nemlerde ya\u015fam\u0131\u015f olan t\u00fcrlerin y\u00fczde biri bile de\u011fil&#8230; Bug\u00fcnk\u00fc canl\u0131lardan \u00e7ok daha fazlas\u0131 zaman t\u00fcnelinde kaybolup gitti.   Peki neden baz\u0131 canl\u0131 t\u00fcrleri varl\u0131klar\u0131n\u0131 s\u00fcrd\u00fcr\u00fcrken di\u011ferleri yokolur?   \u00d6ncelikle \u015funu bilmemiz gerek: Bu \u201cen g\u00fc\u00e7l\u00fcn\u00fcn ayakta kald\u0131\u011f\u0131\u201dbir yar\u0131\u015fma de\u011fildir, g\u00fcc\u00fcn bununla bir ilgisi yok&#8230; Bu \u201cen uyumlu\u201dolan\u0131n kazand\u0131\u011f\u0131 bir yar\u0131\u015fmad\u0131r. Bu yar\u0131\u015f\u0131 bazen en g\u00fc\u00e7l\u00fcler (mesela dinozorlar) kaybeder, bazen de en k\u00fc\u00e7\u00fck ve zay\u0131f g\u00f6r\u00fcnenler (mesela kemirgenler) kazanabilir.   Bu kitapta bir zamanlar yery\u00fcz\u00fcne korku salm\u0131\u015f nice \u201cmega\u201d hay-vanla tan\u0131\u015faca\u011f\u0131z. Arkalar\u0131nda b\u0131rakt\u0131klar\u0131 \u201chat\u0131ralar\u201d yani fosiller sayesinde bu gezegende ya\u015fam\u0131\u015f g\u00f6rkemli varl\u0131klar\u0131n \u00f6yk\u00fclerini \u00f6\u011frenirken onlar\u0131 bulan k\u00e2\u015fifleri de yak\u0131ndan tan\u0131yaca\u011f\u0131z.   Haz\u0131rsan\u0131z zamanda geriye (hem de \u00e7ok geriye) gidece\u011fimiz yolculu\u011fumuz ba\u015fl\u0131yor!<\/p>\n","protected":false},"excerpt":{"rendered":"<p>Yery\u00fcz\u00fcnde milyonlarca t\u00fcrde canl\u0131 ya\u015f\u0131yor. Ama bug\u00fcn ya\u015fayanlar asl\u0131nda ge\u00e7mi\u015f d\u00f6nemlerde ya\u015fam\u0131\u015f olan t\u00fcrlerin y\u00fczde biri bile de\u011fil&#8230; Bug\u00fcnk\u00fc canl\u0131lardan \u00e7ok daha fazlas\u0131 zaman t\u00fcnelinde kaybolup<span class=\"excerpt-hellip\"> [\u2026]<\/span><\/p>\n","protected":false},"featured_media":0,"template":"","meta":{"_monsterinsights_skip_tracking":false,"_monsterinsights_sitenote_active":false,"_monsterinsights_sitenote_note":"","_monsterinsights_sitenote_category":0},"product_brand":[],"product_cat":[13005,37328],"product_tag":[],"class_list":{"0":"post-766024","1":"product","2":"type-product","3":"status-publish","5":"product_cat-bilim-muhendislik","6":"product_cat-diger-bilim-muhendislik","7":"pa_cilt-ciltsiz","8":"pa_tur-kitap","9":"pa_yayinevi-epsilon-yayinlari","10":"pa_yazar-tore-sivrioglu","12":"first","13":"instock","14":"sale","15":"shipping-taxable","16":"purchasable","17":"product-type-simple"},"_links":{"self":[{"href":"https:\/\/roveyayinevi.com.tr\/index.php\/wp-json\/wp\/v2\/product\/766024","targetHints":{"allow":["GET"]}}],"collection":[{"href":"https:\/\/roveyayinevi.com.tr\/index.php\/wp-json\/wp\/v2\/product"}],"about":[{"href":"https:\/\/roveyayinevi.com.tr\/index.php\/wp-json\/wp\/v2\/types\/product"}],"wp:attachment":[{"href":"https:\/\/roveyayinevi.com.tr\/index.php\/wp-json\/wp\/v2\/media?parent=766024"}],"wp:term":[{"taxonomy":"product_brand","embeddable":true,"href":"https:\/\/roveyayinevi.com.tr\/index.php\/wp-json\/wp\/v2\/product_brand?post=766024"},{"taxonomy":"product_cat","embeddable":true,"href":"https:\/\/roveyayinevi.com.tr\/index.php\/wp-json\/wp\/v2\/product_cat?post=766024"},{"taxonomy":"product_tag","embeddable":true,"href":"https:\/\/roveyayinevi.com.tr\/index.php\/wp-json\/wp\/v2\/product_tag?post=766024"}],"curies":[{"name":"wp","href":"https:\/\/api.w.org\/{rel}","templated":true}]}}