{"id":766023,"date":"2025-08-28T11:59:42","date_gmt":"2025-08-28T08:59:42","guid":{"rendered":"https:\/\/roveyayinevi.com.tr\/index.php\/urun\/insancil-sol-felsefeilkeler-program\/"},"modified":"2026-01-30T04:01:48","modified_gmt":"2026-01-30T01:01:48","slug":"insancil-sol-felsefeilkeler-program","status":"publish","type":"product","link":"https:\/\/roveyayinevi.com.tr\/index.php\/urun\/insancil-sol-felsefeilkeler-program\/","title":{"rendered":"\u0130nsanc\u0131l Sol Felsefe,\u0130lkeler, Program"},"content":{"rendered":"<p>1998 y\u0131l\u0131ndan bu yana temellendirmeye \u00e7al\u0131\u015f\u0131lan insanc\u0131l sol anlay\u0131\u015f\u0131 \u00f6nceki siyasal yap\u0131lar\u0131n ve d\u00fc\u015f\u00fcn\u00fc\u015flerin t\u00fcm\u00fcnden ay\u0131ran \u00f6zelli\u011fi; insanc\u0131l sol&#8217;un, ulusal ve evrensel sesleni\u015finin bu topraklardan yank\u0131lanmakta ve \u00e7a\u011flamakta olu\u015fudur\u2026 \u0130nsanc\u0131l sol, T\u00fcrkiye&#8217;yi T\u00fcrkiye&#8217;den y\u00f6netmek, ulus-devletimizi g\u00fc\u00e7lendirmek, halk\u0131m\u0131z\u0131 refahta (g\u00f6nen\u00e7te) birle\u015ftirmek i\u00e7in kesintisiz demokrasi-s\u00f6m\u00fcr\u00fcs\u00fcz ekonomi temelinde  kalk\u0131nmay\u0131, geli\u015fmeyi, dayan\u0131\u015fmay\u0131 programla\u015ft\u0131rm\u0131\u015f bir anlay\u0131\u015ft\u0131r.   \u0130nsanc\u0131l Sol; \u00dcretim ve Yeniden \u0130n\u015fa- Yat\u0131r\u0131mc\u0131 sol 3. Yol halk sekt\u00f6r\u00fc \u2013 Giri\u015fimci sol Vergi ve gelir adaleti reformu- Al\u0131n-teri dostu sol Toprak Reformu- Reformcu sol Sanayi ve KOB\u0130 destek\u00e7ili\u011fi- \u00dcretimci sol Gen\u00e7lere i\u015f, emekliye insanca ya\u015fam- Sosyal Adalet\u00e7i sol Uluslararas\u0131nda kaynaklar\u0131n hak\u00e7a da\u011f\u0131l\u0131m\u0131- Evrensel sol Ulus-devletlerle geli\u015fme- k\u00fcresel yard\u0131mla\u015fma- Dayan\u0131\u015fmac\u0131 sol   \u0130lkeleriyle, halk\u0131m\u0131zla birlikte T\u00fcrkiye\u2019nin g\u00fczel gelece\u011fine y\u00fcr\u00fcmenin ad\u0131, and\u0131 ve adanm\u0131\u015fl\u0131\u011f\u0131d\u0131r&#8230; <\/p>\n","protected":false},"excerpt":{"rendered":"<p>1998 y\u0131l\u0131ndan bu yana temellendirmeye \u00e7al\u0131\u015f\u0131lan insanc\u0131l sol anlay\u0131\u015f\u0131 \u00f6nceki siyasal yap\u0131lar\u0131n ve d\u00fc\u015f\u00fcn\u00fc\u015flerin t\u00fcm\u00fcnden ay\u0131ran \u00f6zelli\u011fi; insanc\u0131l sol&#8217;un, ulusal ve evrensel sesleni\u015finin bu topraklardan yank\u0131lanmakta<span class=\"excerpt-hellip\"> [\u2026]<\/span><\/p>\n","protected":false},"featured_media":0,"template":"","meta":{"_monsterinsights_skip_tracking":false,"_monsterinsights_sitenote_active":false,"_monsterinsights_sitenote_note":"","_monsterinsights_sitenote_category":0},"product_brand":[],"product_cat":[12337],"product_tag":[],"class_list":{"0":"post-766023","1":"product","2":"type-product","3":"status-publish","5":"product_cat-politika-siyaset","6":"pa_cilt-ciltsiz","7":"pa_tur-kitap","8":"pa_yayinevi-vova-yayinlari","9":"pa_yazar-r-bulend-kirmaci","11":"first","12":"instock","13":"sale","14":"shipping-taxable","15":"purchasable","16":"product-type-simple"},"_links":{"self":[{"href":"https:\/\/roveyayinevi.com.tr\/index.php\/wp-json\/wp\/v2\/product\/766023","targetHints":{"allow":["GET"]}}],"collection":[{"href":"https:\/\/roveyayinevi.com.tr\/index.php\/wp-json\/wp\/v2\/product"}],"about":[{"href":"https:\/\/roveyayinevi.com.tr\/index.php\/wp-json\/wp\/v2\/types\/product"}],"wp:attachment":[{"href":"https:\/\/roveyayinevi.com.tr\/index.php\/wp-json\/wp\/v2\/media?parent=766023"}],"wp:term":[{"taxonomy":"product_brand","embeddable":true,"href":"https:\/\/roveyayinevi.com.tr\/index.php\/wp-json\/wp\/v2\/product_brand?post=766023"},{"taxonomy":"product_cat","embeddable":true,"href":"https:\/\/roveyayinevi.com.tr\/index.php\/wp-json\/wp\/v2\/product_cat?post=766023"},{"taxonomy":"product_tag","embeddable":true,"href":"https:\/\/roveyayinevi.com.tr\/index.php\/wp-json\/wp\/v2\/product_tag?post=766023"}],"curies":[{"name":"wp","href":"https:\/\/api.w.org\/{rel}","templated":true}]}}