{"id":766022,"date":"2025-08-28T11:59:40","date_gmt":"2025-08-28T08:59:40","guid":{"rendered":"https:\/\/roveyayinevi.com.tr\/index.php\/urun\/cizgilerle-kediler-2025-masa-takvimi\/"},"modified":"2026-04-15T03:31:42","modified_gmt":"2026-04-15T00:31:42","slug":"cizgilerle-kediler-2025-masa-takvimi","status":"publish","type":"product","link":"https:\/\/roveyayinevi.com.tr\/index.php\/urun\/cizgilerle-kediler-2025-masa-takvimi\/","title":{"rendered":"\u00c7izgilerle Kediler 2025 Masa Takvimi"},"content":{"rendered":"<p>Giller\u00ae\u2019in yarat\u0131c\u0131s\u0131 Halim Yal\u00e7\u0131n\u2019dan, kedi ill\u00fcstrasyonlar\u0131yla haz\u0131rlanm\u0131\u015f 2025 masa takvimi 2025 \u00c7izgilerle Kedi Masa Takvimi\u2019nde kedi ill\u00fcstrasyonlar\u0131ndan olu\u015fan keyifli bir koleksiyonla zaman\u0131n tad\u0131n\u0131 \u00e7\u0131kar\u0131n. Bu takvim, kedi severler ve sanat merakl\u0131lar\u0131 i\u00e7in masalar\u0131n \u00fcst\u00fcne \u00e7ekicilik katacak.<\/p>\n","protected":false},"excerpt":{"rendered":"<p>Giller\u00ae\u2019in yarat\u0131c\u0131s\u0131 Halim Yal\u00e7\u0131n\u2019dan, kedi ill\u00fcstrasyonlar\u0131yla haz\u0131rlanm\u0131\u015f 2025 masa takvimi 2025 \u00c7izgilerle Kedi Masa Takvimi\u2019nde kedi ill\u00fcstrasyonlar\u0131ndan olu\u015fan keyifli bir koleksiyonla zaman\u0131n tad\u0131n\u0131 \u00e7\u0131kar\u0131n. Bu takvim,<span class=\"excerpt-hellip\"> [\u2026]<\/span><\/p>\n","protected":false},"featured_media":0,"template":"","meta":{"_monsterinsights_skip_tracking":false,"_monsterinsights_sitenote_active":false,"_monsterinsights_sitenote_note":"","_monsterinsights_sitenote_category":0},"product_brand":[],"product_cat":[28265,15563],"product_tag":[],"class_list":{"0":"post-766022","1":"product","2":"type-product","3":"status-publish","5":"product_cat-diger-hobi","6":"product_cat-hobi","7":"pa_cilt-ciltsiz","8":"pa_tur-kitap20","9":"pa_yayinevi-remzi-kitabevi","10":"pa_yazar-kolektif","12":"first","13":"instock","14":"sale","15":"shipping-taxable","16":"purchasable","17":"product-type-simple"},"_links":{"self":[{"href":"https:\/\/roveyayinevi.com.tr\/index.php\/wp-json\/wp\/v2\/product\/766022","targetHints":{"allow":["GET"]}}],"collection":[{"href":"https:\/\/roveyayinevi.com.tr\/index.php\/wp-json\/wp\/v2\/product"}],"about":[{"href":"https:\/\/roveyayinevi.com.tr\/index.php\/wp-json\/wp\/v2\/types\/product"}],"wp:attachment":[{"href":"https:\/\/roveyayinevi.com.tr\/index.php\/wp-json\/wp\/v2\/media?parent=766022"}],"wp:term":[{"taxonomy":"product_brand","embeddable":true,"href":"https:\/\/roveyayinevi.com.tr\/index.php\/wp-json\/wp\/v2\/product_brand?post=766022"},{"taxonomy":"product_cat","embeddable":true,"href":"https:\/\/roveyayinevi.com.tr\/index.php\/wp-json\/wp\/v2\/product_cat?post=766022"},{"taxonomy":"product_tag","embeddable":true,"href":"https:\/\/roveyayinevi.com.tr\/index.php\/wp-json\/wp\/v2\/product_tag?post=766022"}],"curies":[{"name":"wp","href":"https:\/\/api.w.org\/{rel}","templated":true}]}}