{"id":766015,"date":"2025-08-28T11:59:28","date_gmt":"2025-08-28T08:59:28","guid":{"rendered":"https:\/\/roveyayinevi.com.tr\/index.php\/urun\/guclu-kizlar-yanlislarini-duzeltir\/"},"modified":"2026-04-15T03:31:41","modified_gmt":"2026-04-15T00:31:41","slug":"guclu-kizlar-yanlislarini-duzeltir","status":"publish","type":"product","link":"https:\/\/roveyayinevi.com.tr\/index.php\/urun\/guclu-kizlar-yanlislarini-duzeltir\/","title":{"rendered":"G\u00fc\u00e7l\u00fc K\u0131zlar Yanl\u0131\u015flar\u0131n\u0131 D\u00fczeltir"},"content":{"rendered":"<p>Maya, kendine \u00e7ok g\u00fcvenen pop\u00fcler bir k\u0131zd\u0131r\u2026 Bazen s\u0131rf e\u011flenmek i\u00e7in okuldaki arkada\u015flar\u0131na kaba davran\u0131r, lakaplar tak\u0131p onlar\u0131 k\u00fc\u00e7\u00fck d\u00fc\u015f\u00fcr\u00fcr. Ama bir g\u00fcn her \u015fey tersine d\u00f6ner ve Maya akran zorbal\u0131\u011f\u0131n\u0131n hedefi olur\u2026 G\u00fc\u00e7l\u00fc g\u00f6r\u00fcnmek i\u00e7in ba\u015fkalar\u0131na k\u00f6t\u00fc davranman\u0131n ne kadar yanl\u0131\u015f oldu\u011funu anlayan Maya, pi\u015fman olur ve bu olaydan \u00e7\u0131kard\u0131\u011f\u0131 dersi herkese \u00f6\u011fretmeye karar verir\u2026 Ne de olsa g\u00fc\u00e7l\u00fc k\u0131zlar hatas\u0131ndan ders al\u0131r! <\/p>\n","protected":false},"excerpt":{"rendered":"<p>Maya, kendine \u00e7ok g\u00fcvenen pop\u00fcler bir k\u0131zd\u0131r\u2026 Bazen s\u0131rf e\u011flenmek i\u00e7in okuldaki arkada\u015flar\u0131na kaba davran\u0131r, lakaplar tak\u0131p onlar\u0131 k\u00fc\u00e7\u00fck d\u00fc\u015f\u00fcr\u00fcr. Ama bir g\u00fcn her \u015fey tersine<span class=\"excerpt-hellip\"> [\u2026]<\/span><\/p>\n","protected":false},"featured_media":0,"template":"","meta":{"_monsterinsights_skip_tracking":false,"_monsterinsights_sitenote_active":false,"_monsterinsights_sitenote_note":"","_monsterinsights_sitenote_category":0},"product_brand":[],"product_cat":[12274,12284],"product_tag":[],"class_list":{"0":"post-766015","1":"product","2":"type-product","3":"status-publish","5":"product_cat-cocuk-ve-genclik-kitaplari","6":"product_cat-hikayeler","7":"pa_cilt-ciltsiz","8":"pa_tur-kitap","9":"pa_yayinevi-1001-cicek-kitaplar","10":"pa_yazar-jennifer-moore-mallions","12":"first","13":"instock","14":"sale","15":"shipping-taxable","16":"purchasable","17":"product-type-simple"},"_links":{"self":[{"href":"https:\/\/roveyayinevi.com.tr\/index.php\/wp-json\/wp\/v2\/product\/766015","targetHints":{"allow":["GET"]}}],"collection":[{"href":"https:\/\/roveyayinevi.com.tr\/index.php\/wp-json\/wp\/v2\/product"}],"about":[{"href":"https:\/\/roveyayinevi.com.tr\/index.php\/wp-json\/wp\/v2\/types\/product"}],"wp:attachment":[{"href":"https:\/\/roveyayinevi.com.tr\/index.php\/wp-json\/wp\/v2\/media?parent=766015"}],"wp:term":[{"taxonomy":"product_brand","embeddable":true,"href":"https:\/\/roveyayinevi.com.tr\/index.php\/wp-json\/wp\/v2\/product_brand?post=766015"},{"taxonomy":"product_cat","embeddable":true,"href":"https:\/\/roveyayinevi.com.tr\/index.php\/wp-json\/wp\/v2\/product_cat?post=766015"},{"taxonomy":"product_tag","embeddable":true,"href":"https:\/\/roveyayinevi.com.tr\/index.php\/wp-json\/wp\/v2\/product_tag?post=766015"}],"curies":[{"name":"wp","href":"https:\/\/api.w.org\/{rel}","templated":true}]}}