{"id":766014,"date":"2025-08-28T11:59:26","date_gmt":"2025-08-28T08:59:26","guid":{"rendered":"https:\/\/roveyayinevi.com.tr\/index.php\/urun\/arkadas-arayan-bobo-arkadaslik-hikayeleri\/"},"modified":"2026-04-15T03:31:41","modified_gmt":"2026-04-15T00:31:41","slug":"arkadas-arayan-bobo-arkadaslik-hikayeleri","status":"publish","type":"product","link":"https:\/\/roveyayinevi.com.tr\/index.php\/urun\/arkadas-arayan-bobo-arkadaslik-hikayeleri\/","title":{"rendered":"Arkada\u015f Arayan Bobo \u2013 Arkada\u015fl\u0131k Hikayeleri"},"content":{"rendered":"<p>K\u00fc\u00e7\u00fck B\u00f6cek Bobo\u2019nun hi\u00e7 arkada\u015f\u0131 yok ve birlikte e\u011flenebilece\u011fi bir arkada\u015f\u0131 olsun istiyor. Ama arkada\u015f bulmak bekledi\u011finden daha zor\u2026 Bu e\u011flenceli resimli kitapta Bobo\u2019nun arkada\u015f aray\u0131\u015f\u0131na siz de kat\u0131l\u0131n. <\/p>\n","protected":false},"excerpt":{"rendered":"<p>K\u00fc\u00e7\u00fck B\u00f6cek Bobo\u2019nun hi\u00e7 arkada\u015f\u0131 yok ve birlikte e\u011flenebilece\u011fi bir arkada\u015f\u0131 olsun istiyor. Ama arkada\u015f bulmak bekledi\u011finden daha zor\u2026 Bu e\u011flenceli resimli kitapta Bobo\u2019nun arkada\u015f aray\u0131\u015f\u0131na<span class=\"excerpt-hellip\"> [\u2026]<\/span><\/p>\n","protected":false},"featured_media":0,"template":"","meta":{"_monsterinsights_skip_tracking":false,"_monsterinsights_sitenote_active":false,"_monsterinsights_sitenote_note":"","_monsterinsights_sitenote_category":0},"product_brand":[],"product_cat":[12274,12284],"product_tag":[],"class_list":{"0":"post-766014","1":"product","2":"type-product","3":"status-publish","5":"product_cat-cocuk-ve-genclik-kitaplari","6":"product_cat-hikayeler","7":"pa_cilt-ciltsiz","8":"pa_tur-kitap","9":"pa_yayinevi-1001-cicek-kitaplar","10":"pa_yazar-russell-punter","12":"first","13":"instock","14":"sale","15":"shipping-taxable","16":"purchasable","17":"product-type-simple"},"_links":{"self":[{"href":"https:\/\/roveyayinevi.com.tr\/index.php\/wp-json\/wp\/v2\/product\/766014","targetHints":{"allow":["GET"]}}],"collection":[{"href":"https:\/\/roveyayinevi.com.tr\/index.php\/wp-json\/wp\/v2\/product"}],"about":[{"href":"https:\/\/roveyayinevi.com.tr\/index.php\/wp-json\/wp\/v2\/types\/product"}],"wp:attachment":[{"href":"https:\/\/roveyayinevi.com.tr\/index.php\/wp-json\/wp\/v2\/media?parent=766014"}],"wp:term":[{"taxonomy":"product_brand","embeddable":true,"href":"https:\/\/roveyayinevi.com.tr\/index.php\/wp-json\/wp\/v2\/product_brand?post=766014"},{"taxonomy":"product_cat","embeddable":true,"href":"https:\/\/roveyayinevi.com.tr\/index.php\/wp-json\/wp\/v2\/product_cat?post=766014"},{"taxonomy":"product_tag","embeddable":true,"href":"https:\/\/roveyayinevi.com.tr\/index.php\/wp-json\/wp\/v2\/product_tag?post=766014"}],"curies":[{"name":"wp","href":"https:\/\/api.w.org\/{rel}","templated":true}]}}