{"id":766011,"date":"2025-08-28T11:59:21","date_gmt":"2025-08-28T08:59:21","guid":{"rendered":"https:\/\/roveyayinevi.com.tr\/index.php\/urun\/acemi-bilgenin-yolculugu\/"},"modified":"2026-04-15T03:31:41","modified_gmt":"2026-04-15T00:31:41","slug":"acemi-bilgenin-yolculugu","status":"publish","type":"product","link":"https:\/\/roveyayinevi.com.tr\/index.php\/urun\/acemi-bilgenin-yolculugu\/","title":{"rendered":"Acemi Bilge\u2019nin Yolculu\u011fu"},"content":{"rendered":"<p>A\u015fk, bizi hem \u00f6zg\u00fcrle\u015ftirir hem de s\u0131navlara tabi tutar. Ama her durumda ger\u00e7ek \u00f6zg\u00fcrl\u00fck, sevginin cesaretindedir. Bu b\u00fcy\u00fcleyici hik\u00e2ye, sadece bir a\u015fk hik\u00e2yesi de\u011fil, ayn\u0131 zamanda i\u00e7sel bir d\u00f6n\u00fc\u015f\u00fcm\u00fcn ve \u00f6zg\u00fcrl\u00fc\u011fe giden yolun anlat\u0131s\u0131d\u0131r. Ravi ve Devanshi\u2019nin, Suraj ve Muskaan\u2019\u0131n a\u015fklar\u0131n\u0131n hik\u00e2yesi sizi kendi ruhsal yolculu\u011funuzda ad\u0131m atmaya cesaretlendirecek, ruhunuzun derinliklerine do\u011fru bir ke\u015ffe \u00e7\u0131kacaks\u0131n\u0131z. Hint motifleriyle \u00f6r\u00fcl\u00fc bir arka plan ve felsefi bir derinlikle zenginle\u015fen bu hik\u00e2ye zamans\u0131z mek\u00e2ns\u0131zd\u0131r, dolay\u0131s\u0131yla ayn\u0131 anda t\u00fcm zamanlara ve mek\u00e2nlara aittir. Suraj\u2019\u0131n en b\u00fcy\u00fck hayali, g\u00fcn\u00fcn birinde bir \u2018bilge\u2019 olabilmektir. Bu ama\u00e7la yan\u0131p tutu\u015furken idol\u00fc olan Buddha\u2019n\u0131n yak\u0131ndaki bir k\u00f6y\u00fc ziyaret etti\u011fini \u00f6\u011frenir \u00f6\u011frenmez solu\u011fu yan\u0131nda al\u0131r. Ama onun verebilecekleri Suraj i\u00e7in, Suraj\u2019\u0131n bilgelikle ilgili motivasyonu ise Buddha i\u00e7in yetersizdir. Buna ra\u011fmen bir acemi bilge olarak yola \u00e7\u0131kmaya cesareti vard\u0131r. Bu zorlu yolculukta ona e\u015flik ederken kadim bilgelik ve a\u015fk\u0131n evrensel g\u00fcc\u00fcne tan\u0131k olacak ve kendi ruhsal d\u00fcnyan\u0131zla ilgili sorular\u0131n\u0131za da yan\u0131tlar bulacaks\u0131n\u0131z. Bet\u00fcl Varol okuru kast sisteminin kat\u0131 kurallar\u0131yla \u00f6r\u00fclm\u00fc\u015f bir d\u00fcnyaya g\u00f6t\u00fcr\u00fcrken ayn\u0131 zamanda her birimizin i\u00e7indeki \u2018bilge\u2019yi uyand\u0131ran sorular soruyor. Siz de kendi sorular\u0131n\u0131z\u0131n yan\u0131tlar\u0131n\u0131 bulmaya haz\u0131r m\u0131s\u0131n\u0131z?<\/p>\n","protected":false},"excerpt":{"rendered":"<p>A\u015fk, bizi hem \u00f6zg\u00fcrle\u015ftirir hem de s\u0131navlara tabi tutar. Ama her durumda ger\u00e7ek \u00f6zg\u00fcrl\u00fck, sevginin cesaretindedir. Bu b\u00fcy\u00fcleyici hik\u00e2ye, sadece bir a\u015fk hik\u00e2yesi de\u011fil, ayn\u0131 zamanda<span class=\"excerpt-hellip\"> [\u2026]<\/span><\/p>\n","protected":false},"featured_media":0,"template":"","meta":{"_monsterinsights_skip_tracking":false,"_monsterinsights_sitenote_active":false,"_monsterinsights_sitenote_note":"","_monsterinsights_sitenote_category":0},"product_brand":[],"product_cat":[12364,12376],"product_tag":[],"class_list":{"0":"post-766011","1":"product","2":"type-product","3":"status-publish","5":"product_cat-genel-konular","6":"product_cat-kisisel-gelisim","7":"pa_cilt-ciltsiz","8":"pa_tur-kitap","9":"pa_yayinevi-otesi-yayincilik","10":"pa_yazar-betul-varol","12":"first","13":"instock","14":"sale","15":"shipping-taxable","16":"purchasable","17":"product-type-simple"},"_links":{"self":[{"href":"https:\/\/roveyayinevi.com.tr\/index.php\/wp-json\/wp\/v2\/product\/766011","targetHints":{"allow":["GET"]}}],"collection":[{"href":"https:\/\/roveyayinevi.com.tr\/index.php\/wp-json\/wp\/v2\/product"}],"about":[{"href":"https:\/\/roveyayinevi.com.tr\/index.php\/wp-json\/wp\/v2\/types\/product"}],"wp:attachment":[{"href":"https:\/\/roveyayinevi.com.tr\/index.php\/wp-json\/wp\/v2\/media?parent=766011"}],"wp:term":[{"taxonomy":"product_brand","embeddable":true,"href":"https:\/\/roveyayinevi.com.tr\/index.php\/wp-json\/wp\/v2\/product_brand?post=766011"},{"taxonomy":"product_cat","embeddable":true,"href":"https:\/\/roveyayinevi.com.tr\/index.php\/wp-json\/wp\/v2\/product_cat?post=766011"},{"taxonomy":"product_tag","embeddable":true,"href":"https:\/\/roveyayinevi.com.tr\/index.php\/wp-json\/wp\/v2\/product_tag?post=766011"}],"curies":[{"name":"wp","href":"https:\/\/api.w.org\/{rel}","templated":true}]}}