{"id":766009,"date":"2025-08-28T11:59:17","date_gmt":"2025-08-28T08:59:17","guid":{"rendered":"https:\/\/roveyayinevi.com.tr\/index.php\/urun\/nehrin-kayboldugu-gun\/"},"modified":"2026-04-15T03:31:41","modified_gmt":"2026-04-15T00:31:41","slug":"nehrin-kayboldugu-gun","status":"publish","type":"product","link":"https:\/\/roveyayinevi.com.tr\/index.php\/urun\/nehrin-kayboldugu-gun\/","title":{"rendered":"Nehrin Kayboldu\u011fu G\u00fcn"},"content":{"rendered":"<p>Gizemlerle dolu k\u00fc\u00e7\u00fck bir kasaba ve ortadan kaybolan bir nehir&#8230; Behram, Amber ve N\u00e2ru  i\u00e7in s\u0131radan bir g\u00fcn, ola\u011fan\u00fcst\u00fc bir maceraya d\u00f6n\u00fc\u015fmek \u00fczere!Kasaban\u0131n hayat\u0131nda \u00f6nemli bir yere sahip olan nehir, bir g\u00fcn ans\u0131z\u0131n kaybolur. \u00dc\u00e7 cesur arkada\u015f, bu esrarengiz olay\u0131 \u00e7\u00f6zmeye kararl\u0131d\u0131r. Nehrin izini s\u00fcrerken, kasaban\u0131n s\u0131rlar\u0131n\u0131, do\u011fan\u0131n b\u00fcy\u00fcs\u00fcn\u00fc ve kendi i\u00e7 d\u00fcnyalar\u0131n\u0131 ke\u015ffedecekleri bir yolculu\u011fa \u00e7\u0131karlar.Yolculuklar\u0131 boyunca, do\u011fan\u0131n seslerini dinlemeyi, kalplerinin rehberli\u011fine g\u00fcvenmeyi \u00f6\u011frenirler. Her durakta, tabiat\u0131n sundu\u011fu ipu\u00e7lar\u0131n\u0131 birle\u015ftirerek nehrin kaybolmas\u0131n\u0131n ard\u0131ndaki b\u00fcy\u00fck s\u0131rr\u0131 \u00e7\u00f6zmeye \u00e7al\u0131\u015f\u0131rlar. Maden sahas\u0131nda ge\u00e7en dayan\u0131\u015fma ve d\u00f6n\u00fc\u015f\u00fcm dolu anlar, kasaban\u0131n \u00e7ocuklar\u0131na birlikte hareket etmenin g\u00fcc\u00fcn\u00fc g\u00f6sterir.Nehrin Kayboldu\u011fu G\u00fcn, do\u011fan\u0131n mucizeleri, arkada\u015fl\u0131k ve cesaret \u00fczerine etkileyici bir hik\u00e2ye sunuyor. Edebi dili ve zengin anlat\u0131m\u0131yla okurlar\u0131n\u0131 b\u00fcy\u00fclemeyi ba\u015faran Z\u00fcleyha Ersing\u00fcn&#8217;\u00fcn kaleminden \u00e7\u0131kan bu eser, \u00e7ocuklar\u0131n hayal d\u00fcnyas\u0131n\u0131 zenginle\u015ftirirken, do\u011fa ile ya\u015fama dair derin bir sevgi ve sayg\u0131 a\u015f\u0131l\u0131yor. Hem \u00e7ocuklar\u0131n hem de yeti\u015fkinlerin kalbinde iz b\u0131rakacak bir macera sizi bekliyor. <\/p>\n","protected":false},"excerpt":{"rendered":"<p>Gizemlerle dolu k\u00fc\u00e7\u00fck bir kasaba ve ortadan kaybolan bir nehir&#8230; Behram, Amber ve N\u00e2ru i\u00e7in s\u0131radan bir g\u00fcn, ola\u011fan\u00fcst\u00fc bir maceraya d\u00f6n\u00fc\u015fmek \u00fczere!Kasaban\u0131n hayat\u0131nda \u00f6nemli bir<span class=\"excerpt-hellip\"> [\u2026]<\/span><\/p>\n","protected":false},"featured_media":0,"template":"","meta":{"_monsterinsights_skip_tracking":false,"_monsterinsights_sitenote_active":false,"_monsterinsights_sitenote_note":"","_monsterinsights_sitenote_category":0},"product_brand":[],"product_cat":[12291,12711],"product_tag":[],"class_list":{"0":"post-766009","1":"product","2":"type-product","3":"status-publish","5":"product_cat-edebiyat","6":"product_cat-roman-oyku","7":"pa_cilt-ciltsiz","8":"pa_tur-kitap","9":"pa_yayinevi-fom-kitap","10":"pa_yazar-zuleyha-ersingun","12":"first","13":"instock","14":"sale","15":"shipping-taxable","16":"purchasable","17":"product-type-simple"},"_links":{"self":[{"href":"https:\/\/roveyayinevi.com.tr\/index.php\/wp-json\/wp\/v2\/product\/766009","targetHints":{"allow":["GET"]}}],"collection":[{"href":"https:\/\/roveyayinevi.com.tr\/index.php\/wp-json\/wp\/v2\/product"}],"about":[{"href":"https:\/\/roveyayinevi.com.tr\/index.php\/wp-json\/wp\/v2\/types\/product"}],"wp:attachment":[{"href":"https:\/\/roveyayinevi.com.tr\/index.php\/wp-json\/wp\/v2\/media?parent=766009"}],"wp:term":[{"taxonomy":"product_brand","embeddable":true,"href":"https:\/\/roveyayinevi.com.tr\/index.php\/wp-json\/wp\/v2\/product_brand?post=766009"},{"taxonomy":"product_cat","embeddable":true,"href":"https:\/\/roveyayinevi.com.tr\/index.php\/wp-json\/wp\/v2\/product_cat?post=766009"},{"taxonomy":"product_tag","embeddable":true,"href":"https:\/\/roveyayinevi.com.tr\/index.php\/wp-json\/wp\/v2\/product_tag?post=766009"}],"curies":[{"name":"wp","href":"https:\/\/api.w.org\/{rel}","templated":true}]}}