{"id":766008,"date":"2025-08-28T11:59:14","date_gmt":"2025-08-28T08:59:14","guid":{"rendered":"https:\/\/roveyayinevi.com.tr\/index.php\/urun\/kotu-yorum\/"},"modified":"2026-04-15T03:31:41","modified_gmt":"2026-04-15T00:31:41","slug":"kotu-yorum","status":"publish","type":"product","link":"https:\/\/roveyayinevi.com.tr\/index.php\/urun\/kotu-yorum\/","title":{"rendered":"K\u00f6t\u00fc Yorum"},"content":{"rendered":"<p>SADECE BE\u011eENMED\u0130\u011e\u0130 B\u0130R C\u0130NAYET K\u0130TABINA K\u00d6T\u00dc B\u0130R YORUM YAZMI\u015eTI AMA YAZARIN TEPK\u0130S\u0130 O KADAR HAF\u0130F OLMAYACAKTI Hayat\u0131n ger\u00e7eklerine daha fazla dayanamayan Emma Carpenter, evinden ayr\u0131lm\u0131\u015f ve golden retriever cinsi k\u00f6pe\u011fi Laika\u2019yla beraber \u00fccra bir kasabadaki eski bir sahil evine g\u00f6z kulak olmaya ba\u015flam\u0131\u015ft\u0131. Art\u0131k esrarengiz kom\u015fusu Deek\u2019le Adam Asmaca oynamak d\u0131\u015f\u0131nda kimseyle ileti\u015fim kurmuyordu.   G\u00fcnlerini ucuz romanlar okuyarak ge\u00e7iriyordu ama Cinayet Da\u011f\u0131 a\u00e7\u0131k ara en k\u00f6t\u00fcs\u00fcyd\u00fc. Emma, kli\u015felerle dolu bu kitaba ac\u0131mas\u0131z bir yorum yapmadan edemedi. Kitab\u0131n yazar\u0131 H. G. Kane\u2019in bu kadar al\u0131naca\u011f\u0131ysa akl\u0131n\u0131n ucundan bile ge\u00e7mezdi.   Yorumunun payla\u015f\u0131lmas\u0131ndan k\u0131sa bir s\u00fcre sonra evinde meydana gelen olaylar onu iyiden iyiye tedirgin etmeye ba\u015flad\u0131. Uyurken bir siluet onu izliyor, birileri k\u00f6pe\u011fiyle u\u011fra\u015f\u0131yor ve tek ba\u015f\u0131na \u00e7\u0131kt\u0131\u011f\u0131 y\u00fcr\u00fcy\u00fc\u015flerde ikinci bir ayak iziyle kar\u015f\u0131la\u015f\u0131yordu. T\u00fcm bunlar internet \u00fczerinde yap\u0131lan s\u0131radan bir tart\u0131\u015fma y\u00fcz\u00fcnden ya\u015fan\u0131yor olamazd\u0131, de\u011fil mi?     \u201cMuazzam bir psikolojik gerilim\u2026 Heyecan gitgide y\u00fckselirken ola\u011fan\u00fcst\u00fc ters k\u00f6\u015feler bir yandan mevcut beklentileri yerle bir edip bir yandan da yepyeni ihtimallerin kap\u0131s\u0131n\u0131 aral\u0131yor\u2026\u201d  \u2013 Publishers Weekly (starred review) <\/p>\n","protected":false},"excerpt":{"rendered":"<p>SADECE BE\u011eENMED\u0130\u011e\u0130 B\u0130R C\u0130NAYET K\u0130TABINA K\u00d6T\u00dc B\u0130R YORUM YAZMI\u015eTI AMA YAZARIN TEPK\u0130S\u0130 O KADAR HAF\u0130F OLMAYACAKTI Hayat\u0131n ger\u00e7eklerine daha fazla dayanamayan Emma Carpenter, evinden ayr\u0131lm\u0131\u015f ve<span class=\"excerpt-hellip\"> [\u2026]<\/span><\/p>\n","protected":false},"featured_media":0,"template":"","meta":{"_monsterinsights_skip_tracking":false,"_monsterinsights_sitenote_active":false,"_monsterinsights_sitenote_note":"","_monsterinsights_sitenote_category":0},"product_brand":[],"product_cat":[12291,12711],"product_tag":[],"class_list":{"0":"post-766008","1":"product","2":"type-product","3":"status-publish","5":"product_cat-edebiyat","6":"product_cat-roman-oyku","7":"pa_cilt-ciltsiz","8":"pa_tur-kitap","9":"pa_yayinevi-nox-yayinlari","10":"pa_yazar-taylor-adams","12":"first","13":"instock","14":"sale","15":"shipping-taxable","16":"purchasable","17":"product-type-simple"},"_links":{"self":[{"href":"https:\/\/roveyayinevi.com.tr\/index.php\/wp-json\/wp\/v2\/product\/766008","targetHints":{"allow":["GET"]}}],"collection":[{"href":"https:\/\/roveyayinevi.com.tr\/index.php\/wp-json\/wp\/v2\/product"}],"about":[{"href":"https:\/\/roveyayinevi.com.tr\/index.php\/wp-json\/wp\/v2\/types\/product"}],"wp:attachment":[{"href":"https:\/\/roveyayinevi.com.tr\/index.php\/wp-json\/wp\/v2\/media?parent=766008"}],"wp:term":[{"taxonomy":"product_brand","embeddable":true,"href":"https:\/\/roveyayinevi.com.tr\/index.php\/wp-json\/wp\/v2\/product_brand?post=766008"},{"taxonomy":"product_cat","embeddable":true,"href":"https:\/\/roveyayinevi.com.tr\/index.php\/wp-json\/wp\/v2\/product_cat?post=766008"},{"taxonomy":"product_tag","embeddable":true,"href":"https:\/\/roveyayinevi.com.tr\/index.php\/wp-json\/wp\/v2\/product_tag?post=766008"}],"curies":[{"name":"wp","href":"https:\/\/api.w.org\/{rel}","templated":true}]}}