{"id":766007,"date":"2025-08-28T11:59:13","date_gmt":"2025-08-28T08:59:13","guid":{"rendered":"https:\/\/roveyayinevi.com.tr\/index.php\/urun\/kisa-turkiye-tarihi-2\/"},"modified":"2026-04-15T03:31:41","modified_gmt":"2026-04-15T00:31:41","slug":"kisa-turkiye-tarihi-2","status":"publish","type":"product","link":"https:\/\/roveyayinevi.com.tr\/index.php\/urun\/kisa-turkiye-tarihi-2\/","title":{"rendered":"K\u0131sa Tu\u0308rkiye Tarihi"},"content":{"rendered":"<p>KISA T\u00dcRK\u0130YE TAR\u0130H\u0130 T\u00fcrkiye 1923 y\u0131l\u0131nda cumhuriyetin kurulmas\u0131n\u0131n ard\u0131ndan yaln\u0131zca birka\u00e7 ku\u015fak i\u00e7inde b\u00f6lgenin en kalabal\u0131k ve ekonomik a\u00e7\u0131dan en g\u00fc\u00e7l\u00fc devleti haline geldi. Klaus Kreiser bir yandan T\u00fcrkiye\u2019nin siyasi, sosyal, ekonomik ve k\u00fclt\u00fcrel geli\u015fimini anlat\u0131rken bir yandan da K\u0131br\u0131s sorunu, az\u0131nl\u0131klar ve dinin kamusal rol\u00fc gibi \u00fclkenin Avrupal\u0131 kom\u015fular\u0131n\u0131 endi\u015felendirmeye devam eden i\u00e7 ve d\u0131\u015f politika gerilimlerini ayr\u0131nt\u0131l\u0131 bir \u015fekilde g\u00f6zler \u00f6n\u00fcne seriyor. Bu kitapta, T\u00fcrkiye\u2019nin ve insanlar\u0131n\u0131n 1920\u2019den g\u00fcn\u00fcm\u00fcze dek izledi\u011fi yolu anlatmaya \u00e7al\u0131\u015ft\u0131m. Bat\u0131 ittifak sistemlerine entegrasyon, \u0130slamiyet\u2019in rol\u00fc ya da K\u00fcrt sorunu gibi temel konular\u0131 g\u00f6z ard\u0131 etmeksizin, k\u0131rsal kesimin kalk\u0131nmas\u0131, Do\u011fu-Bat\u0131 aras\u0131ndaki seviye fark\u0131 ve e\u011fitim sistemi gibi bir\u00e7ok ara\u015ft\u0131rmada yeteri kadar de\u011finilmeyen, eksik kalan konulara y\u00f6neldim. Gelece\u011fe dair \u201ctahminlerin\u201d, tarihsel bir anlat\u0131da yeri olmayaca\u011f\u0131 gibi \u00f6vg\u00fc ve serzeni\u015fin de yeri yoktur. <\/p>\n","protected":false},"excerpt":{"rendered":"<p>KISA T\u00dcRK\u0130YE TAR\u0130H\u0130 T\u00fcrkiye 1923 y\u0131l\u0131nda cumhuriyetin kurulmas\u0131n\u0131n ard\u0131ndan yaln\u0131zca birka\u00e7 ku\u015fak i\u00e7inde b\u00f6lgenin en kalabal\u0131k ve ekonomik a\u00e7\u0131dan en g\u00fc\u00e7l\u00fc devleti haline geldi. Klaus Kreiser<span class=\"excerpt-hellip\"> [\u2026]<\/span><\/p>\n","protected":false},"featured_media":0,"template":"","meta":{"_monsterinsights_skip_tracking":false,"_monsterinsights_sitenote_active":false,"_monsterinsights_sitenote_note":"","_monsterinsights_sitenote_category":0},"product_brand":[],"product_cat":[12304],"product_tag":[],"class_list":{"0":"post-766007","1":"product","2":"type-product","3":"status-publish","5":"product_cat-tarih","6":"pa_cilt-ciltsiz","7":"pa_tur-kitap","8":"pa_yayinevi-say-yayinlari","9":"pa_yazar-klaus-kreiser","11":"first","12":"instock","13":"sale","14":"shipping-taxable","15":"purchasable","16":"product-type-simple"},"_links":{"self":[{"href":"https:\/\/roveyayinevi.com.tr\/index.php\/wp-json\/wp\/v2\/product\/766007","targetHints":{"allow":["GET"]}}],"collection":[{"href":"https:\/\/roveyayinevi.com.tr\/index.php\/wp-json\/wp\/v2\/product"}],"about":[{"href":"https:\/\/roveyayinevi.com.tr\/index.php\/wp-json\/wp\/v2\/types\/product"}],"wp:attachment":[{"href":"https:\/\/roveyayinevi.com.tr\/index.php\/wp-json\/wp\/v2\/media?parent=766007"}],"wp:term":[{"taxonomy":"product_brand","embeddable":true,"href":"https:\/\/roveyayinevi.com.tr\/index.php\/wp-json\/wp\/v2\/product_brand?post=766007"},{"taxonomy":"product_cat","embeddable":true,"href":"https:\/\/roveyayinevi.com.tr\/index.php\/wp-json\/wp\/v2\/product_cat?post=766007"},{"taxonomy":"product_tag","embeddable":true,"href":"https:\/\/roveyayinevi.com.tr\/index.php\/wp-json\/wp\/v2\/product_tag?post=766007"}],"curies":[{"name":"wp","href":"https:\/\/api.w.org\/{rel}","templated":true}]}}