{"id":766005,"date":"2025-08-28T11:59:09","date_gmt":"2025-08-28T08:59:09","guid":{"rendered":"https:\/\/roveyayinevi.com.tr\/index.php\/urun\/kelebegin-dongusu\/"},"modified":"2026-04-15T03:31:41","modified_gmt":"2026-04-15T00:31:41","slug":"kelebegin-dongusu","status":"publish","type":"product","link":"https:\/\/roveyayinevi.com.tr\/index.php\/urun\/kelebegin-dongusu\/","title":{"rendered":"Kelebe\u011fin D\u00f6ng\u00fcs\u00fc"},"content":{"rendered":"<p>Gizemin, a\u015fk\u0131n ve direni\u015fin i\u00e7 i\u00e7e ge\u00e7ti\u011fi bir hik\u00e2ye\u2026 New York\u2019ta \u00e7ocuk doktoru olan Baksel Egeli\u2019nin k\u00f6t\u00fc giden bir evlili\u011fi ve monoton bir hayat\u0131 vard\u0131r. Bir g\u00fcn, \u00e7al\u0131\u015ft\u0131\u011f\u0131 klinikten al\u0131nan bir randevu, s\u0131radan g\u00fcnlerini sarsar. Gelecek \u00e7ocu\u011fun ad\u0131 Baksel\u2019dir, babas\u0131n\u0131n ad\u0131 ise H\u00fcseyin Egeli&#8230; Bu gizemli randevu, Baksel\u2019i hayat\u0131n\u0131n en derin sorular\u0131yla y\u00fczle\u015fmeye zorlar. Ve nihayet o gizemli cuma g\u00fcn\u00fc geldi\u011finde Baksel kar\u015f\u0131s\u0131nda ge\u00e7mi\u015ften birini bulur: Yi\u011fit. Babas\u0131n\u0131n emanetini iletmek \u00fczere gelen bu eski dost, Baksel\u2019in y\u00fcz\u00fcn\u00fc \u00e7ocuklu\u011funa, ailesine, ka\u00e7t\u0131\u011f\u0131 sand\u0131\u011f\u0131 topraklara d\u00f6nd\u00fcr\u00fcr\u2026 Edremit\u2019teki eski bir \u00e7iftlik evinde, babas\u0131n\u0131n gizemli ge\u00e7mi\u015fini ke\u015ffeden Baksel, hem ailesinin s\u0131rlar\u0131na hem de kendi i\u00e7sel yolculu\u011funa do\u011fru ad\u0131m atar. Babas\u0131n\u0131n b\u0131rakt\u0131\u011f\u0131 g\u00fcnl\u00fckler, ona kaybolan bir d\u00fcnyan\u0131n kap\u0131lar\u0131n\u0131 a\u00e7arken kendi m\u00fccadelesini anlamland\u0131rmas\u0131n\u0131 da sa\u011flar. Umudun ve direni\u015fin hik\u00e2yesi olan Kelebe\u011fin D\u00f6ng\u00fcs\u00fc, ge\u00e7mi\u015fin a\u011f\u0131rl\u0131\u011f\u0131ndan ka\u00e7arken insan\u0131n \u00f6z\u00fcne yapt\u0131\u011f\u0131 yolculu\u011fu, bir baba-k\u0131z ili\u015fkisi \u00fczerinden anlat\u0131rken \u00e7\u0131\u011fl\u0131k \u00e7\u0131\u011fl\u0131\u011fa ya\u015fanm\u0131\u015f bir d\u00f6neme de tan\u0131kl\u0131k ediyor\u2026 <\/p>\n","protected":false},"excerpt":{"rendered":"<p>Gizemin, a\u015fk\u0131n ve direni\u015fin i\u00e7 i\u00e7e ge\u00e7ti\u011fi bir hik\u00e2ye\u2026 New York\u2019ta \u00e7ocuk doktoru olan Baksel Egeli\u2019nin k\u00f6t\u00fc giden bir evlili\u011fi ve monoton bir hayat\u0131 vard\u0131r. Bir<span class=\"excerpt-hellip\"> [\u2026]<\/span><\/p>\n","protected":false},"featured_media":0,"template":"","meta":{"_monsterinsights_skip_tracking":false,"_monsterinsights_sitenote_active":false,"_monsterinsights_sitenote_note":"","_monsterinsights_sitenote_category":0},"product_brand":[],"product_cat":[12291,12711],"product_tag":[],"class_list":{"0":"post-766005","1":"product","2":"type-product","3":"status-publish","5":"product_cat-edebiyat","6":"product_cat-roman-oyku","7":"pa_cilt-ciltsiz","8":"pa_tur-kitap","9":"pa_yayinevi-dogan-solibri-yayinlari","10":"pa_yazar-aslihan-guven","12":"first","13":"instock","14":"sale","15":"shipping-taxable","16":"purchasable","17":"product-type-simple"},"_links":{"self":[{"href":"https:\/\/roveyayinevi.com.tr\/index.php\/wp-json\/wp\/v2\/product\/766005","targetHints":{"allow":["GET"]}}],"collection":[{"href":"https:\/\/roveyayinevi.com.tr\/index.php\/wp-json\/wp\/v2\/product"}],"about":[{"href":"https:\/\/roveyayinevi.com.tr\/index.php\/wp-json\/wp\/v2\/types\/product"}],"wp:attachment":[{"href":"https:\/\/roveyayinevi.com.tr\/index.php\/wp-json\/wp\/v2\/media?parent=766005"}],"wp:term":[{"taxonomy":"product_brand","embeddable":true,"href":"https:\/\/roveyayinevi.com.tr\/index.php\/wp-json\/wp\/v2\/product_brand?post=766005"},{"taxonomy":"product_cat","embeddable":true,"href":"https:\/\/roveyayinevi.com.tr\/index.php\/wp-json\/wp\/v2\/product_cat?post=766005"},{"taxonomy":"product_tag","embeddable":true,"href":"https:\/\/roveyayinevi.com.tr\/index.php\/wp-json\/wp\/v2\/product_tag?post=766005"}],"curies":[{"name":"wp","href":"https:\/\/api.w.org\/{rel}","templated":true}]}}