{"id":766004,"date":"2025-08-28T11:59:07","date_gmt":"2025-08-28T08:59:07","guid":{"rendered":"https:\/\/roveyayinevi.com.tr\/index.php\/urun\/gokdogan\/"},"modified":"2026-04-15T03:31:41","modified_gmt":"2026-04-15T00:31:41","slug":"gokdogan","status":"publish","type":"product","link":"https:\/\/roveyayinevi.com.tr\/index.php\/urun\/gokdogan\/","title":{"rendered":"G\u00f6kdo\u011fan"},"content":{"rendered":"<p>\u201cNe yaz\u0131k ki gen\u00e7lik, gen\u00e7li\u011fin sona ermesinden \u00e7ok sonra bile varl\u0131\u011f\u0131n\u0131 s\u00fcrd\u00fcr\u00fcr. A\u015fk hayat\u0131, giderek daha az sevilme olas\u0131l\u0131\u011f\u0131, giderek daha az sevme yetene\u011fi ve a\u015fk\u0131n yaratt\u0131\u011f\u0131 kar\u0131n a\u011fr\u0131s\u0131n\u0131n her daim ayn\u0131 keskinlikte devam etmesiyle sonsuza dek s\u00fcrer. Ya\u015fl\u0131 bir bek\u00e2r, ya\u015fl\u0131 bir do\u011fan gibidir.\u201d   Ba\u015far\u0131s\u0131z romanc\u0131 Alwyn Tower, bir \u00f6\u011fleden sonra arkada\u015f\u0131 Alex\u2019in evinde \u0130rlandal\u0131 Cullen \u00e7iftiyle ve yanlar\u0131ndaki s\u00fcrpriz misafirle, e\u011fitimli bir ku\u015fla, g\u00f6kdo\u011fan Lucy\u2019yle tan\u0131\u015f\u0131r. Ak\u015fama kadar vakit ge\u00e7irir, yeme\u011fi beklerken i\u00e7ki i\u00e7ip sohbet ederler. Her an her \u015feyin olabilece\u011fi, en ufak anlardan dahi sonsuz anlam \u00e7\u0131kar\u0131labilecek bir atmosfer vard\u0131r salonda. Tamam\u0131 o g\u00fcn\u00fcn \u00f6\u011fleden sonras\u0131nda ge\u00e7en romanda okurun konumu s\u0131k s\u0131k de\u011fi\u015fir, karakterler aras\u0131 gerilim daima ince bir ip \u00fczerinde seyreder. Amerikan edebiyat\u0131n\u0131n en ba\u015far\u0131l\u0131 novellalar\u0131 aras\u0131nda an\u0131lan G\u00f6kdo\u011fan, merkezine yerle\u015ftirdi\u011fi g\u00f6kdo\u011fan\u0131n tabiat\u0131 \u00fczerinden a\u015fk\u0131n amans\u0131z g\u00fcc\u00fcne dokunakl\u0131 bir bak\u0131\u015f sunar.   \u201cYirminci y\u00fczy\u0131l Amerikan edebiyat\u0131n\u0131n hazinelerinden biri.\u201d \u2014Susan Sontag<\/p>\n","protected":false},"excerpt":{"rendered":"<p>\u201cNe yaz\u0131k ki gen\u00e7lik, gen\u00e7li\u011fin sona ermesinden \u00e7ok sonra bile varl\u0131\u011f\u0131n\u0131 s\u00fcrd\u00fcr\u00fcr. A\u015fk hayat\u0131, giderek daha az sevilme olas\u0131l\u0131\u011f\u0131, giderek daha az sevme yetene\u011fi ve a\u015fk\u0131n<span class=\"excerpt-hellip\"> [\u2026]<\/span><\/p>\n","protected":false},"featured_media":0,"template":"","meta":{"_monsterinsights_skip_tracking":false,"_monsterinsights_sitenote_active":false,"_monsterinsights_sitenote_note":"","_monsterinsights_sitenote_category":0},"product_brand":[],"product_cat":[12291,12711],"product_tag":[],"class_list":{"0":"post-766004","1":"product","2":"type-product","3":"status-publish","5":"product_cat-edebiyat","6":"product_cat-roman-oyku","7":"pa_cilt-ciltsiz","8":"pa_tur-kitap","9":"pa_yayinevi-everest-yayinlari","10":"pa_yazar-glenway-wescott","12":"first","13":"instock","14":"sale","15":"shipping-taxable","16":"purchasable","17":"product-type-simple"},"_links":{"self":[{"href":"https:\/\/roveyayinevi.com.tr\/index.php\/wp-json\/wp\/v2\/product\/766004","targetHints":{"allow":["GET"]}}],"collection":[{"href":"https:\/\/roveyayinevi.com.tr\/index.php\/wp-json\/wp\/v2\/product"}],"about":[{"href":"https:\/\/roveyayinevi.com.tr\/index.php\/wp-json\/wp\/v2\/types\/product"}],"wp:attachment":[{"href":"https:\/\/roveyayinevi.com.tr\/index.php\/wp-json\/wp\/v2\/media?parent=766004"}],"wp:term":[{"taxonomy":"product_brand","embeddable":true,"href":"https:\/\/roveyayinevi.com.tr\/index.php\/wp-json\/wp\/v2\/product_brand?post=766004"},{"taxonomy":"product_cat","embeddable":true,"href":"https:\/\/roveyayinevi.com.tr\/index.php\/wp-json\/wp\/v2\/product_cat?post=766004"},{"taxonomy":"product_tag","embeddable":true,"href":"https:\/\/roveyayinevi.com.tr\/index.php\/wp-json\/wp\/v2\/product_tag?post=766004"}],"curies":[{"name":"wp","href":"https:\/\/api.w.org\/{rel}","templated":true}]}}