{"id":766003,"date":"2025-08-28T11:59:06","date_gmt":"2025-08-28T08:59:06","guid":{"rendered":"https:\/\/roveyayinevi.com.tr\/index.php\/urun\/yaraticilik-kodu\/"},"modified":"2026-04-15T03:31:41","modified_gmt":"2026-04-15T00:31:41","slug":"yaraticilik-kodu","status":"publish","type":"product","link":"https:\/\/roveyayinevi.com.tr\/index.php\/urun\/yaraticilik-kodu\/","title":{"rendered":"Yarat\u0131c\u0131l\u0131k Kodu"},"content":{"rendered":"<p>Hayal g\u00fcc\u00fc, ki\u015fisel ve toplumsal geli\u015fim i\u00e7in en \u00f6nemli yetkinliktir.\u201cBizi ileriye ta\u015f\u0131yan yeg\u00e2ne unsur, do\u011fru yakla\u015f\u0131mlar\u0131 sab\u0131rla ve azimle uygulamakt\u0131r. Narin ya\u011fmur damlalar\u0131 bile, yeterince uzun s\u00fcre ayn\u0131 noktaya d\u00fc\u015ferse koca kayalar\u0131 a\u015f\u0131nd\u0131r\u0131p onlara yeni \u015fekiller verebilir.\u201dYarat\u0131c\u0131l\u0131\u011f\u0131n, \u00fcretkenli\u011fin, farkl\u0131 d\u00fc\u015f\u00fcn\u00fcp kal\u0131plar\u0131 k\u0131rabilmenin sadece belli insanlara \u00f6zg\u00fc, do\u011fu\u015ftan gelen bir meziyet oldu\u011fu d\u00fc\u015f\u00fcn\u00fcl\u00fcr. Ancak herkes kendi i\u00e7indeki yarat\u0131c\u0131 \u00f6zellikleri geli\u015ftirebilir. Beyninize sorunlara farkl\u0131 bakmay\u0131, bamba\u015fka a\u00e7\u0131lardan d\u00fc\u015f\u00fcnmeyi, hayal g\u00fcc\u00fcn\u00fcz\u00fc \u00e7al\u0131\u015ft\u0131rmay\u0131 \u00f6\u011fretebilirsiniz.\u00dclkemizin pek \u00e7ok de\u011ferli kurumu taraf\u0131ndan projelerine yarat\u0131c\u0131l\u0131k katmak \u00fczere dan\u0131\u015fman olarak davet edilen Bar\u0131\u015f M\u00fcstecapl\u0131o\u011flu, yirmi y\u0131l\u0131 a\u015fk\u0131n s\u00fcredir verdi\u011fi eserlerle \u00fclkemizde yarat\u0131c\u0131l\u0131\u011f\u0131n en \u00f6nemli temsilcilerinden biri. Hayat\u0131n\u0131n farkl\u0131 d\u00f6nemlerinde edindi\u011fi m\u00fchendis, bilim kurgu yazar\u0131, i\u015f insan\u0131 kimlikleriyle, \u00e7ocuklar\u0131m\u0131z\u0131n yarat\u0131c\u0131l\u0131\u011f\u0131n\u0131 geli\u015ftirmekten s\u0131ra d\u0131\u015f\u0131 \u00fcr\u00fcnler tasarlamaya, e\u011fitim sistemimize yarat\u0131c\u0131l\u0131k katmaktan etik de\u011ferlere kadar geni\u015f bir yelpazede, konuya \u00e7ok boyutlu ve b\u00fct\u00fcnsel bak\u0131yor.Yarat\u0131c\u0131l\u0131k Kodu, zihnimizde yarat\u0131c\u0131 d\u00fc\u015f\u00fcnmeyi \u00f6nleyen bariyerleri kald\u0131rman\u0131n, olaylara ve problemlere farkl\u0131 a\u00e7\u0131lardan bakabilmenin, yenilik\u00e7i fikirler \u00fcretmenin yollar\u0131n\u0131 somut \u00f6rneklerle ve bilimsel verilerle anlat\u0131yor, uygulamalarla peki\u015ftiriyor. Nedenleri ve nas\u0131llar\u0131 i\u00e7in sizi Bar\u0131\u015f M\u00fcstecapl\u0131o\u011flu\u2019nun s\u0131n\u0131rs\u0131z d\u00fc\u015f g\u00fcc\u00fcyle tan\u0131\u015fmaya davet ediyoruz.<\/p>\n","protected":false},"excerpt":{"rendered":"<p>Hayal g\u00fcc\u00fc, ki\u015fisel ve toplumsal geli\u015fim i\u00e7in en \u00f6nemli yetkinliktir.\u201cBizi ileriye ta\u015f\u0131yan yeg\u00e2ne unsur, do\u011fru yakla\u015f\u0131mlar\u0131 sab\u0131rla ve azimle uygulamakt\u0131r. Narin ya\u011fmur damlalar\u0131 bile, yeterince uzun<span class=\"excerpt-hellip\"> [\u2026]<\/span><\/p>\n","protected":false},"featured_media":0,"template":"","meta":{"_monsterinsights_skip_tracking":false,"_monsterinsights_sitenote_active":false,"_monsterinsights_sitenote_note":"","_monsterinsights_sitenote_category":0},"product_brand":[],"product_cat":[12364,12376],"product_tag":[],"class_list":{"0":"post-766003","1":"product","2":"type-product","3":"status-publish","5":"product_cat-genel-konular","6":"product_cat-kisisel-gelisim","7":"pa_cilt-ciltsiz","8":"pa_tur-kitap","9":"pa_yayinevi-ceo-plus","10":"pa_yazar-baris-mustecaplioglu","12":"first","13":"instock","14":"sale","15":"shipping-taxable","16":"purchasable","17":"product-type-simple"},"_links":{"self":[{"href":"https:\/\/roveyayinevi.com.tr\/index.php\/wp-json\/wp\/v2\/product\/766003","targetHints":{"allow":["GET"]}}],"collection":[{"href":"https:\/\/roveyayinevi.com.tr\/index.php\/wp-json\/wp\/v2\/product"}],"about":[{"href":"https:\/\/roveyayinevi.com.tr\/index.php\/wp-json\/wp\/v2\/types\/product"}],"wp:attachment":[{"href":"https:\/\/roveyayinevi.com.tr\/index.php\/wp-json\/wp\/v2\/media?parent=766003"}],"wp:term":[{"taxonomy":"product_brand","embeddable":true,"href":"https:\/\/roveyayinevi.com.tr\/index.php\/wp-json\/wp\/v2\/product_brand?post=766003"},{"taxonomy":"product_cat","embeddable":true,"href":"https:\/\/roveyayinevi.com.tr\/index.php\/wp-json\/wp\/v2\/product_cat?post=766003"},{"taxonomy":"product_tag","embeddable":true,"href":"https:\/\/roveyayinevi.com.tr\/index.php\/wp-json\/wp\/v2\/product_tag?post=766003"}],"curies":[{"name":"wp","href":"https:\/\/api.w.org\/{rel}","templated":true}]}}