{"id":766002,"date":"2025-08-28T11:59:05","date_gmt":"2025-08-28T08:59:05","guid":{"rendered":"https:\/\/roveyayinevi.com.tr\/index.php\/urun\/panzehir-2\/"},"modified":"2026-04-15T03:31:41","modified_gmt":"2026-04-15T00:31:41","slug":"panzehir-2","status":"publish","type":"product","link":"https:\/\/roveyayinevi.com.tr\/index.php\/urun\/panzehir-2\/","title":{"rendered":"Panzehir"},"content":{"rendered":"<p>O, on \u00fc\u00e7 y\u0131ld\u0131r hayat\u0131m\u0131z\u0131n bir par\u00e7as\u0131. \u2018Bana bir kald\u0131ra\u00e7 verin d\u00fcnyay\u0131 yerinden oynatay\u0131m\u2019 misali, on \u00fc\u00e7 y\u0131ld\u0131r kapitalizmin g\u00fcd\u00fcm\u00fcndeki t\u0131bb\u0131n, ila\u00e7 ve g\u0131da end\u00fcstrisinin yozla\u015ft\u0131rd\u0131\u011f\u0131, deforme etti\u011fi anlay\u0131\u015fla sava\u015f\u0131yor. On \u00fc\u00e7 y\u0131ld\u0131r, yanl\u0131\u015f bilgilerle zehirlenenlere Panzehir oluyor. On \u00fc\u00e7 y\u0131ld\u0131r T\u00fcrkiye\u2019nin g\u00fcndeminde en \u00e7ok konu\u015fulan, s\u00f6zlerine en \u00e7ok de\u011fer verilen, en \u00e7ok tart\u0131\u015f\u0131lan insanlardan biri. Yapt\u0131\u011f\u0131 a\u00e7\u0131klamalara \u00f6nce kar\u015f\u0131 \u00e7\u0131kanlar olsa da sonunda hep o hakl\u0131 \u00e7\u0131kt\u0131. O, asl\u0131nda bu \u00fclkede kendi devrimini yapt\u0131, bu adeta bir halk hareketiydi ve di\u011ferleri, onun pe\u015finden kendi seslerini olu\u015fturdular. O, T\u00fcrkiye\u2019de sa\u011fl\u0131\u011fa bak\u0131\u015f\u0131 k\u00f6kten de\u011fi\u015ftirdi, onunki kadim t\u0131p \u0131\u015f\u0131\u011f\u0131nda bir halk sa\u011fl\u0131\u011f\u0131 m\u00fccadelesi. Bu herkese nasip olmaz.<\/p>\n","protected":false},"excerpt":{"rendered":"<p>O, on \u00fc\u00e7 y\u0131ld\u0131r hayat\u0131m\u0131z\u0131n bir par\u00e7as\u0131. \u2018Bana bir kald\u0131ra\u00e7 verin d\u00fcnyay\u0131 yerinden oynatay\u0131m\u2019 misali, on \u00fc\u00e7 y\u0131ld\u0131r kapitalizmin g\u00fcd\u00fcm\u00fcndeki t\u0131bb\u0131n, ila\u00e7 ve g\u0131da end\u00fcstrisinin yozla\u015ft\u0131rd\u0131\u011f\u0131,<span class=\"excerpt-hellip\"> [\u2026]<\/span><\/p>\n","protected":false},"featured_media":0,"template":"","meta":{"_monsterinsights_skip_tracking":false,"_monsterinsights_sitenote_active":false,"_monsterinsights_sitenote_note":"","_monsterinsights_sitenote_category":0},"product_brand":[],"product_cat":[20313,13365],"product_tag":[],"class_list":{"0":"post-766002","1":"product","2":"type-product","3":"status-publish","5":"product_cat-basvuru-kitaplari-saglik","6":"product_cat-saglik","7":"pa_cilt-ciltsiz","8":"pa_tur-kitap","9":"pa_yayinevi-hayykitap","10":"pa_yazar-canan-efendigil-karatay","12":"first","13":"instock","14":"sale","15":"shipping-taxable","16":"purchasable","17":"product-type-simple"},"_links":{"self":[{"href":"https:\/\/roveyayinevi.com.tr\/index.php\/wp-json\/wp\/v2\/product\/766002","targetHints":{"allow":["GET"]}}],"collection":[{"href":"https:\/\/roveyayinevi.com.tr\/index.php\/wp-json\/wp\/v2\/product"}],"about":[{"href":"https:\/\/roveyayinevi.com.tr\/index.php\/wp-json\/wp\/v2\/types\/product"}],"wp:attachment":[{"href":"https:\/\/roveyayinevi.com.tr\/index.php\/wp-json\/wp\/v2\/media?parent=766002"}],"wp:term":[{"taxonomy":"product_brand","embeddable":true,"href":"https:\/\/roveyayinevi.com.tr\/index.php\/wp-json\/wp\/v2\/product_brand?post=766002"},{"taxonomy":"product_cat","embeddable":true,"href":"https:\/\/roveyayinevi.com.tr\/index.php\/wp-json\/wp\/v2\/product_cat?post=766002"},{"taxonomy":"product_tag","embeddable":true,"href":"https:\/\/roveyayinevi.com.tr\/index.php\/wp-json\/wp\/v2\/product_tag?post=766002"}],"curies":[{"name":"wp","href":"https:\/\/api.w.org\/{rel}","templated":true}]}}