{"id":766001,"date":"2025-08-28T11:59:03","date_gmt":"2025-08-28T08:59:03","guid":{"rendered":"https:\/\/roveyayinevi.com.tr\/index.php\/urun\/medusanin-olu-kumlari-3-ciltli\/"},"modified":"2026-04-15T03:31:41","modified_gmt":"2026-04-15T00:31:41","slug":"medusanin-olu-kumlari-3-ciltli","status":"publish","type":"product","link":"https:\/\/roveyayinevi.com.tr\/index.php\/urun\/medusanin-olu-kumlari-3-ciltli\/","title":{"rendered":"Medusa&#8217;n\u0131n \u00d6l\u00fc Kumlar\u0131 3 (Ciltli)"},"content":{"rendered":"<p>YEN\u0130 D\u00d6NEM: OYUNBAZLARIN \u00c7A\u011eIK\u0131z karde\u015finin ona ihanet etmesi sonucu Elzem, hayat\u0131 \u00fczerine yap\u0131lan takasa engel olamaz. \u00d6l\u00fcler Diyar\u0131\u2019n\u0131n gardiyanlar\u0131 onu almak i\u00e7in gelmeden \u00f6nce Oyunbazlar\u0131n \u00e7a\u011f\u0131n\u0131 yeniden ba\u015flatmak i\u00e7in k\u00fc\u00e7\u00fck bir yolculu\u011fa \u00e7\u0131kar. Takas g\u00fcn\u00fc gelip \u00e7att\u0131\u011f\u0131nda kaderinden daha fazla ka\u00e7amayaca\u011f\u0131n\u0131 anlar ve \u00d6l\u00fcler Diyar\u0131\u2019na gider. Ruhlar\u0131n ya\u015fam s\u00fcrd\u00fc\u011f\u00fc bir diyara mahk\u00fbm oldu\u011funda orada onu bekleyen bir s\u00fcrpriz vard\u0131r. Ka\u00e7t\u0131\u011f\u0131 her \u015feyle y\u00fczle\u015fmeli ve Tanr\u0131lar\u0131n \u00f6fkesini g\u00f6\u011f\u00fcslemelidir. Ancak bu hi\u00e7 kolay de\u011fildir \u00e7\u00fcnk\u00fc her eylemin a\u011f\u0131r sonu\u00e7lar\u0131 vard\u0131r.\u201cMADEMK\u0130 BANA \u00d6L\u00dcM,O ZAMAN HERKESE ZUL\u00dcM!\u201d<\/p>\n","protected":false},"excerpt":{"rendered":"<p>YEN\u0130 D\u00d6NEM: OYUNBAZLARIN \u00c7A\u011eIK\u0131z karde\u015finin ona ihanet etmesi sonucu Elzem, hayat\u0131 \u00fczerine yap\u0131lan takasa engel olamaz. \u00d6l\u00fcler Diyar\u0131\u2019n\u0131n gardiyanlar\u0131 onu almak i\u00e7in gelmeden \u00f6nce Oyunbazlar\u0131n \u00e7a\u011f\u0131n\u0131<span class=\"excerpt-hellip\"> [\u2026]<\/span><\/p>\n","protected":false},"featured_media":0,"template":"","meta":{"_monsterinsights_skip_tracking":false,"_monsterinsights_sitenote_active":false,"_monsterinsights_sitenote_note":"","_monsterinsights_sitenote_category":0},"product_brand":[],"product_cat":[12291,12711],"product_tag":[],"class_list":{"0":"post-766001","1":"product","2":"type-product","3":"status-publish","5":"product_cat-edebiyat","6":"product_cat-roman-oyku","7":"pa_cilt-ciltli","8":"pa_tur-kitap","9":"pa_yayinevi-ephesus-yayinlari","10":"pa_yazar-maral-atmaca","12":"first","13":"instock","14":"sale","15":"shipping-taxable","16":"purchasable","17":"product-type-simple"},"_links":{"self":[{"href":"https:\/\/roveyayinevi.com.tr\/index.php\/wp-json\/wp\/v2\/product\/766001","targetHints":{"allow":["GET"]}}],"collection":[{"href":"https:\/\/roveyayinevi.com.tr\/index.php\/wp-json\/wp\/v2\/product"}],"about":[{"href":"https:\/\/roveyayinevi.com.tr\/index.php\/wp-json\/wp\/v2\/types\/product"}],"wp:attachment":[{"href":"https:\/\/roveyayinevi.com.tr\/index.php\/wp-json\/wp\/v2\/media?parent=766001"}],"wp:term":[{"taxonomy":"product_brand","embeddable":true,"href":"https:\/\/roveyayinevi.com.tr\/index.php\/wp-json\/wp\/v2\/product_brand?post=766001"},{"taxonomy":"product_cat","embeddable":true,"href":"https:\/\/roveyayinevi.com.tr\/index.php\/wp-json\/wp\/v2\/product_cat?post=766001"},{"taxonomy":"product_tag","embeddable":true,"href":"https:\/\/roveyayinevi.com.tr\/index.php\/wp-json\/wp\/v2\/product_tag?post=766001"}],"curies":[{"name":"wp","href":"https:\/\/api.w.org\/{rel}","templated":true}]}}