{"id":765998,"date":"2025-08-28T11:58:58","date_gmt":"2025-08-28T08:58:58","guid":{"rendered":"https:\/\/roveyayinevi.com.tr\/index.php\/urun\/turk-kamu-yonetiminde-maneviyat-bazi-kamu-orgutleri-uzerine-nitel-bir-inceleme\/"},"modified":"2026-04-15T03:31:41","modified_gmt":"2026-04-15T00:31:41","slug":"turk-kamu-yonetiminde-maneviyat-bazi-kamu-orgutleri-uzerine-nitel-bir-inceleme","status":"publish","type":"product","link":"https:\/\/roveyayinevi.com.tr\/index.php\/urun\/turk-kamu-yonetiminde-maneviyat-bazi-kamu-orgutleri-uzerine-nitel-bir-inceleme\/","title":{"rendered":"T\u00fcrk Kamu Y\u00f6netiminde Maneviyat: Baz\u0131 Kamu \u00d6rg\u00fctleri \u00dczerine Nitel Bir \u0130nceleme"},"content":{"rendered":"<p>\u0130\u00e7indekiler :           1. G\u0130R\u0130\u015e         2. \u00d6RG\u00dcT VE MANEV\u0130YAT: KAVRAMSAL B\u0130R \u00c7ER\u00c7EVE         3. KAMU \u00d6RG\u00dcTLER\u0130NDE MANEV\u0130YAT         4. \u00d6RG\u00dcTLERDE MANEV\u0130YATIN T\u00dcRK KAMU Y\u00d6NET\u0130M\u0130NDEK\u0130 G\u00d6R\u00dcN\u00dcM\u00dc:            BAZI KAMU \u00d6RG\u00dcTLER\u0130 \u00dcZER\u0130NE N\u0130TEL B\u0130R \u0130NCELEME         5. SONU\u00c7 <\/p>\n","protected":false},"excerpt":{"rendered":"<p>\u0130\u00e7indekiler : 1. G\u0130R\u0130\u015e 2. \u00d6RG\u00dcT VE MANEV\u0130YAT: KAVRAMSAL B\u0130R \u00c7ER\u00c7EVE 3. KAMU \u00d6RG\u00dcTLER\u0130NDE MANEV\u0130YAT 4. \u00d6RG\u00dcTLERDE MANEV\u0130YATIN T\u00dcRK KAMU Y\u00d6NET\u0130M\u0130NDEK\u0130 G\u00d6R\u00dcN\u00dcM\u00dc: BAZI KAMU \u00d6RG\u00dcTLER\u0130 \u00dcZER\u0130NE<span class=\"excerpt-hellip\"> [\u2026]<\/span><\/p>\n","protected":false},"featured_media":0,"template":"","meta":{"_monsterinsights_skip_tracking":false,"_monsterinsights_sitenote_active":false,"_monsterinsights_sitenote_note":"","_monsterinsights_sitenote_category":0},"product_brand":[],"product_cat":[13043],"product_tag":[],"class_list":{"0":"post-765998","1":"product","2":"type-product","3":"status-publish","5":"product_cat-ekonomi","6":"pa_cilt-ciltsiz","7":"pa_tur-kitap","8":"pa_yayinevi-gazi-kitabevi","9":"pa_yazar-sevgi-keceli-erciyas","11":"first","12":"instock","13":"sale","14":"shipping-taxable","15":"purchasable","16":"product-type-simple"},"_links":{"self":[{"href":"https:\/\/roveyayinevi.com.tr\/index.php\/wp-json\/wp\/v2\/product\/765998","targetHints":{"allow":["GET"]}}],"collection":[{"href":"https:\/\/roveyayinevi.com.tr\/index.php\/wp-json\/wp\/v2\/product"}],"about":[{"href":"https:\/\/roveyayinevi.com.tr\/index.php\/wp-json\/wp\/v2\/types\/product"}],"wp:attachment":[{"href":"https:\/\/roveyayinevi.com.tr\/index.php\/wp-json\/wp\/v2\/media?parent=765998"}],"wp:term":[{"taxonomy":"product_brand","embeddable":true,"href":"https:\/\/roveyayinevi.com.tr\/index.php\/wp-json\/wp\/v2\/product_brand?post=765998"},{"taxonomy":"product_cat","embeddable":true,"href":"https:\/\/roveyayinevi.com.tr\/index.php\/wp-json\/wp\/v2\/product_cat?post=765998"},{"taxonomy":"product_tag","embeddable":true,"href":"https:\/\/roveyayinevi.com.tr\/index.php\/wp-json\/wp\/v2\/product_tag?post=765998"}],"curies":[{"name":"wp","href":"https:\/\/api.w.org\/{rel}","templated":true}]}}