{"id":765996,"date":"2025-08-28T11:58:56","date_gmt":"2025-08-28T08:58:56","guid":{"rendered":"https:\/\/roveyayinevi.com.tr\/index.php\/urun\/ataturk-ile-yuz-yuze-reisicumhur-gazi-pasanin-bize-anlattiklari\/"},"modified":"2026-04-15T03:31:41","modified_gmt":"2026-04-15T00:31:41","slug":"ataturk-ile-yuz-yuze-reisicumhur-gazi-pasanin-bize-anlattiklari","status":"publish","type":"product","link":"https:\/\/roveyayinevi.com.tr\/index.php\/urun\/ataturk-ile-yuz-yuze-reisicumhur-gazi-pasanin-bize-anlattiklari\/","title":{"rendered":"Atat\u00fcrk \u0130le Y\u00fcz Y\u00fcze Reisicumhur Gazi Pa\u015fa\u2019n\u0131n Bize Anlatt\u0131klar\u0131"},"content":{"rendered":"<p>Reisicumhur Gazi Mustafa Kemal\u2019in, O\u2019nu \u00e7ok iyi tan\u0131yan ve daima yak\u0131n\u0131nda olan gazeteciler Mahmut Soydan ve Falih R\u0131fk\u0131 Atay ile yapt\u0131\u011f\u0131 1926 tarihli bu \u00f6zel r\u00f6portaj\u0131 okurken, d\u00f6neme dair pek \u00e7ok \u00f6nemli detay\u0131 Gazi\u2019nin bizzat kendisinden dinlemi\u015f olacaks\u0131n\u0131z. Tarihi bir belge niteli\u011findeki bu eser ba\u015fucu kitab\u0131n\u0131z olacak.   \u201cBenim anlatt\u0131klar\u0131m ve anlatt\u0131klar\u0131m\u0131 de\u011ferlendirmek i\u00e7in size verdi\u011fim belgeler okunduktan sonra, b\u00fct\u00fcn T\u00fcrk milletini, \u00f6zellikle, T\u00fcrk ayd\u0131nlar\u0131n\u0131 vicdan ve fikir hesapla\u015fmas\u0131na \u00e7a\u011f\u0131rmak isterim. An\u0131lar diye size anlatt\u0131\u011f\u0131m bu hik\u00e2yelerin, zaman\u0131m\u0131za kadar birtak\u0131m Devlet b\u00fcy\u00fcklerinin an\u0131lar\u0131n\u0131 yay\u0131mlamak sevdas\u0131na ben zer bir e\u011filimden do\u011fmu\u015f oldu\u011funu sanmay\u0131n\u0131z. E\u011fer ben, bu ger \u00e7ekleri size s\u00f6yl\u00fcyorsam ve milletimize ula\u015fm\u0131yorsam, elbette bun dan, b\u00fcsb\u00fct\u00fcn ba\u015fka bir amac\u0131m vard\u0131r. Bu ama\u00e7 ne olabilir?.. Bunu burada a\u00e7\u0131klayamam. Fakat benim tasarlad\u0131klar\u0131m\u0131, d\u00fc\u015f\u00fcncelerimi i\u00e7tenlikle ula\u015ft\u0131ran bu yaz\u0131lar okunduktan sonra, ku\u015fku duymam ki milletim, kendi kendine durumu \u00f6\u011frenecek, de\u011ferlendirebilmek i\u00e7in gerekli belgelere sahip olacakt\u0131r. Dediklerimi, olaylar eylemlerle kan\u0131tlamam\u0131\u015f olsayd\u0131, bu s\u00f6zle rimin kapsad\u0131\u011f\u0131 ger\u00e7e\u011fi -g\u00fc\u00e7 anla\u015f\u0131labilir d\u00fc\u015f\u00fcncesiyle-, bir zaman daha yay\u0131mlamakta a\u011f\u0131r davranmaya belki gerek g\u00f6r\u00fcrd\u00fcm.&#8221; Reisicumhur Gazi Mustafa Kemal   &#8220;Falih R\u0131fk\u0131 Atay\u2019\u0131n s\u00fcr\u00fckleyici, zengin muhteval\u0131, z\u0131t g\u00f6r\u00fcn\u00fcm ve olaylara dayanarak tezlerini savunan bir \u00fcslubu vard\u0131r.&#8221; Prof. Dr. \u0130lber ORTAYLI<\/p>\n","protected":false},"excerpt":{"rendered":"<p>Reisicumhur Gazi Mustafa Kemal\u2019in, O\u2019nu \u00e7ok iyi tan\u0131yan ve daima yak\u0131n\u0131nda olan gazeteciler Mahmut Soydan ve Falih R\u0131fk\u0131 Atay ile yapt\u0131\u011f\u0131 1926 tarihli bu \u00f6zel r\u00f6portaj\u0131<span class=\"excerpt-hellip\"> [\u2026]<\/span><\/p>\n","protected":false},"featured_media":0,"template":"","meta":{"_monsterinsights_skip_tracking":false,"_monsterinsights_sitenote_active":false,"_monsterinsights_sitenote_note":"","_monsterinsights_sitenote_category":0},"product_brand":[],"product_cat":[12530,12304],"product_tag":[],"class_list":{"0":"post-765996","1":"product","2":"type-product","3":"status-publish","5":"product_cat-mustafa-kemal-ataturk","6":"product_cat-tarih","7":"pa_cilt-ciltsiz","8":"pa_tur-kitap","9":"pa_yayinevi-pozitif-yayinlari","10":"pa_yazar-falih-rifki-atay-mahmut-soydan","12":"first","13":"instock","14":"sale","15":"shipping-taxable","16":"purchasable","17":"product-type-simple"},"_links":{"self":[{"href":"https:\/\/roveyayinevi.com.tr\/index.php\/wp-json\/wp\/v2\/product\/765996","targetHints":{"allow":["GET"]}}],"collection":[{"href":"https:\/\/roveyayinevi.com.tr\/index.php\/wp-json\/wp\/v2\/product"}],"about":[{"href":"https:\/\/roveyayinevi.com.tr\/index.php\/wp-json\/wp\/v2\/types\/product"}],"wp:attachment":[{"href":"https:\/\/roveyayinevi.com.tr\/index.php\/wp-json\/wp\/v2\/media?parent=765996"}],"wp:term":[{"taxonomy":"product_brand","embeddable":true,"href":"https:\/\/roveyayinevi.com.tr\/index.php\/wp-json\/wp\/v2\/product_brand?post=765996"},{"taxonomy":"product_cat","embeddable":true,"href":"https:\/\/roveyayinevi.com.tr\/index.php\/wp-json\/wp\/v2\/product_cat?post=765996"},{"taxonomy":"product_tag","embeddable":true,"href":"https:\/\/roveyayinevi.com.tr\/index.php\/wp-json\/wp\/v2\/product_tag?post=765996"}],"curies":[{"name":"wp","href":"https:\/\/api.w.org\/{rel}","templated":true}]}}