{"id":765994,"date":"2025-08-28T11:58:52","date_gmt":"2025-08-28T08:58:52","guid":{"rendered":"https:\/\/roveyayinevi.com.tr\/index.php\/urun\/bilgelige-giden-yolculuk-kam-ana\/"},"modified":"2026-04-15T03:31:41","modified_gmt":"2026-04-15T00:31:41","slug":"bilgelige-giden-yolculuk-kam-ana","status":"publish","type":"product","link":"https:\/\/roveyayinevi.com.tr\/index.php\/urun\/bilgelige-giden-yolculuk-kam-ana\/","title":{"rendered":"Bilgeli\u011fe Giden Yolculuk \u201cKam Ana\u201d"},"content":{"rendered":"<p>Analar\u0131n anas\u0131d\u0131r Kam Ana. Bilendir, Duyand\u0131r, Dillendirendir. S\u00f6z\u00fc \u00d6z, \u00d6z\u00fc S\u00f6zd\u00fcr. Kimsenin yerinde g\u00f6z\u00fc olmayan, G\u00f6nl\u00fc y\u00fcre\u011fi tok kova bir \u00e7\u0131nard\u0131r. Ses edene yeti\u015fen, Sesi duyulmayana eri\u015fendir.   G\u00f6rm\u00fc\u015f, ge\u00e7irmi\u015f olmak \u00f6yle kolay m\u0131d\u0131r?   Yolu Uzundur.   Sab\u0131rla, g\u00fczellikle, tevazu ile hakikat kap\u0131lar\u0131n\u0131 bir bir a\u00e7ar y\u00fcre\u011fiyle. Bu s\u00fcre\u00e7 ya\u015fam\u0131n ba\u015fka hi\u00e7bir s\u00fcrecine benzemez. \u00c7\u00fcnk\u00fc Ahmet Yesevi\u2019 nin ilmine, Mevlana Celaleddin-i Rumi\u2019 nin ho\u015fg\u00f6r\u00fcs\u00fcne,  H\u00fcnkar Hac\u0131 Bekta\u015fi veli\u2019 nin \u00f6ze i\u015faret ederek Hak\u2019ka y\u00fcr\u00fcmesine, Taptuk Emre\u2019nin muhabbetinden beslenen Yunus Emre\u2019nin ilmine nasr olacakt\u0131r can\u0131 ve canlar\u0131yla\u2026    Sevgili yazar Tu\u011fba KARAG\u00d6Z\u2019 \u00fcn kaleminden \u00e7\u0131kan bilgeli\u011fe giden yolculuk \u201cKam Ana\u201d eseri sizleri T\u00fcrk edebiyat\u0131n\u0131n ba\u015flang\u0131c\u0131na g\u00f6t\u00fcr\u00fcp olaylar\u0131n ortas\u0131nda b\u0131rakmaktad\u0131r. En k\u00f6kl\u00fc yazar ve \u015fairlerle hi\u00e7bir yerde rastlayamayaca\u011f\u0131m\u0131z sohbet meclislerinin kap\u0131lar\u0131n\u0131 a\u00e7arak sizleri dost sohbetlerine mihman olmaya, ayn\u0131 sofrada var olmaya davet ediyor. <\/p>\n","protected":false},"excerpt":{"rendered":"<p>Analar\u0131n anas\u0131d\u0131r Kam Ana. Bilendir, Duyand\u0131r, Dillendirendir. S\u00f6z\u00fc \u00d6z, \u00d6z\u00fc S\u00f6zd\u00fcr. Kimsenin yerinde g\u00f6z\u00fc olmayan, G\u00f6nl\u00fc y\u00fcre\u011fi tok kova bir \u00e7\u0131nard\u0131r. Ses edene yeti\u015fen, Sesi duyulmayana<span class=\"excerpt-hellip\"> [\u2026]<\/span><\/p>\n","protected":false},"featured_media":0,"template":"","meta":{"_monsterinsights_skip_tracking":false,"_monsterinsights_sitenote_active":false,"_monsterinsights_sitenote_note":"","_monsterinsights_sitenote_category":0},"product_brand":[],"product_cat":[12291],"product_tag":[],"class_list":{"0":"post-765994","1":"product","2":"type-product","3":"status-publish","5":"product_cat-edebiyat","6":"pa_cilt-ciltsiz","7":"pa_tur-kitap","8":"pa_yayinevi-kirmizi-ada-yayinlari","9":"pa_yazar-tugba-karagoz","11":"first","12":"instock","13":"sale","14":"shipping-taxable","15":"purchasable","16":"product-type-simple"},"_links":{"self":[{"href":"https:\/\/roveyayinevi.com.tr\/index.php\/wp-json\/wp\/v2\/product\/765994","targetHints":{"allow":["GET"]}}],"collection":[{"href":"https:\/\/roveyayinevi.com.tr\/index.php\/wp-json\/wp\/v2\/product"}],"about":[{"href":"https:\/\/roveyayinevi.com.tr\/index.php\/wp-json\/wp\/v2\/types\/product"}],"wp:attachment":[{"href":"https:\/\/roveyayinevi.com.tr\/index.php\/wp-json\/wp\/v2\/media?parent=765994"}],"wp:term":[{"taxonomy":"product_brand","embeddable":true,"href":"https:\/\/roveyayinevi.com.tr\/index.php\/wp-json\/wp\/v2\/product_brand?post=765994"},{"taxonomy":"product_cat","embeddable":true,"href":"https:\/\/roveyayinevi.com.tr\/index.php\/wp-json\/wp\/v2\/product_cat?post=765994"},{"taxonomy":"product_tag","embeddable":true,"href":"https:\/\/roveyayinevi.com.tr\/index.php\/wp-json\/wp\/v2\/product_tag?post=765994"}],"curies":[{"name":"wp","href":"https:\/\/api.w.org\/{rel}","templated":true}]}}