{"id":765991,"date":"2025-08-28T11:58:46","date_gmt":"2025-08-28T08:58:46","guid":{"rendered":"https:\/\/roveyayinevi.com.tr\/index.php\/urun\/elysian\/"},"modified":"2026-04-15T03:31:41","modified_gmt":"2026-04-15T00:31:41","slug":"elysian","status":"publish","type":"product","link":"https:\/\/roveyayinevi.com.tr\/index.php\/urun\/elysian\/","title":{"rendered":"Elysian"},"content":{"rendered":"<p>Bir taht&#8230; Bu taht i\u00e7in m\u00fccadele eden be\u015f k\u0131z karde\u015f&#8230;D\u00fcnyan\u0131n \u00e7ekirde\u011finde bulunan gizemli Elysiankentinin h\u00fck\u00fcmdar\u0131 \u00f6ld\u00fc.\u015eimdi veliaht\u0131n ilahi ilham\u0131n kentine d\u00f6nme vakti geldi&#8230;   H\u00fck\u00fcmdar \u00f6lmeden \u00f6nce be\u015f k\u0131z\u0131n\u0131 d\u00fcnyaya g\u00f6ndererek bir s\u0131nava tabi tutmaya karar vermi\u015fti. Kurallar basitti. D\u00fcnya gibi bir yerde hi\u00e7bir \u015feyin b\u00fcy\u00fcs\u00fcne kap\u0131lmayan ki\u015finin zaaf\u0131 olamazd\u0131. Zaaf\u0131 olmayan ki\u015fiyse veliaht ilan edilecek, h\u00fck\u00fcmdardan sonra tahta ge\u00e7en ki\u015fi olacakt\u0131.   K\u0131zlar\u0131ndan en b\u00fcy\u00fc\u011f\u00fc Bilun, d\u00fcnyadayken hor g\u00f6r\u00fclen bilgiyikurtard\u0131\u011f\u0131 i\u00e7in s\u0131nav\u0131 ge\u00e7ememi\u015f, Elysian\u2019e bilgeli\u011fin ve adaletintemsilcisi olarak d\u00f6nm\u00fc\u015ft\u00fc. Hesna a\u015fk\u0131n b\u00fcy\u00fcs\u00fcne kap\u0131lm\u0131\u015f, sevginin ve sadakatin temsilcisi olarak geri d\u00f6nm\u00fc\u015ft\u00fc. \u00dc\u00e7\u00fcnc\u00fc k\u0131z Eva, d\u00fcnyadan \u00f6l\u00fcms\u00fczl\u00fc\u011f\u00fc \u00e7alm\u0131\u015f ve evrendeki tek \u00f6l\u00fcms\u00fcz canl\u0131 olarak Elysian\u2019e d\u00f6nd\u00fc\u011f\u00fcnde nefretten ald\u0131\u011f\u0131 g\u00fc\u00e7le yenilmez olmu\u015ftu. Felin ise d\u00fcnyan\u0131n \u00e7etin \u015fartlar\u0131na dayanamay\u0131p kaybolmu\u015ftu. Sona kalan k\u0131zsa bir zaaf edinemeyecek kadar g\u00fc\u00e7l\u00fc oland\u0131, veliahtt\u0131.   Veliaht ilan edilmesi h\u00fck\u00fcmdarl\u0131\u011f\u0131 i\u00e7in m\u00fccadele etmeyece\u011fianlam\u0131na gelmiyordu.   Karde\u015fleri, saray soylular\u0131 ve halktan olu\u015fan farkl\u0131 cephelerde sava\u015f vermeliydi veliaht. Kan, g\u00f6zya\u015f\u0131 ve entrikalar\u0131n ortas\u0131nda verilecek bir sava\u015f&#8230;   Bu amans\u0131z m\u00fccadelenin sonundaysa tek bir kazanan olacakt\u0131. Belki de tek bir kaybeden&#8230;  <\/p>\n","protected":false},"excerpt":{"rendered":"<p>Bir taht&#8230; Bu taht i\u00e7in m\u00fccadele eden be\u015f k\u0131z karde\u015f&#8230;D\u00fcnyan\u0131n \u00e7ekirde\u011finde bulunan gizemli Elysiankentinin h\u00fck\u00fcmdar\u0131 \u00f6ld\u00fc.\u015eimdi veliaht\u0131n ilahi ilham\u0131n kentine d\u00f6nme vakti geldi&#8230; H\u00fck\u00fcmdar \u00f6lmeden \u00f6nce<span class=\"excerpt-hellip\"> [\u2026]<\/span><\/p>\n","protected":false},"featured_media":0,"template":"","meta":{"_monsterinsights_skip_tracking":false,"_monsterinsights_sitenote_active":false,"_monsterinsights_sitenote_note":"","_monsterinsights_sitenote_category":0},"product_brand":[],"product_cat":[12274,12284],"product_tag":[],"class_list":{"0":"post-765991","1":"product","2":"type-product","3":"status-publish","5":"product_cat-cocuk-ve-genclik-kitaplari","6":"product_cat-hikayeler","7":"pa_cilt-ciltsiz","8":"pa_tur-kitap","9":"pa_yayinevi-epsilon-yayinlari","10":"pa_yazar-merve-pinar-kilic","12":"first","13":"instock","14":"sale","15":"shipping-taxable","16":"purchasable","17":"product-type-simple"},"_links":{"self":[{"href":"https:\/\/roveyayinevi.com.tr\/index.php\/wp-json\/wp\/v2\/product\/765991","targetHints":{"allow":["GET"]}}],"collection":[{"href":"https:\/\/roveyayinevi.com.tr\/index.php\/wp-json\/wp\/v2\/product"}],"about":[{"href":"https:\/\/roveyayinevi.com.tr\/index.php\/wp-json\/wp\/v2\/types\/product"}],"wp:attachment":[{"href":"https:\/\/roveyayinevi.com.tr\/index.php\/wp-json\/wp\/v2\/media?parent=765991"}],"wp:term":[{"taxonomy":"product_brand","embeddable":true,"href":"https:\/\/roveyayinevi.com.tr\/index.php\/wp-json\/wp\/v2\/product_brand?post=765991"},{"taxonomy":"product_cat","embeddable":true,"href":"https:\/\/roveyayinevi.com.tr\/index.php\/wp-json\/wp\/v2\/product_cat?post=765991"},{"taxonomy":"product_tag","embeddable":true,"href":"https:\/\/roveyayinevi.com.tr\/index.php\/wp-json\/wp\/v2\/product_tag?post=765991"}],"curies":[{"name":"wp","href":"https:\/\/api.w.org\/{rel}","templated":true}]}}