{"id":765990,"date":"2025-08-28T11:58:44","date_gmt":"2025-08-28T08:58:44","guid":{"rendered":"https:\/\/roveyayinevi.com.tr\/index.php\/urun\/evrenin-sinirinda\/"},"modified":"2026-04-15T03:31:41","modified_gmt":"2026-04-15T00:31:41","slug":"evrenin-sinirinda","status":"publish","type":"product","link":"https:\/\/roveyayinevi.com.tr\/index.php\/urun\/evrenin-sinirinda\/","title":{"rendered":"Evrenin S\u0131n\u0131r\u0131nda"},"content":{"rendered":"<p>\u201cAit oldu\u011fum yeri ve evimi kaybettim,\u201d dedim titrek sesimle.\u201cY\u00fcz\u00fc\u011f\u00fc parma\u011f\u0131ma ge\u00e7irdi\u011fimden beri kim oldu\u011fumubilmiyorum. Evrenin s\u0131n\u0131r\u0131nday\u0131m ve gittik\u00e7e d\u00fc\u015f\u00fcyorum.\u201d \u201cD\u00fc\u015fmene izin vermeyece\u011fim,\u201d dedi nazik bir sesle. \u201cS\u00f6zveriyorum. Evrenin s\u0131n\u0131r\u0131nda elini tutuyor olaca\u011f\u0131m.\u201d  Luna, yetimhanedeki karanl\u0131k y\u0131llar\u0131n\u0131 geride b\u0131rakt\u0131ktan sonra\u0130stanbul sokaklar\u0131nda k\u00fc\u00e7\u00fck h\u0131rs\u0131zl\u0131klar yaparak hayat\u0131n\u0131s\u00fcrd\u00fcrece\u011fini san\u0131yordu. Oysa bir gece yoluna \u00e7\u0131kan parlakbir y\u00fcz\u00fck ona hi\u00e7 an\u0131msamad\u0131\u011f\u0131 ya\u015fam\u0131n\u0131n varl\u0131\u011f\u0131n\u0131 f\u0131s\u0131ldad\u0131.Zihninden kopup giden ailesi, dostlar\u0131 ve s\u0131cak yuvas\u0131 art\u0131k birhayalden fazlas\u0131yd\u0131. Farkl\u0131 bir evrende asker olan Afel, parma\u011f\u0131nda ayn\u0131 y\u00fcz\u00fckleLuna\u2019n\u0131n evinde belirdi\u011finde kehanetin \u00e7arklar\u0131 d\u00f6nmeyeba\u015flad\u0131. Bir araya gelmesi gereken be\u015f y\u00fcz\u00fck, alt edilmesigereken ilahi varl\u0131klar ve kehanetin sonundaki lanet, onlar\u0131 gerid\u00f6n\u00fclmez bir yola soktu. \u00dc\u00e7\u00fcnc\u00fc y\u00fcz\u00fc\u011f\u00fcn sahibini bulmak i\u00e7in vard\u0131klar\u0131 evrende,orta\u00e7a\u011f ko\u015fullar\u0131ndaki bir ada \u00fclkesinin ortas\u0131ndalard\u0131.B\u00fcy\u00fcc\u00fcl\u00fc\u011f\u00fcn ve cad\u0131l\u0131\u011f\u0131n yasak oldu\u011fu bu d\u00f6nemde, ger\u00e7ekkimliklerini saklayarak g\u00fcm\u00fc\u015f halkalar\u0131n pe\u015fine d\u00fc\u015ferken art\u0131kher ikisi de evrenin s\u0131n\u0131r\u0131ndayd\u0131&#8230;<\/p>\n","protected":false},"excerpt":{"rendered":"<p>\u201cAit oldu\u011fum yeri ve evimi kaybettim,\u201d dedim titrek sesimle.\u201cY\u00fcz\u00fc\u011f\u00fc parma\u011f\u0131ma ge\u00e7irdi\u011fimden beri kim oldu\u011fumubilmiyorum. Evrenin s\u0131n\u0131r\u0131nday\u0131m ve gittik\u00e7e d\u00fc\u015f\u00fcyorum.\u201d \u201cD\u00fc\u015fmene izin vermeyece\u011fim,\u201d dedi nazik bir sesle.<span class=\"excerpt-hellip\"> [\u2026]<\/span><\/p>\n","protected":false},"featured_media":0,"template":"","meta":{"_monsterinsights_skip_tracking":false,"_monsterinsights_sitenote_active":false,"_monsterinsights_sitenote_note":"","_monsterinsights_sitenote_category":0},"product_brand":[],"product_cat":[12291,12711],"product_tag":[],"class_list":{"0":"post-765990","1":"product","2":"type-product","3":"status-publish","5":"product_cat-edebiyat","6":"product_cat-roman-oyku","7":"pa_cilt-ciltsiz","8":"pa_tur-kitap","9":"pa_yayinevi-epsilon-yayinlari","10":"pa_yazar-buse-kudun","12":"first","13":"instock","14":"sale","15":"shipping-taxable","16":"purchasable","17":"product-type-simple"},"_links":{"self":[{"href":"https:\/\/roveyayinevi.com.tr\/index.php\/wp-json\/wp\/v2\/product\/765990","targetHints":{"allow":["GET"]}}],"collection":[{"href":"https:\/\/roveyayinevi.com.tr\/index.php\/wp-json\/wp\/v2\/product"}],"about":[{"href":"https:\/\/roveyayinevi.com.tr\/index.php\/wp-json\/wp\/v2\/types\/product"}],"wp:attachment":[{"href":"https:\/\/roveyayinevi.com.tr\/index.php\/wp-json\/wp\/v2\/media?parent=765990"}],"wp:term":[{"taxonomy":"product_brand","embeddable":true,"href":"https:\/\/roveyayinevi.com.tr\/index.php\/wp-json\/wp\/v2\/product_brand?post=765990"},{"taxonomy":"product_cat","embeddable":true,"href":"https:\/\/roveyayinevi.com.tr\/index.php\/wp-json\/wp\/v2\/product_cat?post=765990"},{"taxonomy":"product_tag","embeddable":true,"href":"https:\/\/roveyayinevi.com.tr\/index.php\/wp-json\/wp\/v2\/product_tag?post=765990"}],"curies":[{"name":"wp","href":"https:\/\/api.w.org\/{rel}","templated":true}]}}