{"id":765984,"date":"2025-08-28T11:58:30","date_gmt":"2025-08-28T08:58:30","guid":{"rendered":"https:\/\/roveyayinevi.com.tr\/index.php\/urun\/caliskan-ayi-korsan-macerasi-ciltli\/"},"modified":"2026-04-15T03:31:41","modified_gmt":"2026-04-15T00:31:41","slug":"caliskan-ayi-korsan-macerasi-ciltli","status":"publish","type":"product","link":"https:\/\/roveyayinevi.com.tr\/index.php\/urun\/caliskan-ayi-korsan-macerasi-ciltli\/","title":{"rendered":"\u00c7al\u0131\u015fkan Ay\u0131 &#8211; Korsan Maceras\u0131 (Ciltli)"},"content":{"rendered":"<p>B\u00fct\u00fcn k\u00fc\u00e7\u00fck korsanlar bu kitaba bay\u0131lacak!   Hadi herkes \u00c7al\u0131\u015fkan Ay\u0131\u2019n\u0131 gemisine! Miniklerin bili\u015fsel geli\u015fimi i\u00e7in \u00f6zenle haz\u0131rlanm\u0131\u015f bu hareketli kitapta heyecan verici bir yolculuk sizi bekliyor.   Denizde g\u00f6recek ve yapacak \u00e7ok \u015fey var!<\/p>\n","protected":false},"excerpt":{"rendered":"<p>B\u00fct\u00fcn k\u00fc\u00e7\u00fck korsanlar bu kitaba bay\u0131lacak! Hadi herkes \u00c7al\u0131\u015fkan Ay\u0131\u2019n\u0131 gemisine! Miniklerin bili\u015fsel geli\u015fimi i\u00e7in \u00f6zenle haz\u0131rlanm\u0131\u015f bu hareketli kitapta heyecan verici bir yolculuk sizi bekliyor.<span class=\"excerpt-hellip\"> [\u2026]<\/span><\/p>\n","protected":false},"featured_media":0,"template":"","meta":{"_monsterinsights_skip_tracking":false,"_monsterinsights_sitenote_active":false,"_monsterinsights_sitenote_note":"","_monsterinsights_sitenote_category":0},"product_brand":[],"product_cat":[12274,12518],"product_tag":[],"class_list":{"0":"post-765984","1":"product","2":"type-product","3":"status-publish","5":"product_cat-cocuk-ve-genclik-kitaplari","6":"product_cat-okul-oncesi-kitaplar","7":"pa_cilt-ciltli","8":"pa_tur-kitap","9":"pa_yayinevi-buyulu-fener-yayinlari","10":"pa_yazar-benji-davies","12":"first","13":"instock","14":"sale","15":"shipping-taxable","16":"purchasable","17":"product-type-simple"},"_links":{"self":[{"href":"https:\/\/roveyayinevi.com.tr\/index.php\/wp-json\/wp\/v2\/product\/765984","targetHints":{"allow":["GET"]}}],"collection":[{"href":"https:\/\/roveyayinevi.com.tr\/index.php\/wp-json\/wp\/v2\/product"}],"about":[{"href":"https:\/\/roveyayinevi.com.tr\/index.php\/wp-json\/wp\/v2\/types\/product"}],"wp:attachment":[{"href":"https:\/\/roveyayinevi.com.tr\/index.php\/wp-json\/wp\/v2\/media?parent=765984"}],"wp:term":[{"taxonomy":"product_brand","embeddable":true,"href":"https:\/\/roveyayinevi.com.tr\/index.php\/wp-json\/wp\/v2\/product_brand?post=765984"},{"taxonomy":"product_cat","embeddable":true,"href":"https:\/\/roveyayinevi.com.tr\/index.php\/wp-json\/wp\/v2\/product_cat?post=765984"},{"taxonomy":"product_tag","embeddable":true,"href":"https:\/\/roveyayinevi.com.tr\/index.php\/wp-json\/wp\/v2\/product_tag?post=765984"}],"curies":[{"name":"wp","href":"https:\/\/api.w.org\/{rel}","templated":true}]}}