{"id":765982,"date":"2025-08-28T11:58:27","date_gmt":"2025-08-28T08:58:27","guid":{"rendered":"https:\/\/roveyayinevi.com.tr\/index.php\/urun\/uyarlanmis-hareket-egitimi-programinin-ortaokul-ogrencilerinde-engellilere-karsi-empati-tutum-ve-oz-duyarliliklari\/"},"modified":"2026-04-15T03:31:40","modified_gmt":"2026-04-15T00:31:40","slug":"uyarlanmis-hareket-egitimi-programinin-ortaokul-ogrencilerinde-engellilere-karsi-empati-tutum-ve-oz-duyarliliklari","status":"publish","type":"product","link":"https:\/\/roveyayinevi.com.tr\/index.php\/urun\/uyarlanmis-hareket-egitimi-programinin-ortaokul-ogrencilerinde-engellilere-karsi-empati-tutum-ve-oz-duyarliliklari\/","title":{"rendered":"Uyarlanm\u0131\u015f Hareket E\u011fitimi Program\u0131n\u0131n Ortaokul \u00d6\u011frencilerinde Engellilere Kar\u015f\u0131 Empati, Tutum Ve \u00d6z-Duyarl\u0131l\u0131klar\u0131"},"content":{"rendered":"<p>\u0130\u00e7indekiler :     \u00b7         B\u0130R\u0130NC\u0130 B\u00d6L\u00dcM UYARLANMI\u015e HAREKET E\u011e\u0130T\u0130M\u0130   \u00b7         \u0130K\u0130NC\u0130 B\u00d6L\u00dcM ENGELL\u0130L\u0130K, G\u00d6RME ENGELL\u0130LER VE BEDENSEL ENGELL\u0130LER   \u00b7         \u00dc\u00c7\u00dcNC\u00dc B\u00d6L\u00dcM EMPAT\u0130, TUTUM VE \u00d6Z-DUYARLILIK <\/p>\n","protected":false},"excerpt":{"rendered":"<p>\u0130\u00e7indekiler : \u00b7 B\u0130R\u0130NC\u0130 B\u00d6L\u00dcM UYARLANMI\u015e HAREKET E\u011e\u0130T\u0130M\u0130 \u00b7 \u0130K\u0130NC\u0130 B\u00d6L\u00dcM ENGELL\u0130L\u0130K, G\u00d6RME ENGELL\u0130LER VE BEDENSEL ENGELL\u0130LER \u00b7 \u00dc\u00c7\u00dcNC\u00dc B\u00d6L\u00dcM EMPAT\u0130, TUTUM VE \u00d6Z-DUYARLILIK<\/p>\n","protected":false},"featured_media":0,"template":"","meta":{"_monsterinsights_skip_tracking":false,"_monsterinsights_sitenote_active":false,"_monsterinsights_sitenote_note":"","_monsterinsights_sitenote_category":0},"product_brand":[],"product_cat":[15563,15564],"product_tag":[],"class_list":{"0":"post-765982","1":"product","2":"type-product","3":"status-publish","5":"product_cat-hobi","6":"product_cat-spor","7":"pa_cilt-ciltsiz","8":"pa_tur-kitap","9":"pa_yayinevi-gazi-kitabevi","10":"pa_yazar-atike-yilmaz-sevval-akaydin","12":"first","13":"instock","14":"sale","15":"shipping-taxable","16":"purchasable","17":"product-type-simple"},"_links":{"self":[{"href":"https:\/\/roveyayinevi.com.tr\/index.php\/wp-json\/wp\/v2\/product\/765982","targetHints":{"allow":["GET"]}}],"collection":[{"href":"https:\/\/roveyayinevi.com.tr\/index.php\/wp-json\/wp\/v2\/product"}],"about":[{"href":"https:\/\/roveyayinevi.com.tr\/index.php\/wp-json\/wp\/v2\/types\/product"}],"wp:attachment":[{"href":"https:\/\/roveyayinevi.com.tr\/index.php\/wp-json\/wp\/v2\/media?parent=765982"}],"wp:term":[{"taxonomy":"product_brand","embeddable":true,"href":"https:\/\/roveyayinevi.com.tr\/index.php\/wp-json\/wp\/v2\/product_brand?post=765982"},{"taxonomy":"product_cat","embeddable":true,"href":"https:\/\/roveyayinevi.com.tr\/index.php\/wp-json\/wp\/v2\/product_cat?post=765982"},{"taxonomy":"product_tag","embeddable":true,"href":"https:\/\/roveyayinevi.com.tr\/index.php\/wp-json\/wp\/v2\/product_tag?post=765982"}],"curies":[{"name":"wp","href":"https:\/\/api.w.org\/{rel}","templated":true}]}}