{"id":765978,"date":"2025-08-28T11:58:18","date_gmt":"2025-08-28T08:58:18","guid":{"rendered":"https:\/\/roveyayinevi.com.tr\/index.php\/urun\/genc-bir-yazara-mektuplar\/"},"modified":"2026-04-15T03:31:40","modified_gmt":"2026-04-15T00:31:40","slug":"genc-bir-yazara-mektuplar","status":"publish","type":"product","link":"https:\/\/roveyayinevi.com.tr\/index.php\/urun\/genc-bir-yazara-mektuplar\/","title":{"rendered":"Gen\u00e7 Bir Yazara Mektuplar"},"content":{"rendered":"<p>\u201cOla\u011fan\u00fcst\u00fc yetenekli bir yazardan yazman\u0131n keyfine s\u0131cak, a\u00e7\u0131k y\u00fcrekli bir \u00f6vg\u00fc.\u201d \u2013Sunday Times \u201cM\u00fckemmel&#8230; Bu ince kitap, bir enerji kayna\u011f\u0131 olarak ba\u015far\u0131s\u0131z olamaz.\u201d \u2013Observer \u201cPratik yazma tavsiyeleri ile yarat\u0131c\u0131l\u0131\u011fa \u00f6vg\u00fc bulu\u015fuyor\u201d \u2013Irish Times \u201cSon derece edebi bir yazar&#8230; D\u00fczyaz\u0131lar\u0131nda Beckett, Yeats ve Joyce\u2019un yank\u0131lar\u0131 var.\u201d  \u2013Sunday Times \u201cG\u00fc\u00e7l\u00fc ve incelikli bir yazar.\u201d \u2013New York Times \u201c\u00c7ok yetenekli, b\u00fcy\u00fcleyici bir yazar.\u201d \u2013Guardian \u201cMcCann\u2019in yaz\u0131lar\u0131 zarif ve ironik.\u201d \u2013The Times \u201c\u015eimdi 52 ya\u015f\u0131ndaki, do\u011fumu Dublin, do\u011fas\u0131 New York olan \u00e7ok satan yazar baz\u0131 s\u0131rlar\u0131n\u0131 a\u00e7\u0131\u011fa \u00e7\u0131kar\u0131yor. Kelimeleri sayfaya d\u00f6kmek i\u00e7in bir rehber ve bir dil \u015f\u00f6leni, i\u00e7eri de\u011fil d\u0131\u015far\u0131 bakma \u00e7a\u011fr\u0131s\u0131.\u201d \u2013Big Issue in Scotland<\/p>\n","protected":false},"excerpt":{"rendered":"<p>\u201cOla\u011fan\u00fcst\u00fc yetenekli bir yazardan yazman\u0131n keyfine s\u0131cak, a\u00e7\u0131k y\u00fcrekli bir \u00f6vg\u00fc.\u201d \u2013Sunday Times \u201cM\u00fckemmel&#8230; Bu ince kitap, bir enerji kayna\u011f\u0131 olarak ba\u015far\u0131s\u0131z olamaz.\u201d \u2013Observer \u201cPratik yazma<span class=\"excerpt-hellip\"> [\u2026]<\/span><\/p>\n","protected":false},"featured_media":0,"template":"","meta":{"_monsterinsights_skip_tracking":false,"_monsterinsights_sitenote_active":false,"_monsterinsights_sitenote_note":"","_monsterinsights_sitenote_category":0},"product_brand":[],"product_cat":[12291,12711],"product_tag":[],"class_list":{"0":"post-765978","1":"product","2":"type-product","3":"status-publish","5":"product_cat-edebiyat","6":"product_cat-roman-oyku","7":"pa_cilt-ciltsiz","8":"pa_tur-kitap","9":"pa_yayinevi-alfa-yayinlari","10":"pa_yazar-colum-mccann","12":"first","13":"instock","14":"sale","15":"shipping-taxable","16":"purchasable","17":"product-type-simple"},"_links":{"self":[{"href":"https:\/\/roveyayinevi.com.tr\/index.php\/wp-json\/wp\/v2\/product\/765978","targetHints":{"allow":["GET"]}}],"collection":[{"href":"https:\/\/roveyayinevi.com.tr\/index.php\/wp-json\/wp\/v2\/product"}],"about":[{"href":"https:\/\/roveyayinevi.com.tr\/index.php\/wp-json\/wp\/v2\/types\/product"}],"wp:attachment":[{"href":"https:\/\/roveyayinevi.com.tr\/index.php\/wp-json\/wp\/v2\/media?parent=765978"}],"wp:term":[{"taxonomy":"product_brand","embeddable":true,"href":"https:\/\/roveyayinevi.com.tr\/index.php\/wp-json\/wp\/v2\/product_brand?post=765978"},{"taxonomy":"product_cat","embeddable":true,"href":"https:\/\/roveyayinevi.com.tr\/index.php\/wp-json\/wp\/v2\/product_cat?post=765978"},{"taxonomy":"product_tag","embeddable":true,"href":"https:\/\/roveyayinevi.com.tr\/index.php\/wp-json\/wp\/v2\/product_tag?post=765978"}],"curies":[{"name":"wp","href":"https:\/\/api.w.org\/{rel}","templated":true}]}}