{"id":765976,"date":"2025-08-28T11:58:16","date_gmt":"2025-08-28T08:58:16","guid":{"rendered":"https:\/\/roveyayinevi.com.tr\/index.php\/urun\/ogrenci-hastaliklari\/"},"modified":"2026-04-15T03:31:40","modified_gmt":"2026-04-15T00:31:40","slug":"ogrenci-hastaliklari","status":"publish","type":"product","link":"https:\/\/roveyayinevi.com.tr\/index.php\/urun\/ogrenci-hastaliklari\/","title":{"rendered":"\u00d6\u011frenci Hastal\u0131klar\u0131"},"content":{"rendered":"<p>\u00d6\u011frencilik kendine has bir ya\u015fam bi\u00e7imidir. Bu ya\u015fam bi\u00e7iminin fark edilen veya edilmeyen, hastal\u0131k d\u00fczeyinde baz\u0131 olumsuzluklar\u0131 beraberinde getirdi\u011fi g\u00f6r\u00fclmektedir. Hastal\u0131klar yoruma ihtiya\u00e7 b\u0131rakmayacak \u015fekilde \u00f6\u011frencinin \u00f6z enerjisini t\u00fcketerek ya\u015fam kalitesini bozmakta, duygusal ve fizyolojik geli\u015fimini engellemekte, akademik ba\u015far\u0131s\u0131n\u0131 d\u00fc\u015f\u00fcrmekte, beyin fonksiyonlar\u0131n\u0131 etkilemekte, ailede, okulda ve sosyal hayatta kar\u015f\u0131la\u015f\u0131labilecek uyumsuzluklar\u0131n kayna\u011f\u0131 olabilmektedir. Bu \u00e7al\u0131\u015fmada \u00f6\u011frenci hastal\u0131klar\u0131 olarak incelenen rahats\u0131zl\u0131klar e\u011fitim s\u00fcreci i\u00e7inde sonradan kazan\u0131lan rahats\u0131zl\u0131klar\u0131 kapsamaktad\u0131r. \u00d6zg\u00fcl \u00f6\u011frenme g\u00fc\u00e7l\u00fc\u011f\u00fc, do\u011fu\u015ftan g\u00f6rme engellilik, do\u011fu\u015ftan geli\u015fimsel gerilikler gibi anomaliler e\u011fitim s\u00fcrecinde kazan\u0131lmad\u0131\u011f\u0131 i\u00e7in kapsam d\u0131\u015f\u0131 b\u0131rak\u0131lm\u0131\u015ft\u0131r. Hi\u00e7 \u015f\u00fcphesiz herhangi bir hastal\u0131\u011f\u0131n te\u015fhisi, yol a\u00e7t\u0131\u011f\u0131 sa\u011fl\u0131k sorunlar\u0131 ve uygulanacak tedavi yakla\u015f\u0131mlar\u0131 sa\u011fl\u0131k uzmanlar\u0131n\u0131n u\u011fra\u015f\u0131 alan\u0131d\u0131r. Bu kitap kesinlikle bir te\u015fhis ve tedavi k\u0131lavuzu niteli\u011fi ta\u015f\u0131mamaktad\u0131r. Ancak bu \u00e7al\u0131\u015fma ile \u00f6\u011frencilerde olmas\u0131 muhtemel kimi rahats\u0131zl\u0131klara dikkat \u00e7ekerek aile, toplum ve politik \u00e7evrede bir fark\u0131ndal\u0131k olu\u015fturulmas\u0131 ama\u00e7lanm\u0131\u015ft\u0131r. Y\u00fczlerce makale ve yay\u0131n taranarak b\u00fcy\u00fck bir \u00f6zveriyle haz\u0131rlanan bu \u00e7al\u0131\u015fman\u0131n e\u011fitimle ilgili t\u00fcm kesimlere faydal\u0131 olmas\u0131 dile\u011fiyle\u2026 <\/p>\n","protected":false},"excerpt":{"rendered":"<p>\u00d6\u011frencilik kendine has bir ya\u015fam bi\u00e7imidir. Bu ya\u015fam bi\u00e7iminin fark edilen veya edilmeyen, hastal\u0131k d\u00fczeyinde baz\u0131 olumsuzluklar\u0131 beraberinde getirdi\u011fi g\u00f6r\u00fclmektedir. Hastal\u0131klar yoruma ihtiya\u00e7 b\u0131rakmayacak \u015fekilde \u00f6\u011frencinin<span class=\"excerpt-hellip\"> [\u2026]<\/span><\/p>\n","protected":false},"featured_media":0,"template":"","meta":{"_monsterinsights_skip_tracking":false,"_monsterinsights_sitenote_active":false,"_monsterinsights_sitenote_note":"","_monsterinsights_sitenote_category":0},"product_brand":[],"product_cat":[12573,12566],"product_tag":[],"class_list":{"0":"post-765976","1":"product","2":"type-product","3":"status-publish","5":"product_cat-akademik-kitaplar","6":"product_cat-egitim","7":"pa_cilt-ciltsiz","8":"pa_tur-kitap","9":"pa_yayinevi-zet-akademi-yayinlari","10":"pa_yazar-m-vehbi-demir","12":"first","13":"instock","14":"sale","15":"shipping-taxable","16":"purchasable","17":"product-type-simple"},"_links":{"self":[{"href":"https:\/\/roveyayinevi.com.tr\/index.php\/wp-json\/wp\/v2\/product\/765976","targetHints":{"allow":["GET"]}}],"collection":[{"href":"https:\/\/roveyayinevi.com.tr\/index.php\/wp-json\/wp\/v2\/product"}],"about":[{"href":"https:\/\/roveyayinevi.com.tr\/index.php\/wp-json\/wp\/v2\/types\/product"}],"wp:attachment":[{"href":"https:\/\/roveyayinevi.com.tr\/index.php\/wp-json\/wp\/v2\/media?parent=765976"}],"wp:term":[{"taxonomy":"product_brand","embeddable":true,"href":"https:\/\/roveyayinevi.com.tr\/index.php\/wp-json\/wp\/v2\/product_brand?post=765976"},{"taxonomy":"product_cat","embeddable":true,"href":"https:\/\/roveyayinevi.com.tr\/index.php\/wp-json\/wp\/v2\/product_cat?post=765976"},{"taxonomy":"product_tag","embeddable":true,"href":"https:\/\/roveyayinevi.com.tr\/index.php\/wp-json\/wp\/v2\/product_tag?post=765976"}],"curies":[{"name":"wp","href":"https:\/\/api.w.org\/{rel}","templated":true}]}}