{"id":765974,"date":"2025-08-28T11:58:12","date_gmt":"2025-08-28T08:58:12","guid":{"rendered":"https:\/\/roveyayinevi.com.tr\/index.php\/urun\/suveyda\/"},"modified":"2026-04-15T03:31:40","modified_gmt":"2026-04-15T00:31:40","slug":"suveyda","status":"publish","type":"product","link":"https:\/\/roveyayinevi.com.tr\/index.php\/urun\/suveyda\/","title":{"rendered":"S\u00fcveyda"},"content":{"rendered":"<p>Vakte g\u00fcven olmaz S\u00fcveyda\u2019m O da sen kadar mahpe Bak\u0131\u015flar\u0131n kadar tul-i emeldir Ben \u00fc\u00e7 defa da yaksam lambam\u0131 Bu karanl\u0131klar da\u011f\u0131lmaz \u00dcrperdi\u011fimdendir   Sen her s\u00f6ze kar\u015f\u0131 daima g\u00fczeldin Pamirlerden ko\u015fan atlar\u0131n bile dolard\u0131 g\u00f6zleri Ne kadar yoku\u015flar\u0131nda d\u00fc\u015ft\u00fcysem de Fermina Daza\u2019ya kavu\u015fmak gibi sevdim seni <\/p>\n","protected":false},"excerpt":{"rendered":"<p>Vakte g\u00fcven olmaz S\u00fcveyda\u2019m O da sen kadar mahpe Bak\u0131\u015flar\u0131n kadar tul-i emeldir Ben \u00fc\u00e7 defa da yaksam lambam\u0131 Bu karanl\u0131klar da\u011f\u0131lmaz \u00dcrperdi\u011fimdendir Sen her s\u00f6ze<span class=\"excerpt-hellip\"> [\u2026]<\/span><\/p>\n","protected":false},"featured_media":0,"template":"","meta":{"_monsterinsights_skip_tracking":false,"_monsterinsights_sitenote_active":false,"_monsterinsights_sitenote_note":"","_monsterinsights_sitenote_category":0},"product_brand":[],"product_cat":[12291,12509],"product_tag":[],"class_list":{"0":"post-765974","1":"product","2":"type-product","3":"status-publish","5":"product_cat-edebiyat","6":"product_cat-siir","7":"pa_cilt-ciltsiz","8":"pa_tur-kitap","9":"pa_yayinevi-zet-yayinlari","10":"pa_yazar-metehan-serttas","12":"first","13":"instock","14":"sale","15":"shipping-taxable","16":"purchasable","17":"product-type-simple"},"_links":{"self":[{"href":"https:\/\/roveyayinevi.com.tr\/index.php\/wp-json\/wp\/v2\/product\/765974","targetHints":{"allow":["GET"]}}],"collection":[{"href":"https:\/\/roveyayinevi.com.tr\/index.php\/wp-json\/wp\/v2\/product"}],"about":[{"href":"https:\/\/roveyayinevi.com.tr\/index.php\/wp-json\/wp\/v2\/types\/product"}],"wp:attachment":[{"href":"https:\/\/roveyayinevi.com.tr\/index.php\/wp-json\/wp\/v2\/media?parent=765974"}],"wp:term":[{"taxonomy":"product_brand","embeddable":true,"href":"https:\/\/roveyayinevi.com.tr\/index.php\/wp-json\/wp\/v2\/product_brand?post=765974"},{"taxonomy":"product_cat","embeddable":true,"href":"https:\/\/roveyayinevi.com.tr\/index.php\/wp-json\/wp\/v2\/product_cat?post=765974"},{"taxonomy":"product_tag","embeddable":true,"href":"https:\/\/roveyayinevi.com.tr\/index.php\/wp-json\/wp\/v2\/product_tag?post=765974"}],"curies":[{"name":"wp","href":"https:\/\/api.w.org\/{rel}","templated":true}]}}