{"id":765973,"date":"2025-08-28T11:58:09","date_gmt":"2025-08-28T08:58:09","guid":{"rendered":"https:\/\/roveyayinevi.com.tr\/index.php\/urun\/mensure-ana\/"},"modified":"2026-04-15T03:31:40","modified_gmt":"2026-04-15T00:31:40","slug":"mensure-ana","status":"publish","type":"product","link":"https:\/\/roveyayinevi.com.tr\/index.php\/urun\/mensure-ana\/","title":{"rendered":"Mensure Ana"},"content":{"rendered":"<p>Siz, kendinizi bir \u015fey sanabilirsiniz; kendinizi bir \u015fey sanman\u0131z, bir \u015fey ifade etmez. Kar\u015f\u0131n\u0131zdaki size, hangi pencereden bak\u0131yor ve ne g\u00f6r\u00fcyorsa; siz, onun, sizi alg\u0131lad\u0131\u011f\u0131 kadars\u0131n\u0131zd\u0131r. Sizin, oldu\u011funuz taraftaki pencereden bakan biriyle kar\u015f\u0131la\u015fmak, hayat\u0131n\u0131z\u0131n \u015fans\u0131d\u0131r. Bir insan\u0131n, tam olabilmesi i\u00e7in \u00f6nce tamamlanmas\u0131 laz\u0131m; bir insan\u0131n tamamlanmas\u0131 demek \u00f6nce kar\u0131s\u0131 ya da kocas\u0131n\u0131n olmas\u0131 anlam\u0131na gelir.Bir g\u00fcn, bir \u015fekilde, arac\u0131 vas\u0131tas\u0131yla ya da tesad\u00fcfen biriyle tan\u0131\u015f\u0131rs\u0131n\u0131z; sizi tamamlayaca\u011f\u0131na ikna olursunuz ve d\u00fcnyadaki cennetinizi kurmak i\u00e7in yola koyulursunuz. \u0130\u015fte tam bu noktada \u015fans fakt\u00f6r\u00fc ortaya \u00e7\u0131kar. Evlilik demek; elini bir karanl\u0131\u011fa uzatmakt\u0131r. Kar\u015f\u0131n\u0131zdaki insan\u0131 ne kadar \u00e7ok tan\u0131ma f\u0131rsat\u0131n\u0131z olsa da sonucu de\u011fi\u015ftirmez; insanlar, maskeli dola\u015fmakta pek mahirdir. Maske, ancak evlenince d\u00fc\u015fer ve Cennet\u2019e gidiyorum, diye \u00e7\u0131kt\u0131\u011f\u0131n\u0131z yolun sonu Cehennem\u2019e \u00e7\u0131kar.Mensure Ana, ilk evlili\u011finde yolun sonunda Cehennem\u2019i g\u00f6renlerden biri ama bir kere kap\u0131 y\u00fcz\u00fcne kapat\u0131ld\u0131 diye ba\u015fka iyi kap\u0131lar\u0131n a\u00e7\u0131lmayaca\u011f\u0131 anlam\u0131na gelmez; yeter ki kapanan kap\u0131 a\u00e7\u0131l\u0131r m\u0131 diye ona bakmaktan, a\u00e7\u0131lan yeni kap\u0131lar g\u00f6rmezden gelinmesin. \u00d6m\u00fcr k\u0131sa; ya\u015famak sanatt\u0131r. Bu sanat\u0131, sanat haline getiren kurulu\u015f, ailedir. Aile, tam olmak, demektir. Tam olmad\u0131\u011f\u0131n\u0131z zaman, geri kalan her \u015fey yar\u0131m olur. D\u00fcnyada sahip olunacak en \u00f6nemli \u015fey; iyi bir aileden sonra sizi tamamlayan biri ve iyi bir ge\u00e7im kayna\u011f\u0131n\u0131z\u0131n olmas\u0131d\u0131r. Geri kalanlar teferruattan ibaret olup, her ne varsa \u00e7orap s\u00f6k\u00fc\u011f\u00fc gibi arkadan gelir.Bu roman, ger\u00e7ek hayattan kesitlerin bulundu\u011fu, bir ailenin kendi zaman\u0131nda kar\u015f\u0131la\u015ft\u0131klar\u0131 olaylar\u0131 anlat\u0131yor.<\/p>\n","protected":false},"excerpt":{"rendered":"<p>Siz, kendinizi bir \u015fey sanabilirsiniz; kendinizi bir \u015fey sanman\u0131z, bir \u015fey ifade etmez. Kar\u015f\u0131n\u0131zdaki size, hangi pencereden bak\u0131yor ve ne g\u00f6r\u00fcyorsa; siz, onun, sizi alg\u0131lad\u0131\u011f\u0131 kadars\u0131n\u0131zd\u0131r.<span class=\"excerpt-hellip\"> [\u2026]<\/span><\/p>\n","protected":false},"featured_media":0,"template":"","meta":{"_monsterinsights_skip_tracking":false,"_monsterinsights_sitenote_active":false,"_monsterinsights_sitenote_note":"","_monsterinsights_sitenote_category":0},"product_brand":[],"product_cat":[12291,12711],"product_tag":[],"class_list":{"0":"post-765973","1":"product","2":"type-product","3":"status-publish","5":"product_cat-edebiyat","6":"product_cat-roman-oyku","7":"pa_cilt-ciltsiz","8":"pa_tur-kitap","9":"pa_yayinevi-zet-yayinlari","10":"pa_yazar-seher-kece-turker","12":"first","13":"instock","14":"sale","15":"shipping-taxable","16":"purchasable","17":"product-type-simple"},"_links":{"self":[{"href":"https:\/\/roveyayinevi.com.tr\/index.php\/wp-json\/wp\/v2\/product\/765973","targetHints":{"allow":["GET"]}}],"collection":[{"href":"https:\/\/roveyayinevi.com.tr\/index.php\/wp-json\/wp\/v2\/product"}],"about":[{"href":"https:\/\/roveyayinevi.com.tr\/index.php\/wp-json\/wp\/v2\/types\/product"}],"wp:attachment":[{"href":"https:\/\/roveyayinevi.com.tr\/index.php\/wp-json\/wp\/v2\/media?parent=765973"}],"wp:term":[{"taxonomy":"product_brand","embeddable":true,"href":"https:\/\/roveyayinevi.com.tr\/index.php\/wp-json\/wp\/v2\/product_brand?post=765973"},{"taxonomy":"product_cat","embeddable":true,"href":"https:\/\/roveyayinevi.com.tr\/index.php\/wp-json\/wp\/v2\/product_cat?post=765973"},{"taxonomy":"product_tag","embeddable":true,"href":"https:\/\/roveyayinevi.com.tr\/index.php\/wp-json\/wp\/v2\/product_tag?post=765973"}],"curies":[{"name":"wp","href":"https:\/\/api.w.org\/{rel}","templated":true}]}}