{"id":765969,"date":"2025-08-28T11:58:04","date_gmt":"2025-08-28T08:58:04","guid":{"rendered":"https:\/\/roveyayinevi.com.tr\/index.php\/urun\/futbolun-unutulmaz-yetenekleri\/"},"modified":"2026-04-15T03:31:40","modified_gmt":"2026-04-15T00:31:40","slug":"futbolun-unutulmaz-yetenekleri","status":"publish","type":"product","link":"https:\/\/roveyayinevi.com.tr\/index.php\/urun\/futbolun-unutulmaz-yetenekleri\/","title":{"rendered":"Futbolun Unutulmaz Yetenekleri"},"content":{"rendered":"<p>Futbol, d\u00fcnyan\u0131n ortak dili. D\u00fcnyan\u0131n bir ucunda konu\u015fulan dili belki anlamazs\u0131n\u0131z ama e\u011fer futbolu seviyorsan\u0131z, ak\u0131l dolu bir ara pas, d\u00f6nerek vurulan bir \u015fut ya da k\u0131vrak bir \u00e7al\u0131m, insan\u0131n be\u015f duyusunu birden harekete ge\u00e7irir. Futbol a\u015fk\u0131 biraz da budur. Hepimizin, dil gibi uygarl\u0131\u011f\u0131 simgeleyen bir araca bile gerek duymadan anlayabilece\u011fi, izleyebilece\u011fi bir oyunun yaratt\u0131\u011f\u0131 bir duygudur. Futbolu bu denli \u00e7ekici k\u0131lan ve ba\u011fl\u0131l\u0131k yaratan en \u00f6nemli \u00f6geyse; yarat\u0131c\u0131l\u0131k, beceri ve izleyiciyi kendilerine hayran b\u0131rakan oyuncular. Ayaklar\u0131nda bir m\u0131knat\u0131s varm\u0131\u015f gibi ya da \u00fcst\u00fcn bir g\u00fc\u00e7 taraf\u0131ndan y\u00f6nlendiriliyormu\u015f\u00e7as\u0131na topu alan, saklayan, s\u00fcren; ortak oynayan oyunu ki\u015fisel becerileriyle estetik a\u00e7\u0131dan yetkile\u015ftiren, g\u00f6n\u00fcllerde co\u015fku yaratanlar&#8230; Bu kitapta, okuyucumuz, d\u00fcnya ve \u00fclke futbolunda \u00fcst\u00fcn oyunculuklar\u0131yla \u00f6ne \u00e7\u0131kan futbolcular\u0131n ya\u015fam\u00f6yk\u00fclerinin ve yetenekleriyle izleyenleri b\u00fcy\u00fcleyen oyuncular\u0131n geli\u015fimlerinin tan\u0131\u011f\u0131 olacak&#8230; <\/p>\n","protected":false},"excerpt":{"rendered":"<p>Futbol, d\u00fcnyan\u0131n ortak dili. D\u00fcnyan\u0131n bir ucunda konu\u015fulan dili belki anlamazs\u0131n\u0131z ama e\u011fer futbolu seviyorsan\u0131z, ak\u0131l dolu bir ara pas, d\u00f6nerek vurulan bir \u015fut ya da<span class=\"excerpt-hellip\"> [\u2026]<\/span><\/p>\n","protected":false},"featured_media":0,"template":"","meta":{"_monsterinsights_skip_tracking":false,"_monsterinsights_sitenote_active":false,"_monsterinsights_sitenote_note":"","_monsterinsights_sitenote_category":0},"product_brand":[],"product_cat":[15563,15564],"product_tag":[],"class_list":{"0":"post-765969","1":"product","2":"type-product","3":"status-publish","5":"product_cat-hobi","6":"product_cat-spor","7":"pa_cilt-ciltsiz","8":"pa_tur-kitap","9":"pa_yayinevi-cumhuriyet-kitaplari","10":"pa_yazar-cumhur-onder-arslan-deniz-ulkutekin","12":"first","13":"instock","14":"sale","15":"shipping-taxable","16":"purchasable","17":"product-type-simple"},"_links":{"self":[{"href":"https:\/\/roveyayinevi.com.tr\/index.php\/wp-json\/wp\/v2\/product\/765969","targetHints":{"allow":["GET"]}}],"collection":[{"href":"https:\/\/roveyayinevi.com.tr\/index.php\/wp-json\/wp\/v2\/product"}],"about":[{"href":"https:\/\/roveyayinevi.com.tr\/index.php\/wp-json\/wp\/v2\/types\/product"}],"wp:attachment":[{"href":"https:\/\/roveyayinevi.com.tr\/index.php\/wp-json\/wp\/v2\/media?parent=765969"}],"wp:term":[{"taxonomy":"product_brand","embeddable":true,"href":"https:\/\/roveyayinevi.com.tr\/index.php\/wp-json\/wp\/v2\/product_brand?post=765969"},{"taxonomy":"product_cat","embeddable":true,"href":"https:\/\/roveyayinevi.com.tr\/index.php\/wp-json\/wp\/v2\/product_cat?post=765969"},{"taxonomy":"product_tag","embeddable":true,"href":"https:\/\/roveyayinevi.com.tr\/index.php\/wp-json\/wp\/v2\/product_tag?post=765969"}],"curies":[{"name":"wp","href":"https:\/\/api.w.org\/{rel}","templated":true}]}}