{"id":765968,"date":"2025-08-28T11:58:01","date_gmt":"2025-08-28T08:58:01","guid":{"rendered":"https:\/\/roveyayinevi.com.tr\/index.php\/urun\/kilitli-oda-muammalari-ciltli\/"},"modified":"2026-04-15T03:31:40","modified_gmt":"2026-04-15T00:31:40","slug":"kilitli-oda-muammalari-ciltli","status":"publish","type":"product","link":"https:\/\/roveyayinevi.com.tr\/index.php\/urun\/kilitli-oda-muammalari-ciltli\/","title":{"rendered":"Kilitli Oda Muammalar\u0131 (Ciltli)"},"content":{"rendered":"<p>Stephen King, Dashiell Hammett, Lawrence Block, Agatha Christie, Georges Simenon, Dorothy L. Sayers, P. G. Wodehouse ve \u00e7ok daha fazlas\u0131ndan kafa kar\u0131\u015ft\u0131r\u0131c\u0131 gizemlerle dolu, kilitli oda muammalar\u0131 ve imk\u00e2ns\u0131z su\u00e7 \u00f6yk\u00fcleri\u2026   Polisiyede su\u00e7lar, \u015fans eseri ya da beklenmedik bir itirafla de\u011fil, dikkatli bir g\u00f6zlem ve keskin bir t\u00fcmdengelim yoluyla ayd\u0131nlat\u0131lmal\u0131d\u0131r. Peki, bu y\u00f6ntemlerin bile kifayetsiz kald\u0131\u011f\u0131, i\u015flenmesi ya da \u00e7\u00f6z\u00fclmesi imk\u00e2ns\u0131z gibi g\u00f6r\u00fcnen su\u00e7lar varsa? Birdenbire s\u0131rra kadem basanlar, i\u00e7inden \u00e7\u0131kman\u0131n m\u00fcmk\u00fcn olmad\u0131\u011f\u0131 odalardan \u00e7\u0131kan katiller, etraf\u0131nda hi\u00e7bir iz b\u0131rak\u0131lmayan cinayetler, hi\u00e7bir mahk\u00fbmun ka\u00e7amayaca\u011f\u0131 iddia edilen hapishanelerden firar edenler, kayna\u011f\u0131 belirsiz tabanca sesleri ve d\u00fczineyle muhaf\u0131z\u0131n g\u00f6z\u00fc \u00f6n\u00fcnde \u00e7al\u0131nan m\u00fccevherler&#8230; Edgar \u00d6d\u00fcll\u00fc Otto Penzler\u2019in turun yakla\u015f\u0131k iki y\u00fcz y\u0131ll\u0131k ge\u00e7mi\u015finden derledi\u011fi bu kitap, yaz\u0131lm\u0131\u015f en iyi elli yedi imk\u00e2ns\u0131z su\u00e7 \u00f6yk\u00fcs\u00fcyle, su\u00e7 \u00f6yk\u00fcc\u00fcl\u00fc\u011f\u00fcn\u00fcn iskeletini karanl\u0131klardan ortaya \u00e7\u0131karan bir el feneri. Sayfalar\u0131 aras\u0131nda \u201cU\u00e7an \u00d6l\u00fcm\u201d, \u201cGe\u00e7mi\u015fi Olmayan Adam\u201d, \u201c\u00c7ok Acayip Bir Yatak\u201d ve \u201cG\u00f6r\u00fcnmez Silah\u201d gibi unutulmayacak \u00f6yk\u00fclerin yan\u0131 s\u0131ra, Arthur Conan Doyle\u2019un Sherlock Holmes\u2019\u00fc, Georges Simenon\u2019un Jules Maigret\u2019si, Agatha Christie\u2019nin Hercule Poirot\u2019su, Dashiell Hammett\u2019\u0131n Continental Op\u2019u ve su\u00e7 d\u00fcnyas\u0131n\u0131n daha nice fazla zeki karakterine rastlayabilece\u011finiz, kafa \u00e7al\u0131\u015ft\u0131ran polisiyenin son noktas\u0131 Kilitli Oda Muammalar\u0131, Katilin \u015eeyi ve Kavgaz serilerinin yazar\u0131 Algan Sezgint\u00fcredi\u2019nin terc\u00fcmesiyle polisiye okurlar\u0131 i\u00e7in ka\u00e7\u0131r\u0131lmaz bir maden.   Iss\u0131z bir \u00e7\u00f6l, kimsenin ayak basmad\u0131\u011f\u0131 bir kayak pisti, bir beyefendinin \u00e7al\u0131\u015fma odas\u0131, bir asans\u00f6r kabini: Su\u00e7 i\u015flemek hi\u00e7bir yerde tamamen imk\u00e2ns\u0131z de\u011fildir. <\/p>\n","protected":false},"excerpt":{"rendered":"<p>Stephen King, Dashiell Hammett, Lawrence Block, Agatha Christie, Georges Simenon, Dorothy L. Sayers, P. G. Wodehouse ve \u00e7ok daha fazlas\u0131ndan kafa kar\u0131\u015ft\u0131r\u0131c\u0131 gizemlerle dolu, kilitli oda<span class=\"excerpt-hellip\"> [\u2026]<\/span><\/p>\n","protected":false},"featured_media":0,"template":"","meta":{"_monsterinsights_skip_tracking":false,"_monsterinsights_sitenote_active":false,"_monsterinsights_sitenote_note":"","_monsterinsights_sitenote_category":0},"product_brand":[],"product_cat":[12291,12711],"product_tag":[],"class_list":{"0":"post-765968","1":"product","2":"type-product","3":"status-publish","5":"product_cat-edebiyat","6":"product_cat-roman-oyku","7":"pa_cilt-ciltli","8":"pa_tur-kitap","9":"pa_yayinevi-domingo-yayinevi","10":"pa_yazar-otto-penzler","12":"first","13":"instock","14":"sale","15":"shipping-taxable","16":"purchasable","17":"product-type-simple"},"_links":{"self":[{"href":"https:\/\/roveyayinevi.com.tr\/index.php\/wp-json\/wp\/v2\/product\/765968","targetHints":{"allow":["GET"]}}],"collection":[{"href":"https:\/\/roveyayinevi.com.tr\/index.php\/wp-json\/wp\/v2\/product"}],"about":[{"href":"https:\/\/roveyayinevi.com.tr\/index.php\/wp-json\/wp\/v2\/types\/product"}],"wp:attachment":[{"href":"https:\/\/roveyayinevi.com.tr\/index.php\/wp-json\/wp\/v2\/media?parent=765968"}],"wp:term":[{"taxonomy":"product_brand","embeddable":true,"href":"https:\/\/roveyayinevi.com.tr\/index.php\/wp-json\/wp\/v2\/product_brand?post=765968"},{"taxonomy":"product_cat","embeddable":true,"href":"https:\/\/roveyayinevi.com.tr\/index.php\/wp-json\/wp\/v2\/product_cat?post=765968"},{"taxonomy":"product_tag","embeddable":true,"href":"https:\/\/roveyayinevi.com.tr\/index.php\/wp-json\/wp\/v2\/product_tag?post=765968"}],"curies":[{"name":"wp","href":"https:\/\/api.w.org\/{rel}","templated":true}]}}