{"id":765965,"date":"2025-08-28T11:57:55","date_gmt":"2025-08-28T08:57:55","guid":{"rendered":"https:\/\/roveyayinevi.com.tr\/index.php\/urun\/gozumun-nuru-gonlumun-huzuru\/"},"modified":"2026-04-15T03:31:40","modified_gmt":"2026-04-15T00:31:40","slug":"gozumun-nuru-gonlumun-huzuru","status":"publish","type":"product","link":"https:\/\/roveyayinevi.com.tr\/index.php\/urun\/gozumun-nuru-gonlumun-huzuru\/","title":{"rendered":"G\u00f6z\u00fcm\u00fcn Nuru G\u00f6nl\u00fcm\u00fcn Huzuru"},"content":{"rendered":"<p>Hazreti Muhammed Mustafa (s.a.v.) Efendimiz, d\u00fcnyal\u0131klar hakk\u0131nda \u015f\u00f6yle buyurmu\u015ftur: &#8220;Ben kim, d\u00fcnya kim? D\u00fcnya ile benim mis\u00e2lim, bir a\u011fac\u0131n alt\u0131nda g\u00f6lgelenip sonra da oray\u0131 terk edip giden yolcunun misali gibidir.&#8221; (Tirmiz\u00ee, Z\u00fchd 44) Biz ise o a\u011fac\u0131n alt\u0131na d\u00fcnya mallar\u0131n\u0131 \u00fcst \u00fcste y\u0131\u011fd\u0131k\u00e7a y\u0131\u011f\u0131yoruz, doldurduk\u00e7a dolduruyoruz. Yetmiyor, daha da fazlas\u0131n\u0131 istiyoruz. <\/p>\n","protected":false},"excerpt":{"rendered":"<p>Hazreti Muhammed Mustafa (s.a.v.) Efendimiz, d\u00fcnyal\u0131klar hakk\u0131nda \u015f\u00f6yle buyurmu\u015ftur: &#8220;Ben kim, d\u00fcnya kim? D\u00fcnya ile benim mis\u00e2lim, bir a\u011fac\u0131n alt\u0131nda g\u00f6lgelenip sonra da oray\u0131 terk edip<span class=\"excerpt-hellip\"> [\u2026]<\/span><\/p>\n","protected":false},"featured_media":0,"template":"","meta":{"_monsterinsights_skip_tracking":false,"_monsterinsights_sitenote_active":false,"_monsterinsights_sitenote_note":"","_monsterinsights_sitenote_category":0},"product_brand":[],"product_cat":[12777,12291],"product_tag":[],"class_list":{"0":"post-765965","1":"product","2":"type-product","3":"status-publish","5":"product_cat-deneme","6":"product_cat-edebiyat","7":"pa_cilt-ciltsiz","8":"pa_tur-kitap","9":"pa_yayinevi-zet-yayinlari","10":"pa_yazar-muberra-nurten-yildiz","12":"first","13":"instock","14":"sale","15":"shipping-taxable","16":"purchasable","17":"product-type-simple"},"_links":{"self":[{"href":"https:\/\/roveyayinevi.com.tr\/index.php\/wp-json\/wp\/v2\/product\/765965","targetHints":{"allow":["GET"]}}],"collection":[{"href":"https:\/\/roveyayinevi.com.tr\/index.php\/wp-json\/wp\/v2\/product"}],"about":[{"href":"https:\/\/roveyayinevi.com.tr\/index.php\/wp-json\/wp\/v2\/types\/product"}],"wp:attachment":[{"href":"https:\/\/roveyayinevi.com.tr\/index.php\/wp-json\/wp\/v2\/media?parent=765965"}],"wp:term":[{"taxonomy":"product_brand","embeddable":true,"href":"https:\/\/roveyayinevi.com.tr\/index.php\/wp-json\/wp\/v2\/product_brand?post=765965"},{"taxonomy":"product_cat","embeddable":true,"href":"https:\/\/roveyayinevi.com.tr\/index.php\/wp-json\/wp\/v2\/product_cat?post=765965"},{"taxonomy":"product_tag","embeddable":true,"href":"https:\/\/roveyayinevi.com.tr\/index.php\/wp-json\/wp\/v2\/product_tag?post=765965"}],"curies":[{"name":"wp","href":"https:\/\/api.w.org\/{rel}","templated":true}]}}