{"id":765963,"date":"2025-08-28T11:57:52","date_gmt":"2025-08-28T08:57:52","guid":{"rendered":"https:\/\/roveyayinevi.com.tr\/index.php\/urun\/sanat-ve-anlamin-insasi\/"},"modified":"2026-04-15T03:31:40","modified_gmt":"2026-04-15T00:31:40","slug":"sanat-ve-anlamin-insasi","status":"publish","type":"product","link":"https:\/\/roveyayinevi.com.tr\/index.php\/urun\/sanat-ve-anlamin-insasi\/","title":{"rendered":"Sanat ve Anlam\u0131n \u0130n\u015fas\u0131"},"content":{"rendered":"<p>T\u00fcrkiye ve d\u00fcnya sanat\u0131n\u0131n \u00e7alkant\u0131l\u0131 tarihini, toplumsal olaylar\u0131n sanat \u00fczerindeki derin etkilerini mercek alt\u0131na alan bu eser, sanat ele\u015ftirisine yenilik\u00e7i bir bak\u0131\u015f a\u00e7\u0131s\u0131 getiriyor. S\u00fcreyyya Evren, 1960 ku\u015fa\u011f\u0131n\u0131n \u00f6zg\u00fcrl\u00fck aray\u0131\u015f\u0131ndan Gezi Park\u0131 direni\u015fine uzanan geni\u015f bir zaman dilimini kapsayan yaz\u0131lar\u0131nda, sanat\u0131n nas\u0131l bir ayna tuttu\u011funu, toplumlar\u0131n de\u011fi\u015fimine nas\u0131l tan\u0131kl\u0131k etti\u011fini ve sanat\u00e7\u0131lar\u0131n bu d\u00f6n\u00fc\u015f\u00fcmlerdeki rol\u00fcn\u00fc etrafl\u0131ca inceliyor. Heykelt\u0131ra\u015ftan ressama, \u015fairden sinema y\u00f6netmenine kadar pek \u00e7ok sanat\u00e7\u0131n\u0131n eserlerini ve d\u00fc\u015f\u00fcncelerini kar\u015f\u0131la\u015ft\u0131ran Evren, sanat ele\u015ftirisinin de zaman i\u00e7inde nas\u0131l evrildi\u011fini, farkl\u0131 d\u00f6nemlerin sanat anlay\u0131\u015flar\u0131n\u0131 nas\u0131l \u015fekillendirdi\u011fini g\u00f6steriyor. Bu kitap, sadece sanat tarihine de\u011fil, ayn\u0131 zamanda toplumsal tarih, felsefe ve edebiyat gibi pek \u00e7ok disipline de \u0131\u015f\u0131k tutuyor.  <\/p>\n","protected":false},"excerpt":{"rendered":"<p>T\u00fcrkiye ve d\u00fcnya sanat\u0131n\u0131n \u00e7alkant\u0131l\u0131 tarihini, toplumsal olaylar\u0131n sanat \u00fczerindeki derin etkilerini mercek alt\u0131na alan bu eser, sanat ele\u015ftirisine yenilik\u00e7i bir bak\u0131\u015f a\u00e7\u0131s\u0131 getiriyor. S\u00fcreyyya Evren,<span class=\"excerpt-hellip\"> [\u2026]<\/span><\/p>\n","protected":false},"featured_media":0,"template":"","meta":{"_monsterinsights_skip_tracking":false,"_monsterinsights_sitenote_active":false,"_monsterinsights_sitenote_note":"","_monsterinsights_sitenote_category":0},"product_brand":[],"product_cat":[44608,12408],"product_tag":[],"class_list":{"0":"post-765963","1":"product","2":"type-product","3":"status-publish","5":"product_cat-diger-sanat","6":"product_cat-sanat","7":"pa_cilt-ciltsiz","8":"pa_tur-kitap","9":"pa_yayinevi-kafka-yayinevi","10":"pa_yazar-sureyyya-evren","12":"first","13":"instock","14":"sale","15":"shipping-taxable","16":"purchasable","17":"product-type-simple"},"_links":{"self":[{"href":"https:\/\/roveyayinevi.com.tr\/index.php\/wp-json\/wp\/v2\/product\/765963","targetHints":{"allow":["GET"]}}],"collection":[{"href":"https:\/\/roveyayinevi.com.tr\/index.php\/wp-json\/wp\/v2\/product"}],"about":[{"href":"https:\/\/roveyayinevi.com.tr\/index.php\/wp-json\/wp\/v2\/types\/product"}],"wp:attachment":[{"href":"https:\/\/roveyayinevi.com.tr\/index.php\/wp-json\/wp\/v2\/media?parent=765963"}],"wp:term":[{"taxonomy":"product_brand","embeddable":true,"href":"https:\/\/roveyayinevi.com.tr\/index.php\/wp-json\/wp\/v2\/product_brand?post=765963"},{"taxonomy":"product_cat","embeddable":true,"href":"https:\/\/roveyayinevi.com.tr\/index.php\/wp-json\/wp\/v2\/product_cat?post=765963"},{"taxonomy":"product_tag","embeddable":true,"href":"https:\/\/roveyayinevi.com.tr\/index.php\/wp-json\/wp\/v2\/product_tag?post=765963"}],"curies":[{"name":"wp","href":"https:\/\/api.w.org\/{rel}","templated":true}]}}