{"id":765962,"date":"2025-08-28T11:57:49","date_gmt":"2025-08-28T08:57:49","guid":{"rendered":"https:\/\/roveyayinevi.com.tr\/index.php\/urun\/guzel-allahim-ve-guzel-hayatim\/"},"modified":"2026-04-15T03:31:40","modified_gmt":"2026-04-15T00:31:40","slug":"guzel-allahim-ve-guzel-hayatim","status":"publish","type":"product","link":"https:\/\/roveyayinevi.com.tr\/index.php\/urun\/guzel-allahim-ve-guzel-hayatim\/","title":{"rendered":"G\u00fczel Allah\u2019\u0131m ve G\u00fczel Hayat\u0131m"},"content":{"rendered":"<p>Ey y\u00fcce insan!   \u015eu d\u00fcnyada ne \u00f6\u011frenirsen \u00f6\u011fren ve ne bilirsen bil, Ka\u00e7 \u00fcniversite ya da medrese bitirirsen bitir, Allah\u2019\u0131n varl\u0131\u011f\u0131n\u0131 bilmeyince yeterli de\u011fildir.   Fakat hi\u00e7bir \u015fey bilemeyip de yaln\u0131zca Hakk&#8217;\u0131 bilirsen Ve O\u2019nu seversen, o sana t\u00fcm bilmediklerini bildirir.   Yeter ki sen O&#8217;nu tek yard\u0131mc\u0131 ve tek sevgili bil. O zaman O sana rahmet r\u00fczg\u00e2rlar\u0131n\u0131 estirdik\u00e7e estirir.   Kimi s\u0131cakta yanarken, sen g\u00f6lgede gezersin, serin serin. Kimi bunal\u0131mdayken, sen rahat nefes al\u0131rs\u0131n, derin derin. Kimi de bo\u011fulurken, sen okyanusa a\u00e7\u0131l\u0131rs\u0131n, engin engin.   \u00c7\u00fcnk\u00fc senin y\u00fcce Rabbin, her bak\u0131mdan \u00e7ok zengin! <\/p>\n","protected":false},"excerpt":{"rendered":"<p>Ey y\u00fcce insan! \u015eu d\u00fcnyada ne \u00f6\u011frenirsen \u00f6\u011fren ve ne bilirsen bil, Ka\u00e7 \u00fcniversite ya da medrese bitirirsen bitir, Allah\u2019\u0131n varl\u0131\u011f\u0131n\u0131 bilmeyince yeterli de\u011fildir. Fakat hi\u00e7bir<span class=\"excerpt-hellip\"> [\u2026]<\/span><\/p>\n","protected":false},"featured_media":0,"template":"","meta":{"_monsterinsights_skip_tracking":false,"_monsterinsights_sitenote_active":false,"_monsterinsights_sitenote_note":"","_monsterinsights_sitenote_category":0},"product_brand":[],"product_cat":[12777,12291],"product_tag":[],"class_list":{"0":"post-765962","1":"product","2":"type-product","3":"status-publish","5":"product_cat-deneme","6":"product_cat-edebiyat","7":"pa_cilt-ciltsiz","8":"pa_tur-kitap","9":"pa_yayinevi-zet-yayinlari","10":"pa_yazar-muberra-nurten-yildiz","12":"first","13":"instock","14":"sale","15":"shipping-taxable","16":"purchasable","17":"product-type-simple"},"_links":{"self":[{"href":"https:\/\/roveyayinevi.com.tr\/index.php\/wp-json\/wp\/v2\/product\/765962","targetHints":{"allow":["GET"]}}],"collection":[{"href":"https:\/\/roveyayinevi.com.tr\/index.php\/wp-json\/wp\/v2\/product"}],"about":[{"href":"https:\/\/roveyayinevi.com.tr\/index.php\/wp-json\/wp\/v2\/types\/product"}],"wp:attachment":[{"href":"https:\/\/roveyayinevi.com.tr\/index.php\/wp-json\/wp\/v2\/media?parent=765962"}],"wp:term":[{"taxonomy":"product_brand","embeddable":true,"href":"https:\/\/roveyayinevi.com.tr\/index.php\/wp-json\/wp\/v2\/product_brand?post=765962"},{"taxonomy":"product_cat","embeddable":true,"href":"https:\/\/roveyayinevi.com.tr\/index.php\/wp-json\/wp\/v2\/product_cat?post=765962"},{"taxonomy":"product_tag","embeddable":true,"href":"https:\/\/roveyayinevi.com.tr\/index.php\/wp-json\/wp\/v2\/product_tag?post=765962"}],"curies":[{"name":"wp","href":"https:\/\/api.w.org\/{rel}","templated":true}]}}