{"id":765960,"date":"2025-08-28T11:57:46","date_gmt":"2025-08-28T08:57:46","guid":{"rendered":"https:\/\/roveyayinevi.com.tr\/index.php\/urun\/gozlerin\/"},"modified":"2026-04-15T03:31:40","modified_gmt":"2026-04-15T00:31:40","slug":"gozlerin","status":"publish","type":"product","link":"https:\/\/roveyayinevi.com.tr\/index.php\/urun\/gozlerin\/","title":{"rendered":"G\u00f6zlerin"},"content":{"rendered":"<p>G\u00d6ZLER\u0130N Y\u00fcz\u00fcnde parlayan iki g\u00fcne\u015ftir, G\u00fcne\u015fin y\u0131ld\u0131zdan fark\u0131 g\u00f6zlerin. Anad\u0131r, babad\u0131r, bac\u0131, karde\u015ftir Her t\u00fcrl\u00fc yarama, sarg\u0131 g\u00f6zlerin\u2026   Onlar ki g\u00f6z de\u011fil silaht\u0131r bence \u00d6yle bir k\u0131l\u0131\u00e7 ki ucu ipince Hissime ila\u00e7t\u0131r, akla gelince A\u011flat\u0131r garibi t\u00fcrk\u00fc g\u00f6zlerin\u2026   Gezdirir adama gurbet elleri. Susturur \u00f6n\u00fcnde ozan dilleri, Ne \u201cA\u011flama Sevdam\u201d, ne \u201cG\u00fcz G\u00fclleri\u201d Turan\u2019\u0131n sevdi\u011fi \u015fark\u0131 g\u00f6zlerin\u2026 <\/p>\n","protected":false},"excerpt":{"rendered":"<p>G\u00d6ZLER\u0130N Y\u00fcz\u00fcnde parlayan iki g\u00fcne\u015ftir, G\u00fcne\u015fin y\u0131ld\u0131zdan fark\u0131 g\u00f6zlerin. Anad\u0131r, babad\u0131r, bac\u0131, karde\u015ftir Her t\u00fcrl\u00fc yarama, sarg\u0131 g\u00f6zlerin\u2026 Onlar ki g\u00f6z de\u011fil silaht\u0131r bence \u00d6yle bir<span class=\"excerpt-hellip\"> [\u2026]<\/span><\/p>\n","protected":false},"featured_media":0,"template":"","meta":{"_monsterinsights_skip_tracking":false,"_monsterinsights_sitenote_active":false,"_monsterinsights_sitenote_note":"","_monsterinsights_sitenote_category":0},"product_brand":[],"product_cat":[12291,12509],"product_tag":[],"class_list":{"0":"post-765960","1":"product","2":"type-product","3":"status-publish","5":"product_cat-edebiyat","6":"product_cat-siir","7":"pa_cilt-ciltsiz","8":"pa_tur-kitap","9":"pa_yayinevi-zet-yayinlari","10":"pa_yazar-turan-isik","12":"first","13":"instock","14":"sale","15":"shipping-taxable","16":"purchasable","17":"product-type-simple"},"_links":{"self":[{"href":"https:\/\/roveyayinevi.com.tr\/index.php\/wp-json\/wp\/v2\/product\/765960","targetHints":{"allow":["GET"]}}],"collection":[{"href":"https:\/\/roveyayinevi.com.tr\/index.php\/wp-json\/wp\/v2\/product"}],"about":[{"href":"https:\/\/roveyayinevi.com.tr\/index.php\/wp-json\/wp\/v2\/types\/product"}],"wp:attachment":[{"href":"https:\/\/roveyayinevi.com.tr\/index.php\/wp-json\/wp\/v2\/media?parent=765960"}],"wp:term":[{"taxonomy":"product_brand","embeddable":true,"href":"https:\/\/roveyayinevi.com.tr\/index.php\/wp-json\/wp\/v2\/product_brand?post=765960"},{"taxonomy":"product_cat","embeddable":true,"href":"https:\/\/roveyayinevi.com.tr\/index.php\/wp-json\/wp\/v2\/product_cat?post=765960"},{"taxonomy":"product_tag","embeddable":true,"href":"https:\/\/roveyayinevi.com.tr\/index.php\/wp-json\/wp\/v2\/product_tag?post=765960"}],"curies":[{"name":"wp","href":"https:\/\/api.w.org\/{rel}","templated":true}]}}