{"id":765959,"date":"2025-08-28T11:57:45","date_gmt":"2025-08-28T08:57:45","guid":{"rendered":"https:\/\/roveyayinevi.com.tr\/index.php\/urun\/cocuklarda-yas\/"},"modified":"2026-04-15T03:31:40","modified_gmt":"2026-04-15T00:31:40","slug":"cocuklarda-yas","status":"publish","type":"product","link":"https:\/\/roveyayinevi.com.tr\/index.php\/urun\/cocuklarda-yas\/","title":{"rendered":"\u00c7ocuklarda Yas"},"content":{"rendered":"<p>\u0130fade edilmemi\u015f keder tehlikelidir.Bebeklikten ergenli\u011fe kadar pek \u00e7ok \u00e7ocuk, duygular\u0131n\u0131 ke\u015ffetmek, ac\u0131lar\u0131n\u0131n \u00fcstesinden gelmek, ifade edebilmek ve hayat\u0131na devam edebilmek i\u00e7in deste\u011fe, anlay\u0131\u015fa ve rehberli\u011fe ihtiya\u00e7 duyar. Destek verebilecek yeti\u015fkinlerin de \u00e7ocuklar\u0131n bu s\u00fcre\u00e7te neler hissedebilece\u011fini anlama konusunda yard\u0131ma ihtiyac\u0131 vard\u0131r.Uzman klinik psikolog Dr. Corinne Masur, bu kitapta yeti\u015fkinlerin yas tutan bir \u00e7ocu\u011fa yard\u0131m edebilmek i\u00e7in ihtiya\u00e7 duyduklar\u0131 rehberli\u011fi sa\u011fl\u0131yor. Yazar kendi yas s\u00fcrecindeki ki\u015fisel deneyimlerini, dan\u0131\u015fmanl\u0131k sa\u011flad\u0131\u011f\u0131 ailelere y\u00f6nelik g\u00f6zlemlerle birle\u015ftirip akademik \u00e7al\u0131\u015fmalar\u0131yla harmanl\u0131yor. Dr. Masur, farkl\u0131 ya\u015f ve geli\u015fim evrelerindeki \u00e7ocuklar\u0131n kay\u0131plardan nas\u0131l etkilendiklerini ele al\u0131rken farkl\u0131 yas t\u00fcrleriyle de nas\u0131l ba\u015fa \u00e7\u0131k\u0131laca\u011f\u0131n\u0131 inceliyor. \u00c7ocukluklarda yas olgusunu anlamaya y\u00f6nelik bilgilendirici ve kolay anla\u015f\u0131l\u0131r bir rehber olan bu kitap, yeti\u015fkinlerin yas d\u00f6nemindeki \u00e7ocuklar\u0131 desteklemek i\u00e7in kullanabilecekleri pratik ara\u00e7lar da sunuyor. Ebeveynler ve bak\u0131m veren ki\u015filer i\u00e7in haz\u0131rlanan bu rehber, \u00e7ocuklar\u0131n farkl\u0131 ya\u015f ve geli\u015fim a\u015famalar\u0131nda yas s\u00fcrecini nas\u0131l ya\u015fad\u0131\u011f\u0131n\u0131 anlaman\u0131z\u0131 sa\u011flayacak.<\/p>\n","protected":false},"excerpt":{"rendered":"<p>\u0130fade edilmemi\u015f keder tehlikelidir.Bebeklikten ergenli\u011fe kadar pek \u00e7ok \u00e7ocuk, duygular\u0131n\u0131 ke\u015ffetmek, ac\u0131lar\u0131n\u0131n \u00fcstesinden gelmek, ifade edebilmek ve hayat\u0131na devam edebilmek i\u00e7in deste\u011fe, anlay\u0131\u015fa ve rehberli\u011fe ihtiya\u00e7<span class=\"excerpt-hellip\"> [\u2026]<\/span><\/p>\n","protected":false},"featured_media":0,"template":"","meta":{"_monsterinsights_skip_tracking":false,"_monsterinsights_sitenote_active":false,"_monsterinsights_sitenote_note":"","_monsterinsights_sitenote_category":0},"product_brand":[],"product_cat":[12357],"product_tag":[],"class_list":{"0":"post-765959","1":"product","2":"type-product","3":"status-publish","5":"product_cat-psikoloji","6":"pa_cilt-ciltsiz","7":"pa_tur-kitap","8":"pa_yayinevi-serenad-yayinevi","9":"pa_yazar-corinne-masur","11":"first","12":"instock","13":"sale","14":"shipping-taxable","15":"purchasable","16":"product-type-simple"},"_links":{"self":[{"href":"https:\/\/roveyayinevi.com.tr\/index.php\/wp-json\/wp\/v2\/product\/765959","targetHints":{"allow":["GET"]}}],"collection":[{"href":"https:\/\/roveyayinevi.com.tr\/index.php\/wp-json\/wp\/v2\/product"}],"about":[{"href":"https:\/\/roveyayinevi.com.tr\/index.php\/wp-json\/wp\/v2\/types\/product"}],"wp:attachment":[{"href":"https:\/\/roveyayinevi.com.tr\/index.php\/wp-json\/wp\/v2\/media?parent=765959"}],"wp:term":[{"taxonomy":"product_brand","embeddable":true,"href":"https:\/\/roveyayinevi.com.tr\/index.php\/wp-json\/wp\/v2\/product_brand?post=765959"},{"taxonomy":"product_cat","embeddable":true,"href":"https:\/\/roveyayinevi.com.tr\/index.php\/wp-json\/wp\/v2\/product_cat?post=765959"},{"taxonomy":"product_tag","embeddable":true,"href":"https:\/\/roveyayinevi.com.tr\/index.php\/wp-json\/wp\/v2\/product_tag?post=765959"}],"curies":[{"name":"wp","href":"https:\/\/api.w.org\/{rel}","templated":true}]}}