{"id":765956,"date":"2025-08-28T11:57:40","date_gmt":"2025-08-28T08:57:40","guid":{"rendered":"https:\/\/roveyayinevi.com.tr\/index.php\/urun\/turk-siyasal-hayatinda-krizler-kahramanlar-ve-hainler-6-cilt\/"},"modified":"2026-04-15T03:31:40","modified_gmt":"2026-04-15T00:31:40","slug":"turk-siyasal-hayatinda-krizler-kahramanlar-ve-hainler-6-cilt","status":"publish","type":"product","link":"https:\/\/roveyayinevi.com.tr\/index.php\/urun\/turk-siyasal-hayatinda-krizler-kahramanlar-ve-hainler-6-cilt\/","title":{"rendered":"T\u00fcrk Siyasal Hayat\u0131nda Krizler Kahramanlar ve Hainler 6. Cilt"},"content":{"rendered":"<p>T\u00fcrk Siyasal Hayat\u0131nda Krizler Kahramanlar ve Hainler 6. Cilt 12 Eyl\u00fcl Rejimi ve \u00d6zal D\u00f6nemi: 1980-1993<\/p>\n","protected":false},"excerpt":{"rendered":"<p>T\u00fcrk Siyasal Hayat\u0131nda Krizler Kahramanlar ve Hainler 6. Cilt 12 Eyl\u00fcl Rejimi ve \u00d6zal D\u00f6nemi: 1980-1993<\/p>\n","protected":false},"featured_media":0,"template":"","meta":{"_monsterinsights_skip_tracking":false,"_monsterinsights_sitenote_active":false,"_monsterinsights_sitenote_note":"","_monsterinsights_sitenote_category":0},"product_brand":[],"product_cat":[12337,14706],"product_tag":[],"class_list":{"0":"post-765956","1":"product","2":"type-product","3":"status-publish","5":"product_cat-politika-siyaset","6":"product_cat-siyaset-bilimi","7":"pa_cilt-ciltsiz","8":"pa_tur-kitap","9":"pa_yayinevi-orion-kitabevi","10":"pa_yazar-halis-cetin","12":"first","13":"instock","14":"sale","15":"shipping-taxable","16":"purchasable","17":"product-type-simple"},"_links":{"self":[{"href":"https:\/\/roveyayinevi.com.tr\/index.php\/wp-json\/wp\/v2\/product\/765956","targetHints":{"allow":["GET"]}}],"collection":[{"href":"https:\/\/roveyayinevi.com.tr\/index.php\/wp-json\/wp\/v2\/product"}],"about":[{"href":"https:\/\/roveyayinevi.com.tr\/index.php\/wp-json\/wp\/v2\/types\/product"}],"wp:attachment":[{"href":"https:\/\/roveyayinevi.com.tr\/index.php\/wp-json\/wp\/v2\/media?parent=765956"}],"wp:term":[{"taxonomy":"product_brand","embeddable":true,"href":"https:\/\/roveyayinevi.com.tr\/index.php\/wp-json\/wp\/v2\/product_brand?post=765956"},{"taxonomy":"product_cat","embeddable":true,"href":"https:\/\/roveyayinevi.com.tr\/index.php\/wp-json\/wp\/v2\/product_cat?post=765956"},{"taxonomy":"product_tag","embeddable":true,"href":"https:\/\/roveyayinevi.com.tr\/index.php\/wp-json\/wp\/v2\/product_tag?post=765956"}],"curies":[{"name":"wp","href":"https:\/\/api.w.org\/{rel}","templated":true}]}}