{"id":765947,"date":"2025-08-28T11:57:26","date_gmt":"2025-08-28T08:57:26","guid":{"rendered":"https:\/\/roveyayinevi.com.tr\/index.php\/urun\/yabanci-dil-olarak-turkce-ogretimi-surecinde-olcme-ve-degerlendirme\/"},"modified":"2026-04-06T13:38:29","modified_gmt":"2026-04-06T10:38:29","slug":"yabanci-dil-olarak-turkce-ogretimi-surecinde-olcme-ve-degerlendirme","status":"publish","type":"product","link":"https:\/\/roveyayinevi.com.tr\/index.php\/urun\/yabanci-dil-olarak-turkce-ogretimi-surecinde-olcme-ve-degerlendirme\/","title":{"rendered":"Yabanc\u0131 Dil Olarak T\u00fcrk\u00e7e \u00d6\u011fretimi S\u00fcrecinde \u00d6l\u00e7me ve De\u011ferlendirme"},"content":{"rendered":"<p>Bu kitapta ilk olarak \u00f6l\u00e7me ve de\u011ferlendirme kavramlar\u0131na \u00e7e\u015fitli a\u00e7\u0131lardan de\u011finilmi\u015ftir. D\u00f6rt temel dil becerisi, anlama ve anlatma becerileri olmak \u00fczere iki ulamda ele al\u0131nm\u0131\u015ft\u0131r. Her becerinin kuramsal temeli a\u00e7\u0131klanm\u0131\u015f ve de\u011ferlendirme s\u00fcrecinde becerinin temel do\u011fas\u0131n\u0131n \u00f6nemine vurgu yap\u0131lm\u0131\u015ft\u0131r. Her becerinin alt b\u00f6l\u00fcm\u00fcnde, o beceri s\u00fcrecini de\u011ferlendirme s\u00fcrecinde i\u015fe ko\u015fulabilecek g\u00f6rev bi\u00e7imlerine a\u00e7\u0131klama getirilmi\u015f ve \u00f6rnek verilmi\u015ftir. Dilbilgisi ve s\u00f6zvarl\u0131\u011f\u0131n\u0131n de\u011ferlendirme s\u00fcreci ayr\u0131 bir ba\u015fl\u0131k alt\u0131nda ele al\u0131nm\u0131\u015ft\u0131r. Devam eden b\u00f6l\u00fcmlerde tamamlay\u0131c\u0131 de\u011ferlendirme ara\u00e7lar\u0131na, dereceli de\u011ferlendirme ara\u00e7lar\u0131na ve denetim dizelgelerine \u00f6rnekler verilmi\u015ftir. Son olarak d\u00f6ng\u00fcsel etki kavram\u0131 de\u011ferlendirme s\u00fcrecine y\u00f6nelik olumlu ve olumsuz etkisi \u00e7er\u00e7evesinde tart\u0131\u015f\u0131lm\u0131\u015ft\u0131r. Kitab\u0131n temel amac\u0131, yabanc\u0131 dil olarak T\u00fcrk\u00e7e \u00f6\u011fretim s\u00fcrecinde \u00f6l\u00e7me ve de\u011ferlendirmeyle ilgili yakla\u015f\u0131mlar\u0131, ara\u00e7lar\u0131 \u00f6zetlemek b\u00f6ylece okura hem uygulama hem ara\u015ft\u0131rma i\u00e7in bak\u0131\u015f a\u00e7\u0131lar\u0131 sunmakt\u0131r. Yabanc\u0131 Dil Olarak T\u00fcrk\u00e7e \u00d6\u011fretimi S\u00fcrecinde \u00d6l\u00e7me ve De\u011ferlendirme; dinleme, okuma, konu\u015fma ve yazma e\u011fitimi, dilbilgisi ve s\u00f6zc\u00fck da\u011farc\u0131\u011f\u0131n\u0131 \u00f6l\u00e7me ve de\u011ferlendirme konular\u0131na genel bak\u0131\u015f sa\u011flayan bir kitapt\u0131r. Bunun yan\u0131nda kitapta tamamlay\u0131c\u0131 de\u011ferlendirme ara\u00e7lar\u0131na, dereceli de\u011ferlendirme ara\u00e7lar\u0131na, denetim dizelgelerine ve d\u00f6ng\u00fcsel etki kavram\u0131na yer verilmi\u015ftir.<\/p>\n","protected":false},"excerpt":{"rendered":"<p>Bu kitapta ilk olarak \u00f6l\u00e7me ve de\u011ferlendirme kavramlar\u0131na \u00e7e\u015fitli a\u00e7\u0131lardan de\u011finilmi\u015ftir. D\u00f6rt temel dil becerisi, anlama ve anlatma becerileri olmak \u00fczere iki ulamda ele al\u0131nm\u0131\u015ft\u0131r. Her<span class=\"excerpt-hellip\"> [\u2026]<\/span><\/p>\n","protected":false},"featured_media":0,"template":"","meta":{"_monsterinsights_skip_tracking":false,"_monsterinsights_sitenote_active":false,"_monsterinsights_sitenote_note":"","_monsterinsights_sitenote_category":0},"product_brand":[],"product_cat":[12566],"product_tag":[],"class_list":{"0":"post-765947","1":"product","2":"type-product","3":"status-publish","5":"product_cat-egitim","6":"pa_cilt-ciltsiz","7":"pa_tur-kitap","8":"pa_yayinevi-ani-yayincilik","9":"pa_yazar-gokhan-cetinkaya-ozlem-yolcusoy","11":"first","12":"instock","13":"sale","14":"shipping-taxable","15":"purchasable","16":"product-type-simple"},"_links":{"self":[{"href":"https:\/\/roveyayinevi.com.tr\/index.php\/wp-json\/wp\/v2\/product\/765947","targetHints":{"allow":["GET"]}}],"collection":[{"href":"https:\/\/roveyayinevi.com.tr\/index.php\/wp-json\/wp\/v2\/product"}],"about":[{"href":"https:\/\/roveyayinevi.com.tr\/index.php\/wp-json\/wp\/v2\/types\/product"}],"wp:attachment":[{"href":"https:\/\/roveyayinevi.com.tr\/index.php\/wp-json\/wp\/v2\/media?parent=765947"}],"wp:term":[{"taxonomy":"product_brand","embeddable":true,"href":"https:\/\/roveyayinevi.com.tr\/index.php\/wp-json\/wp\/v2\/product_brand?post=765947"},{"taxonomy":"product_cat","embeddable":true,"href":"https:\/\/roveyayinevi.com.tr\/index.php\/wp-json\/wp\/v2\/product_cat?post=765947"},{"taxonomy":"product_tag","embeddable":true,"href":"https:\/\/roveyayinevi.com.tr\/index.php\/wp-json\/wp\/v2\/product_tag?post=765947"}],"curies":[{"name":"wp","href":"https:\/\/api.w.org\/{rel}","templated":true}]}}