{"id":765944,"date":"2025-08-28T11:57:22","date_gmt":"2025-08-28T08:57:22","guid":{"rendered":"https:\/\/roveyayinevi.com.tr\/index.php\/urun\/kadin-olmak-2\/"},"modified":"2026-04-11T03:29:34","modified_gmt":"2026-04-11T00:29:34","slug":"kadin-olmak-2","status":"publish","type":"product","link":"https:\/\/roveyayinevi.com.tr\/index.php\/urun\/kadin-olmak-2\/","title":{"rendered":"Kad\u0131n Olmak"},"content":{"rendered":"<p>\u0130yile\u015fen ve iyile\u015ftiren hik\u00e2yeler\u2026   Hande Ak\u0131n\u2019\u0131n 2014\u2019te yay\u0131nlanan ilk kitab\u0131 Kad\u0131n Olmak, kad\u0131n\u0131n kendini fark etmesine ve g\u00fcc\u00fcn\u00fc geri almas\u0131na daha da fazla ihtiya\u00e7 duydu\u011fumuz \u015fu g\u00fcnlerde yeniden okuyucu ile bulu\u015fuyor.   Sevgi, \u015fefkat ve adaletin \u00e7o\u011falt\u0131lmas\u0131 i\u00e7in sadece kad\u0131nlar\u0131n de\u011fil, toplumun t\u00fcm bireylerinin el ele vermesi gereken bir s\u00fcre\u00e7teyiz. Kad\u0131nlar\u0131n gelecek nesilleri sevgiyle, bilin\u00e7le ve fark\u0131ndal\u0131kla yeti\u015ftirmesi \u00f6nemli olsa da iyile\u015fme yolunda erkeklerin ve kad\u0131nlar\u0131n birlikte ad\u0131m atmas\u0131, sevgi dolu bir toplumun temel ta\u015f\u0131 olacakt\u0131r. Bu kitap, birlikte y\u00fcr\u00fcnmesi gereken bu yolda sorumlulu\u011funu al\u0131p kendi ki\u015fisel geli\u015fimini tamamlamaya cesaret eden kad\u0131nlar ile annesini, kar\u0131s\u0131n\u0131, sevgilisini, k\u0131z evlad\u0131n\u0131, k\u0131z karde\u015fini ve kad\u0131n arkada\u015f\u0131n\u0131 anlamak isteyen erkekler i\u00e7in yaz\u0131ld\u0131.   \u0130yile\u015fmek m\u00fcmk\u00fcn ve bu hepimizin ortak sorumlulu\u011fu. <\/p>\n","protected":false},"excerpt":{"rendered":"<p>\u0130yile\u015fen ve iyile\u015ftiren hik\u00e2yeler\u2026 Hande Ak\u0131n\u2019\u0131n 2014\u2019te yay\u0131nlanan ilk kitab\u0131 Kad\u0131n Olmak, kad\u0131n\u0131n kendini fark etmesine ve g\u00fcc\u00fcn\u00fc geri almas\u0131na daha da fazla ihtiya\u00e7 duydu\u011fumuz \u015fu<span class=\"excerpt-hellip\"> [\u2026]<\/span><\/p>\n","protected":false},"featured_media":0,"template":"","meta":{"_monsterinsights_skip_tracking":false,"_monsterinsights_sitenote_active":false,"_monsterinsights_sitenote_note":"","_monsterinsights_sitenote_category":0},"product_brand":[],"product_cat":[12364,12376],"product_tag":[],"class_list":{"0":"post-765944","1":"product","2":"type-product","3":"status-publish","5":"product_cat-genel-konular","6":"product_cat-kisisel-gelisim","7":"pa_cilt-ciltsiz","8":"pa_tur-kitap","9":"pa_yayinevi-muptela-yayinevi","10":"pa_yazar-hande-akin","12":"first","13":"instock","14":"sale","15":"shipping-taxable","16":"purchasable","17":"product-type-simple"},"_links":{"self":[{"href":"https:\/\/roveyayinevi.com.tr\/index.php\/wp-json\/wp\/v2\/product\/765944","targetHints":{"allow":["GET"]}}],"collection":[{"href":"https:\/\/roveyayinevi.com.tr\/index.php\/wp-json\/wp\/v2\/product"}],"about":[{"href":"https:\/\/roveyayinevi.com.tr\/index.php\/wp-json\/wp\/v2\/types\/product"}],"wp:attachment":[{"href":"https:\/\/roveyayinevi.com.tr\/index.php\/wp-json\/wp\/v2\/media?parent=765944"}],"wp:term":[{"taxonomy":"product_brand","embeddable":true,"href":"https:\/\/roveyayinevi.com.tr\/index.php\/wp-json\/wp\/v2\/product_brand?post=765944"},{"taxonomy":"product_cat","embeddable":true,"href":"https:\/\/roveyayinevi.com.tr\/index.php\/wp-json\/wp\/v2\/product_cat?post=765944"},{"taxonomy":"product_tag","embeddable":true,"href":"https:\/\/roveyayinevi.com.tr\/index.php\/wp-json\/wp\/v2\/product_tag?post=765944"}],"curies":[{"name":"wp","href":"https:\/\/api.w.org\/{rel}","templated":true}]}}