{"id":765943,"date":"2025-08-28T11:57:20","date_gmt":"2025-08-28T08:57:20","guid":{"rendered":"https:\/\/roveyayinevi.com.tr\/index.php\/urun\/rituellerin-sifreleri\/"},"modified":"2026-04-15T03:31:39","modified_gmt":"2026-04-15T00:31:39","slug":"rituellerin-sifreleri","status":"publish","type":"product","link":"https:\/\/roveyayinevi.com.tr\/index.php\/urun\/rituellerin-sifreleri\/","title":{"rendered":"Rit\u00fcellerin \u015eifreleri"},"content":{"rendered":"<p>\u201cR\u0130T\u00dcELLER DE\u011e\u0130\u015e\u0130M E\u015e\u0130KLER\u0130NDE EL\u0130M\u0130ZDEN TUTAR.\u201d   Kadim Bilgelikten Modern Hayata \u0130lham Verici Bir Yolculuk   S\u0131rlar Boh\u00e7as\u0131, Niyet Defteri ve R\u00fcya gibi ba\u015far\u0131l\u0131 kitaplar\u0131n yazar\u0131 Meltem Reyhan, disiplinleraras\u0131 alan ara\u015ft\u0131rmalar\u0131n\u0131 ki\u015fisel birikimiyle harmanlad\u0131\u011f\u0131 yeni kitab\u0131 Rit\u00fcellerin \u015eifreleri ile okurlar\u0131n\u0131, varolu\u015fun gizemli teknolojisi olan rit\u00fcelleri ke\u015ffetmeye davet ediyor.   Rit\u00fcellerle De\u011fi\u015fim E\u015fiklerini A\u015fmak   Hangi rit\u00fcelin tarihi, hangi uygarl\u0131\u011fa dayan\u0131yor? \u00dclkeler ve rit\u00fcelleri aras\u0131ndaki benzerlikler ve farklar neler? Rit\u00fcellerin ya\u015fam\u0131 etkilemedeki rol\u00fc ne? Rit\u00fceller ak\u0131l ve sezgi aras\u0131nda nas\u0131l bir k\u00f6pr\u00fc kurar? Rit\u00fcelleri kullanarak kaosu y\u00f6netmek ve d\u00fczeni dengede tutmak nas\u0131l m\u00fcmk\u00fcn olur? G\u00fcnl\u00fck rutinler nas\u0131l bilin\u00e7li rit\u00fcellere d\u00f6n\u00fc\u015febilir? Bug\u00fcn ve gelecek aras\u0131nda ya\u015fayan k\u00f6pr\u00fcler kurman\u0131n yollar\u0131 neler? Rit\u00fceller: Ge\u00e7mi\u015ften Bug\u00fcne Uzanan Ba\u011flar   Rit\u00fceller yaln\u0131zca geleneksel uygulamalar de\u011fil, ayn\u0131 zamanda ruhsal ve zihinsel denge i\u00e7in g\u00fc\u00e7l\u00fc ara\u00e7lar. Kitap, de\u011fi\u015fim e\u015fiklerinden ge\u00e7erken kullanabilecek rit\u00fcel \u00f6nerileri, basit rutinlerin rit\u00fcel boyutuna ta\u015f\u0131nma y\u00f6ntemleri ve g\u00fcndelik hayat\u0131 i\u00e7sel ger\u00e7eklerle hizalaman\u0131n yollar\u0131n\u0131 sunarken bunu, bizleri tarihsel bir yolculu\u011fa \u00e7\u0131kar\u0131p, rit\u00fcellerin k\u00f6kenlerini kavramam\u0131za rehberlik ederek ger\u00e7ekle\u015ftiriyor.   Fark\u0131ndal\u0131kla Hayata Y\u00f6n Vermek   Meltem Reyhan\u2019\u0131n sade ve i\u00e7ten anlat\u0131m\u0131yla, fark\u0131ndal\u0131k dolu rit\u00fcellerle ya\u015fam\u0131n\u0131za y\u00f6n vermeye ne dersiniz? Her b\u00f6l\u00fcmde, okurlara a\u00e7\u0131k cevaplar veren ve kendi rit\u00fcellerini nas\u0131l olu\u015fturmalar\u0131 gerekti\u011fine dair vizyon sunan kitap hem merak\u0131m\u0131z\u0131 hem de her \u015feye \u015f\u00fcpheyle bakan akl\u0131m\u0131z\u0131 g\u0131d\u0131kl\u0131yor. Bu kitapla \u00e7ok iyi vakit ge\u00e7ireceksiniz! <\/p>\n","protected":false},"excerpt":{"rendered":"<p>\u201cR\u0130T\u00dcELLER DE\u011e\u0130\u015e\u0130M E\u015e\u0130KLER\u0130NDE EL\u0130M\u0130ZDEN TUTAR.\u201d Kadim Bilgelikten Modern Hayata \u0130lham Verici Bir Yolculuk S\u0131rlar Boh\u00e7as\u0131, Niyet Defteri ve R\u00fcya gibi ba\u015far\u0131l\u0131 kitaplar\u0131n yazar\u0131 Meltem Reyhan, disiplinleraras\u0131<span class=\"excerpt-hellip\"> [\u2026]<\/span><\/p>\n","protected":false},"featured_media":0,"template":"","meta":{"_monsterinsights_skip_tracking":false,"_monsterinsights_sitenote_active":false,"_monsterinsights_sitenote_note":"","_monsterinsights_sitenote_category":0},"product_brand":[],"product_cat":[12364,12376],"product_tag":[],"class_list":{"0":"post-765943","1":"product","2":"type-product","3":"status-publish","5":"product_cat-genel-konular","6":"product_cat-kisisel-gelisim","7":"pa_cilt-ciltsiz","8":"pa_tur-kitap","9":"pa_yayinevi-muptela-yayinevi","10":"pa_yazar-meltem-reyhan","12":"first","13":"instock","14":"sale","15":"shipping-taxable","16":"purchasable","17":"product-type-simple"},"_links":{"self":[{"href":"https:\/\/roveyayinevi.com.tr\/index.php\/wp-json\/wp\/v2\/product\/765943","targetHints":{"allow":["GET"]}}],"collection":[{"href":"https:\/\/roveyayinevi.com.tr\/index.php\/wp-json\/wp\/v2\/product"}],"about":[{"href":"https:\/\/roveyayinevi.com.tr\/index.php\/wp-json\/wp\/v2\/types\/product"}],"wp:attachment":[{"href":"https:\/\/roveyayinevi.com.tr\/index.php\/wp-json\/wp\/v2\/media?parent=765943"}],"wp:term":[{"taxonomy":"product_brand","embeddable":true,"href":"https:\/\/roveyayinevi.com.tr\/index.php\/wp-json\/wp\/v2\/product_brand?post=765943"},{"taxonomy":"product_cat","embeddable":true,"href":"https:\/\/roveyayinevi.com.tr\/index.php\/wp-json\/wp\/v2\/product_cat?post=765943"},{"taxonomy":"product_tag","embeddable":true,"href":"https:\/\/roveyayinevi.com.tr\/index.php\/wp-json\/wp\/v2\/product_tag?post=765943"}],"curies":[{"name":"wp","href":"https:\/\/api.w.org\/{rel}","templated":true}]}}