{"id":765941,"date":"2025-08-28T11:57:16","date_gmt":"2025-08-28T08:57:16","guid":{"rendered":"https:\/\/roveyayinevi.com.tr\/index.php\/urun\/karanlik-sarmal\/"},"modified":"2026-04-15T03:31:39","modified_gmt":"2026-04-15T00:31:39","slug":"karanlik-sarmal","status":"publish","type":"product","link":"https:\/\/roveyayinevi.com.tr\/index.php\/urun\/karanlik-sarmal\/","title":{"rendered":"Karanl\u0131k Sarmal"},"content":{"rendered":"<p>Bir zamanlar ona konulan nam\u0131n, bir g\u00fcn gelecek onu bu kadar iyi tarif edebilece\u011fini hi\u00e7 d\u00fc\u015f\u00fcnmemi\u015fti.   Ona g\u00f6re en basit tan\u0131m\u0131yla \u00d6l\u00fcler Diyar\u0131n\u0131n Efendisi idi. Ard\u0131nda b\u0131rakt\u0131\u011f\u0131 y\u00fczlerce \u00f6l\u00fc i\u00e7inde, hayatlar\u0131na onun son vermedi\u011fi birka\u00e7 ki\u015finin ac\u0131s\u0131 d\u0131\u015f\u0131nda hi\u00e7bir \u00f6l\u00fcm ona dokunmam\u0131\u015ft\u0131. Hayat\u0131na son verdikleri, diyar\u0131na kabul ettikleri, bunu \u00e7oktan hak etmi\u015flerdi.   \u015eimdi ona verilen nam\u0131 ger\u00e7ek anlam\u0131yla ta\u015f\u0131d\u0131\u011f\u0131n\u0131 hissediyordu. Kelime anlam\u0131 olarak Hades g\u00f6r\u00fcnmez manas\u0131na geliyordu. Mitolojideki Hades&#8217;i g\u00f6r\u00fcnmez yapan bir mi\u011fferi ve Bident denen iki u\u00e7lu bir asas\u0131 vard\u0131. Bident denen asan\u0131n bir ucu \u00f6l\u00fcm\u00fc, bir ucu ya\u015fam\u0131 temsil ediyordu.   \u015eimdi onun mi\u011fferi k\u0131z\u0131, kendi yeti\u015ftirdi\u011fi Hayalet&#8217;ti.   Asas\u0131n\u0131n \u00f6l\u00fcm\u00fc temsil eden ucu, Azrail&#8217;in elindeydi. En g\u00fc\u00e7l\u00fc m\u00fcttefiki.   Azrail asan\u0131n ucunu \u015fimdiden bilemeye ba\u015flam\u0131\u015ft\u0131 bile. M\u0131zrak benzeri asan\u0131n ucu sivri bir ok olacak, fakat t\u0131pk\u0131 bir orak gibi kullan\u0131lacakt\u0131. De\u011fdi\u011fi her boyundan oluk oluk kan akacak, can\u0131n\u0131 yakan herkesi kendi kan\u0131nda bo\u011facakt\u0131.<\/p>\n","protected":false},"excerpt":{"rendered":"<p>Bir zamanlar ona konulan nam\u0131n, bir g\u00fcn gelecek onu bu kadar iyi tarif edebilece\u011fini hi\u00e7 d\u00fc\u015f\u00fcnmemi\u015fti. Ona g\u00f6re en basit tan\u0131m\u0131yla \u00d6l\u00fcler Diyar\u0131n\u0131n Efendisi idi. Ard\u0131nda<span class=\"excerpt-hellip\"> [\u2026]<\/span><\/p>\n","protected":false},"featured_media":0,"template":"","meta":{"_monsterinsights_skip_tracking":false,"_monsterinsights_sitenote_active":false,"_monsterinsights_sitenote_note":"","_monsterinsights_sitenote_category":0},"product_brand":[],"product_cat":[12803,12291],"product_tag":[],"class_list":{"0":"post-765941","1":"product","2":"type-product","3":"status-publish","5":"product_cat-aksiyon-macera","6":"product_cat-edebiyat","7":"pa_cilt-ciltsiz","8":"pa_tur-kitap","9":"pa_yayinevi-theseus-yayinevi","10":"pa_yazar-aslihan-doga","12":"first","13":"instock","14":"sale","15":"shipping-taxable","16":"purchasable","17":"product-type-simple"},"_links":{"self":[{"href":"https:\/\/roveyayinevi.com.tr\/index.php\/wp-json\/wp\/v2\/product\/765941","targetHints":{"allow":["GET"]}}],"collection":[{"href":"https:\/\/roveyayinevi.com.tr\/index.php\/wp-json\/wp\/v2\/product"}],"about":[{"href":"https:\/\/roveyayinevi.com.tr\/index.php\/wp-json\/wp\/v2\/types\/product"}],"wp:attachment":[{"href":"https:\/\/roveyayinevi.com.tr\/index.php\/wp-json\/wp\/v2\/media?parent=765941"}],"wp:term":[{"taxonomy":"product_brand","embeddable":true,"href":"https:\/\/roveyayinevi.com.tr\/index.php\/wp-json\/wp\/v2\/product_brand?post=765941"},{"taxonomy":"product_cat","embeddable":true,"href":"https:\/\/roveyayinevi.com.tr\/index.php\/wp-json\/wp\/v2\/product_cat?post=765941"},{"taxonomy":"product_tag","embeddable":true,"href":"https:\/\/roveyayinevi.com.tr\/index.php\/wp-json\/wp\/v2\/product_tag?post=765941"}],"curies":[{"name":"wp","href":"https:\/\/api.w.org\/{rel}","templated":true}]}}