{"id":765940,"date":"2025-08-28T11:57:14","date_gmt":"2025-08-28T08:57:14","guid":{"rendered":"https:\/\/roveyayinevi.com.tr\/index.php\/urun\/degmez-2\/"},"modified":"2026-04-08T03:28:10","modified_gmt":"2026-04-08T00:28:10","slug":"degmez-2","status":"publish","type":"product","link":"https:\/\/roveyayinevi.com.tr\/index.php\/urun\/degmez-2\/","title":{"rendered":"De\u011fmez"},"content":{"rendered":"<p>\u201cDe\u011fmez bu yang\u0131n yeri, avu\u00e7 a\u00e7maya de\u011fmez.\u201d \u2014Shakespeare   \u0130smail G\u00fczelsoy; a\u015fka, hayata ve \u00f6l\u00fcme i\u00e7kin bir hik\u00e2ye kuruyor De\u011fmez\u2019de. Hararetli bir co\u011frafya \u00fczerinde, edip Faruk Ferzan\u2019\u0131n masals\u0131 yolculu\u011funa davet ediyor okuru. Bu co\u011frafyan\u0131n erdemli yanlar\u0131 kadar y\u0131k\u0131c\u0131 e\u011filimlerini de anlamaya ve anlatmaya adanm\u0131\u015f Fenn\u00ee Sihirler\u2019deki bu adanm\u0131\u015fl\u0131k h\u00e2lini, \u00e2deta cisimle\u015ftiriyor roman\u0131nda. S\u0131k s\u0131k y\u00f6n de\u011fi\u015ftiren bir akarsuda sihre, ilme, tarihe dokunarak yazma eyleminin b\u00fcy\u00fcl\u00fc \u00f6z\u00fcn\u00fc ve T\u00fcrk\u00e7enin diri, tutkulu varl\u0131\u011f\u0131n\u0131 ortaya koyuyor.   \u201c\u2018Tanr\u0131, insan\u0131n \u00f6l\u00fcms\u00fczl\u00fc\u011fe varm\u0131\u015f h\u00e2linden ba\u015fka bir \u015fey de\u011fil,\u2019 diye cevapl\u0131yordu beni Selman Derman\u00ee. \u2018\u00d6l\u00fcm ile kesilen bir hayat\u0131n hi\u00e7bir anlam\u0131 yoktur. De\u011fmez&#8230; B\u00fct\u00fcn bu \u00e7abalara, sa\u011falmaya, hasta olmaya, iyile\u015fmeye, \u00e7al\u0131\u015fmaya, m\u00fclk edinmeye, \u00e7ocuk yapmaya, \u00e2\u015f\u0131k olmaya de\u011fmez. Lisan \u00f6\u011frenmeye, \u015fiir okumaya, saz dinlemeye, mutlu olmaya de\u011fmez. Ancak \u00f6l\u00fcms\u00fczl\u00fck varsa bu d\u00fcnya hayat\u0131n\u0131n bir anlam\u0131 olabilir. (&#8230;) Kendimi yeniden, s\u0131f\u0131rdan \u00fcretmeyi istiyorum. Bunu yapaca\u011f\u0131m. Hakk\u0131m! Kadere teslim olacaksak ma\u011faralara d\u00f6nelim, haydi!\u201d <\/p>\n","protected":false},"excerpt":{"rendered":"<p>\u201cDe\u011fmez bu yang\u0131n yeri, avu\u00e7 a\u00e7maya de\u011fmez.\u201d \u2014Shakespeare \u0130smail G\u00fczelsoy; a\u015fka, hayata ve \u00f6l\u00fcme i\u00e7kin bir hik\u00e2ye kuruyor De\u011fmez\u2019de. Hararetli bir co\u011frafya \u00fczerinde, edip Faruk Ferzan\u2019\u0131n<span class=\"excerpt-hellip\"> [\u2026]<\/span><\/p>\n","protected":false},"featured_media":0,"template":"","meta":{"_monsterinsights_skip_tracking":false,"_monsterinsights_sitenote_active":false,"_monsterinsights_sitenote_note":"","_monsterinsights_sitenote_category":0},"product_brand":[],"product_cat":[12291,12711],"product_tag":[],"class_list":{"0":"post-765940","1":"product","2":"type-product","3":"status-publish","5":"product_cat-edebiyat","6":"product_cat-roman-oyku","7":"pa_cilt-ciltsiz","8":"pa_tur-kitap","9":"pa_yayinevi-ithaki-yayinlari","10":"pa_yazar-ismail-guzelsoy","12":"first","13":"instock","14":"sale","15":"shipping-taxable","16":"purchasable","17":"product-type-simple"},"_links":{"self":[{"href":"https:\/\/roveyayinevi.com.tr\/index.php\/wp-json\/wp\/v2\/product\/765940","targetHints":{"allow":["GET"]}}],"collection":[{"href":"https:\/\/roveyayinevi.com.tr\/index.php\/wp-json\/wp\/v2\/product"}],"about":[{"href":"https:\/\/roveyayinevi.com.tr\/index.php\/wp-json\/wp\/v2\/types\/product"}],"wp:attachment":[{"href":"https:\/\/roveyayinevi.com.tr\/index.php\/wp-json\/wp\/v2\/media?parent=765940"}],"wp:term":[{"taxonomy":"product_brand","embeddable":true,"href":"https:\/\/roveyayinevi.com.tr\/index.php\/wp-json\/wp\/v2\/product_brand?post=765940"},{"taxonomy":"product_cat","embeddable":true,"href":"https:\/\/roveyayinevi.com.tr\/index.php\/wp-json\/wp\/v2\/product_cat?post=765940"},{"taxonomy":"product_tag","embeddable":true,"href":"https:\/\/roveyayinevi.com.tr\/index.php\/wp-json\/wp\/v2\/product_tag?post=765940"}],"curies":[{"name":"wp","href":"https:\/\/api.w.org\/{rel}","templated":true}]}}