{"id":765939,"date":"2025-08-28T11:57:12","date_gmt":"2025-08-28T08:57:12","guid":{"rendered":"https:\/\/roveyayinevi.com.tr\/index.php\/urun\/enkazdan-paralel-evrene-uyanis\/"},"modified":"2026-04-15T03:31:39","modified_gmt":"2026-04-15T00:31:39","slug":"enkazdan-paralel-evrene-uyanis","status":"publish","type":"product","link":"https:\/\/roveyayinevi.com.tr\/index.php\/urun\/enkazdan-paralel-evrene-uyanis\/","title":{"rendered":"Enkazdan Paralel Evrene Uyan\u0131\u015f"},"content":{"rendered":"<p>Hayat\u0131n\u0131n anlam\u0131n\u0131 yitirdi\u011fi bir anda, Servet g\u00f6z\u00fcn\u00fc bamba\u015fka bir evrende a\u00e7ar. Eski hayat\u0131nda yaln\u0131z bir mobilya ustas\u0131 iken, yeni d\u00fcnyas\u0131nda bir avukat, evli ve bir k\u0131z babas\u0131d\u0131r. Bu ani ge\u00e7i\u015f, onu hem hayal k\u0131r\u0131kl\u0131\u011f\u0131na hem de b\u00fcy\u00fck bir i\u00e7sel \u00e7at\u0131\u015fmaya s\u00fcr\u00fckler.   Adeo&#8217;nun rehberli\u011fiyle, paralel evrenler aras\u0131nda ge\u00e7i\u015f yapabilece\u011fini \u00f6\u011frenen Servet, ge\u00e7mi\u015f ve mevcut hayat\u0131 aras\u0131ndaki farklar\u0131 derinlemesine ke\u015ffetmeye karar verir. Yazmaya ba\u015flad\u0131\u011f\u0131 metinler, sadece bir miras de\u011fil; ayn\u0131 zamanda kimli\u011fini, ya\u015fam\u0131n\u0131n anlam\u0131n\u0131 sorgulayan bir yolculu\u011fun par\u00e7as\u0131d\u0131r.   &#8220;Enkazdan Paralel Evrene Uyan\u0131\u015f&#8221;, Servet&#8217;in karma\u015f\u0131k i\u00e7 d\u00fcnyas\u0131n\u0131 ve evrenler aras\u0131 ge\u00e7i\u015flerin getirdi\u011fi derin sorular\u0131 irdeliyor. K\u0131z\u0131, babas\u0131n\u0131n hayat\u0131na dair bu yaz\u0131lar arac\u0131l\u0131\u011f\u0131yla, yaln\u0131zca bir rehber de\u011fil, ayn\u0131 zamanda iki d\u00fcnyada da ge\u00e7erli olan insan deneyiminin derinli\u011fine tan\u0131kl\u0131k edecek.   Ki\u015fisel bir d\u00f6n\u00fc\u015f\u00fcm hik\u00e2yesi olan bu roman, hayat\u0131n katmanl\u0131 yap\u0131s\u0131n\u0131 ve varolu\u015fsal sorgulamalar\u0131n evrenselli\u011fini g\u00f6zler \u00f6n\u00fcne seriyor. Servet&#8217;in yolculu\u011fu, okuyucuyu kendi i\u00e7sel ke\u015ffine davet ediyor.<\/p>\n","protected":false},"excerpt":{"rendered":"<p>Hayat\u0131n\u0131n anlam\u0131n\u0131 yitirdi\u011fi bir anda, Servet g\u00f6z\u00fcn\u00fc bamba\u015fka bir evrende a\u00e7ar. Eski hayat\u0131nda yaln\u0131z bir mobilya ustas\u0131 iken, yeni d\u00fcnyas\u0131nda bir avukat, evli ve bir k\u0131z<span class=\"excerpt-hellip\"> [\u2026]<\/span><\/p>\n","protected":false},"featured_media":0,"template":"","meta":{"_monsterinsights_skip_tracking":false,"_monsterinsights_sitenote_active":false,"_monsterinsights_sitenote_note":"","_monsterinsights_sitenote_category":0},"product_brand":[],"product_cat":[12540,12291],"product_tag":[],"class_list":{"0":"post-765939","1":"product","2":"type-product","3":"status-publish","5":"product_cat-bilim-kurgu","6":"product_cat-edebiyat","7":"pa_cilt-ciltsiz","8":"pa_tur-kitap","9":"pa_yayinevi-elpis-yayinlari","10":"pa_yazar-hasan-abaci","12":"first","13":"instock","14":"sale","15":"shipping-taxable","16":"purchasable","17":"product-type-simple"},"_links":{"self":[{"href":"https:\/\/roveyayinevi.com.tr\/index.php\/wp-json\/wp\/v2\/product\/765939","targetHints":{"allow":["GET"]}}],"collection":[{"href":"https:\/\/roveyayinevi.com.tr\/index.php\/wp-json\/wp\/v2\/product"}],"about":[{"href":"https:\/\/roveyayinevi.com.tr\/index.php\/wp-json\/wp\/v2\/types\/product"}],"wp:attachment":[{"href":"https:\/\/roveyayinevi.com.tr\/index.php\/wp-json\/wp\/v2\/media?parent=765939"}],"wp:term":[{"taxonomy":"product_brand","embeddable":true,"href":"https:\/\/roveyayinevi.com.tr\/index.php\/wp-json\/wp\/v2\/product_brand?post=765939"},{"taxonomy":"product_cat","embeddable":true,"href":"https:\/\/roveyayinevi.com.tr\/index.php\/wp-json\/wp\/v2\/product_cat?post=765939"},{"taxonomy":"product_tag","embeddable":true,"href":"https:\/\/roveyayinevi.com.tr\/index.php\/wp-json\/wp\/v2\/product_tag?post=765939"}],"curies":[{"name":"wp","href":"https:\/\/api.w.org\/{rel}","templated":true}]}}