{"id":765938,"date":"2025-08-28T11:57:10","date_gmt":"2025-08-28T08:57:10","guid":{"rendered":"https:\/\/roveyayinevi.com.tr\/index.php\/urun\/azraili-olduren-siradan-bir-adamin-oykusu\/"},"modified":"2026-04-15T03:31:39","modified_gmt":"2026-04-15T00:31:39","slug":"azraili-olduren-siradan-bir-adamin-oykusu","status":"publish","type":"product","link":"https:\/\/roveyayinevi.com.tr\/index.php\/urun\/azraili-olduren-siradan-bir-adamin-oykusu\/","title":{"rendered":"Azrail\u2019i \u00d6ld\u00fcren S\u0131radan Bir Adam\u0131n \u00d6yk\u00fcs\u00fc"},"content":{"rendered":"<p>O hep ama hep s\u0131radan kalmal\u0131yd\u0131. Sadece o de\u011fildi en az\u0131ndan; bu saatin her bir par\u00e7as\u0131n\u0131 \u00fcreten fabrikadaki i\u015f\u00e7i, par\u00e7alar\u0131 kontrol eden uzman, par\u00e7alar\u0131n gerekli yerlere ula\u015fmas\u0131n\u0131 sa\u011flayan t\u0131r \u015fof\u00f6r\u00fc, par\u00e7alar\u0131 birle\u015ftiren ve saati bitiren usta, saatin gerekli yerlere ula\u015fmas\u0131n\u0131 sa\u011flayan di\u011fer t\u0131r \u015fof\u00f6r\u00fc, saati satan d\u00fckkan sahibi sat\u0131c\u0131, saati yeti\u015fkin o\u011flu utand\u0131\u011f\u0131 i\u00e7in onun yerine kendisi alan anne, annesini beklerden d\u0131\u015far\u0131daki kald\u0131r\u0131m\u0131n \u00fczerindeki kar\u0131ncalar\u0131 sayan yeti\u015fkin adam, onu g\u00f6r\u00fcp kendi o\u011fluna \u201cbir g\u00fcn sen de b\u00f6yle olacaks\u0131n evlad\u0131m\u201d diyen baba, babas\u0131n\u0131n dedi\u011fi her \u015feye harfiyen uyan \u00e7ocuk, \u00e7ocu\u011fun kafa sallamas\u0131n\u0131 izleyen ve her g\u00fcn balkonda oturup etrafa bakan dul teyze, dul teyzenin tombul kedisi, tombul kedinin yakalamay\u0131 bir t\u00fcrl\u00fc beceremedi\u011fi ku\u015flar, ku\u015flar\u0131n pisledi\u011fi cadde, caddede y\u00fcr\u00fcyen insanlar ve o insanlardan biri olan saat par\u00e7as\u0131 fabrikas\u0131ndaki i\u015f\u00e7i gibi herkes, her \u015fey ve her olay s\u0131radan olacakt\u0131, s\u0131radan olmal\u0131yd\u0131, s\u0131radan kalacakt\u0131 ve s\u0131radand\u0131. Her zaman her \u015fey b\u00f6yle olmu\u015ftu ve, ya da \u00e7\u00fcnk\u00fc, b\u00f6yle olmal\u0131yd\u0131. S\u0131radan ve iz b\u0131rakmadan ya\u015fanmal\u0131yd\u0131.<\/p>\n","protected":false},"excerpt":{"rendered":"<p>O hep ama hep s\u0131radan kalmal\u0131yd\u0131. Sadece o de\u011fildi en az\u0131ndan; bu saatin her bir par\u00e7as\u0131n\u0131 \u00fcreten fabrikadaki i\u015f\u00e7i, par\u00e7alar\u0131 kontrol eden uzman, par\u00e7alar\u0131n gerekli yerlere<span class=\"excerpt-hellip\"> [\u2026]<\/span><\/p>\n","protected":false},"featured_media":0,"template":"","meta":{"_monsterinsights_skip_tracking":false,"_monsterinsights_sitenote_active":false,"_monsterinsights_sitenote_note":"","_monsterinsights_sitenote_category":0},"product_brand":[],"product_cat":[12291,12711],"product_tag":[],"class_list":{"0":"post-765938","1":"product","2":"type-product","3":"status-publish","5":"product_cat-edebiyat","6":"product_cat-roman-oyku","7":"pa_cilt-ciltsiz","8":"pa_tur-kitap","9":"pa_yayinevi-elpis-yayinlari","10":"pa_yazar-egealp-cinar","12":"first","13":"instock","14":"sale","15":"shipping-taxable","16":"purchasable","17":"product-type-simple"},"_links":{"self":[{"href":"https:\/\/roveyayinevi.com.tr\/index.php\/wp-json\/wp\/v2\/product\/765938","targetHints":{"allow":["GET"]}}],"collection":[{"href":"https:\/\/roveyayinevi.com.tr\/index.php\/wp-json\/wp\/v2\/product"}],"about":[{"href":"https:\/\/roveyayinevi.com.tr\/index.php\/wp-json\/wp\/v2\/types\/product"}],"wp:attachment":[{"href":"https:\/\/roveyayinevi.com.tr\/index.php\/wp-json\/wp\/v2\/media?parent=765938"}],"wp:term":[{"taxonomy":"product_brand","embeddable":true,"href":"https:\/\/roveyayinevi.com.tr\/index.php\/wp-json\/wp\/v2\/product_brand?post=765938"},{"taxonomy":"product_cat","embeddable":true,"href":"https:\/\/roveyayinevi.com.tr\/index.php\/wp-json\/wp\/v2\/product_cat?post=765938"},{"taxonomy":"product_tag","embeddable":true,"href":"https:\/\/roveyayinevi.com.tr\/index.php\/wp-json\/wp\/v2\/product_tag?post=765938"}],"curies":[{"name":"wp","href":"https:\/\/api.w.org\/{rel}","templated":true}]}}