{"id":765937,"date":"2025-08-28T11:57:07","date_gmt":"2025-08-28T08:57:07","guid":{"rendered":"https:\/\/roveyayinevi.com.tr\/index.php\/urun\/bozkurtlarin-olumu-2\/"},"modified":"2026-04-15T03:31:39","modified_gmt":"2026-04-15T00:31:39","slug":"bozkurtlarin-olumu-2","status":"publish","type":"product","link":"https:\/\/roveyayinevi.com.tr\/index.php\/urun\/bozkurtlarin-olumu-2\/","title":{"rendered":"Bozkurtlar\u0131n \u00d6l\u00fcm\u00fc"},"content":{"rendered":"<p>Bozkurtlar\u0131n \u00d6l\u00fcm\u00fc, T\u00fcrk milletinin ana yurttaki hayat m\u00fccadelesinin, kahpelik ve entrikalarla sald\u0131ran d\u00fc\u015fmanlarla bo\u011fu\u015fmalar\u0131n\u0131n, \u201changi duyguyla s\u00f6n\u00fcp da\u011f\u0131l\u0131p k\u00fc\u00e7\u00fcld\u00fc\u011f\u00fcm\u00fcz\u00fcn\u201d, ard\u0131ndan T\u00fcrk d\u00fc\u015f\u00fcncesi ya\u015fas\u0131n diye kan\u0131m\u0131z\u0131 nas\u0131l ak\u0131tt\u0131\u011f\u0131m\u0131z\u0131n \u015fanl\u0131 bir destan\u0131d\u0131r. Bu ulu atalar erdeminin yaz\u0131l\u0131\u015f\u0131ndaki s\u00fcr\u00fckleyicilik ve tiplerin kuvveti, b\u00fct\u00fcn okuyucular\u0131 kendine ba\u011flayacakt\u0131r. Bu eser de di\u011fer T\u00fcrk romanlar\u0131 gibi bir\u00e7ok tabloyla s\u00fcslenmi\u015ftir.<\/p>\n","protected":false},"excerpt":{"rendered":"<p>Bozkurtlar\u0131n \u00d6l\u00fcm\u00fc, T\u00fcrk milletinin ana yurttaki hayat m\u00fccadelesinin, kahpelik ve entrikalarla sald\u0131ran d\u00fc\u015fmanlarla bo\u011fu\u015fmalar\u0131n\u0131n, \u201changi duyguyla s\u00f6n\u00fcp da\u011f\u0131l\u0131p k\u00fc\u00e7\u00fcld\u00fc\u011f\u00fcm\u00fcz\u00fcn\u201d, ard\u0131ndan T\u00fcrk d\u00fc\u015f\u00fcncesi ya\u015fas\u0131n diye kan\u0131m\u0131z\u0131 nas\u0131l<span class=\"excerpt-hellip\"> [\u2026]<\/span><\/p>\n","protected":false},"featured_media":0,"template":"","meta":{"_monsterinsights_skip_tracking":false,"_monsterinsights_sitenote_active":false,"_monsterinsights_sitenote_note":"","_monsterinsights_sitenote_category":0},"product_brand":[],"product_cat":[12291,12745],"product_tag":[],"class_list":{"0":"post-765937","1":"product","2":"type-product","3":"status-publish","5":"product_cat-edebiyat","6":"product_cat-tarihi-roman","7":"pa_cilt-ciltsiz","8":"pa_tur-kitap","9":"pa_yayinevi-otuken-nesriyat","10":"pa_yazar-huseyin-nihal-atsiz","12":"first","13":"instock","14":"sale","15":"shipping-taxable","16":"purchasable","17":"product-type-simple"},"_links":{"self":[{"href":"https:\/\/roveyayinevi.com.tr\/index.php\/wp-json\/wp\/v2\/product\/765937","targetHints":{"allow":["GET"]}}],"collection":[{"href":"https:\/\/roveyayinevi.com.tr\/index.php\/wp-json\/wp\/v2\/product"}],"about":[{"href":"https:\/\/roveyayinevi.com.tr\/index.php\/wp-json\/wp\/v2\/types\/product"}],"wp:attachment":[{"href":"https:\/\/roveyayinevi.com.tr\/index.php\/wp-json\/wp\/v2\/media?parent=765937"}],"wp:term":[{"taxonomy":"product_brand","embeddable":true,"href":"https:\/\/roveyayinevi.com.tr\/index.php\/wp-json\/wp\/v2\/product_brand?post=765937"},{"taxonomy":"product_cat","embeddable":true,"href":"https:\/\/roveyayinevi.com.tr\/index.php\/wp-json\/wp\/v2\/product_cat?post=765937"},{"taxonomy":"product_tag","embeddable":true,"href":"https:\/\/roveyayinevi.com.tr\/index.php\/wp-json\/wp\/v2\/product_tag?post=765937"}],"curies":[{"name":"wp","href":"https:\/\/api.w.org\/{rel}","templated":true}]}}