{"id":765935,"date":"2025-08-28T11:57:03","date_gmt":"2025-08-28T08:57:03","guid":{"rendered":"https:\/\/roveyayinevi.com.tr\/index.php\/urun\/bozkurtlar-diriliyor\/"},"modified":"2026-04-15T03:31:39","modified_gmt":"2026-04-15T00:31:39","slug":"bozkurtlar-diriliyor","status":"publish","type":"product","link":"https:\/\/roveyayinevi.com.tr\/index.php\/urun\/bozkurtlar-diriliyor\/","title":{"rendered":"Bozkurtlar Diriliyor"},"content":{"rendered":"<p>Bozkurtlar Diriliyor, T\u00fcrk Ka\u011fanl\u0131\u011f\u0131n\u0131n y\u0131k\u0131l\u0131\u015f\u0131 ve K\u00fcr \u015ead ihtilalinden k\u0131rk y\u0131l sonra Kutluk \u015ead \u00f6nderli\u011finde T\u00fcrklerin yeniden \u015fahlan\u0131\u015f\u0131n\u0131 ve ana yurtta Bozkurt soyunun sanca\u011f\u0131n\u0131n yeniden y\u00fckseli\u015fini K\u00fcr \u015ead\u2019\u0131n o\u011flu Urungu\u2019nun kara baht\u0131 ekseninde anlat\u0131yor. Karanl\u0131k devirlerde atalar\u0131m\u0131z\u0131n \u00fclk\u00fcc\u00fc \u015fuur ve gayretinin sonu\u00e7lar\u0131n\u0131n, \u201changi s\u0131rla parlay\u0131p b\u00fcy\u00fcy\u00fcp a\u00e7\u0131ld\u0131\u011f\u0131m\u0131z\u0131n\u201d yol g\u00f6sterici bir destan\u0131 olan bu b\u00fcy\u00fck T\u00fcrk roman\u0131, bir\u00e7ok tabloyla s\u00fcslenmi\u015ftir.<\/p>\n","protected":false},"excerpt":{"rendered":"<p>Bozkurtlar Diriliyor, T\u00fcrk Ka\u011fanl\u0131\u011f\u0131n\u0131n y\u0131k\u0131l\u0131\u015f\u0131 ve K\u00fcr \u015ead ihtilalinden k\u0131rk y\u0131l sonra Kutluk \u015ead \u00f6nderli\u011finde T\u00fcrklerin yeniden \u015fahlan\u0131\u015f\u0131n\u0131 ve ana yurtta Bozkurt soyunun sanca\u011f\u0131n\u0131n yeniden y\u00fckseli\u015fini<span class=\"excerpt-hellip\"> [\u2026]<\/span><\/p>\n","protected":false},"featured_media":0,"template":"","meta":{"_monsterinsights_skip_tracking":false,"_monsterinsights_sitenote_active":false,"_monsterinsights_sitenote_note":"","_monsterinsights_sitenote_category":0},"product_brand":[],"product_cat":[12291,12745],"product_tag":[],"class_list":{"0":"post-765935","1":"product","2":"type-product","3":"status-publish","5":"product_cat-edebiyat","6":"product_cat-tarihi-roman","7":"pa_cilt-ciltsiz","8":"pa_tur-kitap","9":"pa_yayinevi-otuken-nesriyat","10":"pa_yazar-huseyin-nihal-atsiz","12":"first","13":"instock","14":"sale","15":"shipping-taxable","16":"purchasable","17":"product-type-simple"},"_links":{"self":[{"href":"https:\/\/roveyayinevi.com.tr\/index.php\/wp-json\/wp\/v2\/product\/765935","targetHints":{"allow":["GET"]}}],"collection":[{"href":"https:\/\/roveyayinevi.com.tr\/index.php\/wp-json\/wp\/v2\/product"}],"about":[{"href":"https:\/\/roveyayinevi.com.tr\/index.php\/wp-json\/wp\/v2\/types\/product"}],"wp:attachment":[{"href":"https:\/\/roveyayinevi.com.tr\/index.php\/wp-json\/wp\/v2\/media?parent=765935"}],"wp:term":[{"taxonomy":"product_brand","embeddable":true,"href":"https:\/\/roveyayinevi.com.tr\/index.php\/wp-json\/wp\/v2\/product_brand?post=765935"},{"taxonomy":"product_cat","embeddable":true,"href":"https:\/\/roveyayinevi.com.tr\/index.php\/wp-json\/wp\/v2\/product_cat?post=765935"},{"taxonomy":"product_tag","embeddable":true,"href":"https:\/\/roveyayinevi.com.tr\/index.php\/wp-json\/wp\/v2\/product_tag?post=765935"}],"curies":[{"name":"wp","href":"https:\/\/api.w.org\/{rel}","templated":true}]}}