{"id":765934,"date":"2025-08-28T11:57:01","date_gmt":"2025-08-28T08:57:01","guid":{"rendered":"https:\/\/roveyayinevi.com.tr\/index.php\/urun\/bi-gece-daha\/"},"modified":"2026-04-15T03:31:39","modified_gmt":"2026-04-15T00:31:39","slug":"bi-gece-daha","status":"publish","type":"product","link":"https:\/\/roveyayinevi.com.tr\/index.php\/urun\/bi-gece-daha\/","title":{"rendered":"Bi Gece Daha"},"content":{"rendered":"<p>\u201cBi Gece Daha, sadece birbirinden ilgin\u00e7 hik\u00e2yeleri d\u00fcnya \u00e7ap\u0131ndaki muhte\u015fem bir \u00e7izgiyle okudu\u011fumuz bir \u00e7izgi roman klasi\u011fi de\u011fil, ayn\u0131 zamanda bence hayata yeni bak\u0131\u015f a\u00e7\u0131lar\u0131 sunan, zaman\u0131nda bir\u00e7ok insan\u0131n karakterini belirlemesine yard\u0131mc\u0131 olmu\u015f, \u00f6nemli bir k\u00fclt\u00fcr \u00fcr\u00fcn\u00fcd\u00fcr. Lise y\u0131llar\u0131mda Bi Gece Daha\u2019y\u0131 ke\u015ffetmi\u015f olmasayd\u0131m bug\u00fcn bir \u00e7izer olur muydum, bilmiyorum. Yeni jenerasyonlar bu klasi\u011fe bir kitap olarak kavu\u015facaklar\u0131 i\u00e7in \u00e7ok \u015fansl\u0131lar.\u201d \u2013ERS\u0130N KARABULUT   \u201cPi\u015fmi\u015f Kelle d\u00f6nemi, hayat\u0131m\u0131n en renkli ve en \u00f6\u011fretici sayfalar\u0131n\u0131 olu\u015fturdu. Her hafta yeni bir bulu\u015f yap\u0131p kendi \u015fovlar\u0131m\u0131 sergilemenin tad\u0131n\u0131 \u00e7\u0131kard\u0131\u011f\u0131m, unutulmaz an\u0131larla dolu g\u00fcnlerdi. O g\u00fcnleri; muhte\u015fem g\u00f6zlem yetene\u011fi, ola\u011fan\u00fcst\u00fc desenleri ve jilet gibi temiz \u00e7inisiyle d\u00fcnya \u00e7ap\u0131nda bir yetenek oldu\u011funu d\u00fc\u015f\u00fcnd\u00fc\u011f\u00fcm Kemal Aratan taraf\u0131ndan \u00f6l\u00fcms\u00fczle\u015ftirilmesi beni ziyadesiyle mutlu ediyor. Alb\u00fcm\u00fc her okudu\u011fumda, tekrar tekrar o g\u00fcnlere geri d\u00f6n\u00fcyorum\u2026\u201d \u2013FARUKEN BAYRAKTARE   \u201cK\u00fclt i\u015flerin bir ruhu var. Bi Gece Daha&#8217;n\u0131n ruhu mu Pi\u015fmi\u015f Kelle&#8217;yi efsanele\u015ftirdi, yoksa derginin ruhu mu bu m\u00fcthi\u015f \u00e7izgi seriyi ele ge\u00e7irdi acaba? San\u0131r\u0131m her ikisi de&#8230; Acayip hik\u00e2yelerin, an\u0131lar\u0131n, anlat\u0131lar\u0131n, Pi\u015fmi\u015f Kelle veteranlar\u0131n\u0131n, Kemal Aratan&#8217;\u0131n muhte\u015fem \u00f6tesi \u00e7izgilerinin Bi Gece Daha keyfini \u00e7\u0131karal\u0131m. Sayfalar\u0131 a\u011f\u0131r a\u011f\u0131r \u00e7evirip \u00f6z\u00fcmseyerek&#8230; Aceleye mahal yok&#8230;\u201d \u2013AY\u015eEN BALO\u011eLU<\/p>\n","protected":false},"excerpt":{"rendered":"<p>\u201cBi Gece Daha, sadece birbirinden ilgin\u00e7 hik\u00e2yeleri d\u00fcnya \u00e7ap\u0131ndaki muhte\u015fem bir \u00e7izgiyle okudu\u011fumuz bir \u00e7izgi roman klasi\u011fi de\u011fil, ayn\u0131 zamanda bence hayata yeni bak\u0131\u015f a\u00e7\u0131lar\u0131 sunan,<span class=\"excerpt-hellip\"> [\u2026]<\/span><\/p>\n","protected":false},"featured_media":0,"template":"","meta":{"_monsterinsights_skip_tracking":false,"_monsterinsights_sitenote_active":false,"_monsterinsights_sitenote_note":"","_monsterinsights_sitenote_category":0},"product_brand":[],"product_cat":[12416,12291],"product_tag":[],"class_list":{"0":"post-765934","1":"product","2":"type-product","3":"status-publish","5":"product_cat-cizgi-roman","6":"product_cat-edebiyat","7":"pa_cilt-ciltsiz","8":"pa_tur-kitap","9":"pa_yayinevi-ithaki-yayinlari","10":"pa_yazar-kemal-aratan","12":"first","13":"instock","14":"sale","15":"shipping-taxable","16":"purchasable","17":"product-type-simple"},"_links":{"self":[{"href":"https:\/\/roveyayinevi.com.tr\/index.php\/wp-json\/wp\/v2\/product\/765934","targetHints":{"allow":["GET"]}}],"collection":[{"href":"https:\/\/roveyayinevi.com.tr\/index.php\/wp-json\/wp\/v2\/product"}],"about":[{"href":"https:\/\/roveyayinevi.com.tr\/index.php\/wp-json\/wp\/v2\/types\/product"}],"wp:attachment":[{"href":"https:\/\/roveyayinevi.com.tr\/index.php\/wp-json\/wp\/v2\/media?parent=765934"}],"wp:term":[{"taxonomy":"product_brand","embeddable":true,"href":"https:\/\/roveyayinevi.com.tr\/index.php\/wp-json\/wp\/v2\/product_brand?post=765934"},{"taxonomy":"product_cat","embeddable":true,"href":"https:\/\/roveyayinevi.com.tr\/index.php\/wp-json\/wp\/v2\/product_cat?post=765934"},{"taxonomy":"product_tag","embeddable":true,"href":"https:\/\/roveyayinevi.com.tr\/index.php\/wp-json\/wp\/v2\/product_tag?post=765934"}],"curies":[{"name":"wp","href":"https:\/\/api.w.org\/{rel}","templated":true}]}}