{"id":765931,"date":"2025-08-28T11:56:54","date_gmt":"2025-08-28T08:56:54","guid":{"rendered":"https:\/\/roveyayinevi.com.tr\/index.php\/urun\/meteliksiz-ogrenci\/"},"modified":"2026-04-15T03:31:39","modified_gmt":"2026-04-15T00:31:39","slug":"meteliksiz-ogrenci","status":"publish","type":"product","link":"https:\/\/roveyayinevi.com.tr\/index.php\/urun\/meteliksiz-ogrenci\/","title":{"rendered":"Meteliksiz \u00d6\u011frenci"},"content":{"rendered":"<p>\u201cGer\u00e7ekten hissetmedi\u011fim \u015feyleri s\u00f6ylemek zorunday\u0131m su\u0308rekli, yoksa hayatta kalamam.\u201d   Yirminci yu\u0308zy\u0131l Japon edebiyat\u0131n\u0131n \u00f6nde gelen yazarlar\u0131ndan, s\u0131rad\u0131\u015f\u0131 hayat\u0131yla da me\u015fhur Osamu Dazai\u2019den sanat, \u00f6lu\u0308m ve arzular u\u0308zerine bir k\u0131sa roman: Meteliksiz \u00d6\u011frenci.   Otuzlu ya\u015flarda, Dazai isimli bir yazar i\u00e7ine hi\u00e7 sinmeyen yaz\u0131s\u0131n\u0131 dergiye g\u00f6nderdikten sonra rahatlama aray\u0131\u015f\u0131yla Tamagava Nehri\u2019nin k\u0131y\u0131s\u0131nda yu\u0308ru\u0308yu\u0308\u015fe \u00e7\u0131kar. Zihninde bir su\u0308ru\u0308 du\u0308\u015fu\u0308nceyle nehri izleyen Dazai, nehirde su\u0308ru\u0308klenen bir gen\u00e7 g\u00f6ru\u0308r ve onu kurtarmak i\u00e7in suya do\u011fru ko\u015far. \u0130kisi aras\u0131nda entelektu\u0308el bir at\u0131\u015fmaya d\u00f6nu\u0308\u015fen beklenmedik bir sohbet ba\u015flar. Liseyi terk eden bu gence kendini sevdirmeyi uman Dazai, kendini o gece \u00e7ocu\u011fun yerine bir film g\u00f6steriminde canl\u0131 anlat\u0131c\u0131 olarak sahne almay\u0131 kabul edece\u011fi birtak\u0131m garip durumlar\u0131n i\u00e7inde bulacakt\u0131r.<\/p>\n","protected":false},"excerpt":{"rendered":"<p>\u201cGer\u00e7ekten hissetmedi\u011fim \u015feyleri s\u00f6ylemek zorunday\u0131m su\u0308rekli, yoksa hayatta kalamam.\u201d Yirminci yu\u0308zy\u0131l Japon edebiyat\u0131n\u0131n \u00f6nde gelen yazarlar\u0131ndan, s\u0131rad\u0131\u015f\u0131 hayat\u0131yla da me\u015fhur Osamu Dazai\u2019den sanat, \u00f6lu\u0308m ve arzular<span class=\"excerpt-hellip\"> [\u2026]<\/span><\/p>\n","protected":false},"featured_media":0,"template":"","meta":{"_monsterinsights_skip_tracking":false,"_monsterinsights_sitenote_active":false,"_monsterinsights_sitenote_note":"","_monsterinsights_sitenote_category":0},"product_brand":[],"product_cat":[12291,12711],"product_tag":[],"class_list":{"0":"post-765931","1":"product","2":"type-product","3":"status-publish","5":"product_cat-edebiyat","6":"product_cat-roman-oyku","7":"pa_cilt-ciltsiz","8":"pa_tur-kitap","9":"pa_yayinevi-ithaki-yayinlari","10":"pa_yazar-osamu-dazai","12":"first","13":"instock","14":"sale","15":"shipping-taxable","16":"purchasable","17":"product-type-simple"},"_links":{"self":[{"href":"https:\/\/roveyayinevi.com.tr\/index.php\/wp-json\/wp\/v2\/product\/765931","targetHints":{"allow":["GET"]}}],"collection":[{"href":"https:\/\/roveyayinevi.com.tr\/index.php\/wp-json\/wp\/v2\/product"}],"about":[{"href":"https:\/\/roveyayinevi.com.tr\/index.php\/wp-json\/wp\/v2\/types\/product"}],"wp:attachment":[{"href":"https:\/\/roveyayinevi.com.tr\/index.php\/wp-json\/wp\/v2\/media?parent=765931"}],"wp:term":[{"taxonomy":"product_brand","embeddable":true,"href":"https:\/\/roveyayinevi.com.tr\/index.php\/wp-json\/wp\/v2\/product_brand?post=765931"},{"taxonomy":"product_cat","embeddable":true,"href":"https:\/\/roveyayinevi.com.tr\/index.php\/wp-json\/wp\/v2\/product_cat?post=765931"},{"taxonomy":"product_tag","embeddable":true,"href":"https:\/\/roveyayinevi.com.tr\/index.php\/wp-json\/wp\/v2\/product_tag?post=765931"}],"curies":[{"name":"wp","href":"https:\/\/api.w.org\/{rel}","templated":true}]}}