{"id":765925,"date":"2025-08-28T11:56:41","date_gmt":"2025-08-28T08:56:41","guid":{"rendered":"https:\/\/roveyayinevi.com.tr\/index.php\/urun\/kucuk-bay-ve-bayanlar-10-klasik-oyku-3-ciltli\/"},"modified":"2025-09-30T20:18:55","modified_gmt":"2025-09-30T17:18:55","slug":"kucuk-bay-ve-bayanlar-10-klasik-oyku-3-ciltli","status":"publish","type":"product","link":"https:\/\/roveyayinevi.com.tr\/index.php\/urun\/kucuk-bay-ve-bayanlar-10-klasik-oyku-3-ciltli\/","title":{"rendered":"K\u00fc\u00e7\u00fck Bay ve Bayanlar 10 Klasik \u00d6yk\u00fc 3 (Ciltli)"},"content":{"rendered":"<p>1971 y\u0131l\u0131nda Roger Hargreaves taraf\u0131ndan yarat\u0131lan K\u00fc\u00e7\u00fck Bay ve Bayanlar, renkli karakterleri ve mizah dolu anlat\u0131lar\u0131yla y\u0131llar boyunca \u00e7ocuklar\u0131n hayal g\u00fcc\u00fcn\u00fc besledi, pek \u00e7ok neslin sevgisini kazand\u0131.   Tek ciltlik bu \u00f6zel se\u00e7kide, \u00e7ocuklar\u0131n ve ailelerin kalplerinde taht kuran klasik \u00f6yk\u00fcler bulacaks\u0131n\u0131z.   Bir \u00e7aydanl\u0131kta ya\u015fayacak kadar tuhaf ve komik, koyunlar\u0131 bile g\u00fcld\u00fcrecek kadar unutkan, en bak\u0131ms\u0131z haliyle bile \u015fahane, her yere z\u0131playarak gidecek kadar k\u0131p\u0131r k\u0131p\u0131r t\u00fcrl\u00fc \u00f6zg\u00fcn kahraman\u0131yla K\u00fc\u00e7\u00fck Bay ve Bayanlar, yar\u0131m as\u0131rdan uzun s\u00fcredir d\u00fcnya \u00e7ap\u0131nda 100 milyondan fazla \u00e7ocu\u011fun y\u00fcz\u00fcn\u00fc g\u00fcld\u00fcr\u00fcyor.   \u015eimdi s\u0131ra \u00e7ocu\u011funuzda ve sizde! <\/p>\n","protected":false},"excerpt":{"rendered":"<p>1971 y\u0131l\u0131nda Roger Hargreaves taraf\u0131ndan yarat\u0131lan K\u00fc\u00e7\u00fck Bay ve Bayanlar, renkli karakterleri ve mizah dolu anlat\u0131lar\u0131yla y\u0131llar boyunca \u00e7ocuklar\u0131n hayal g\u00fcc\u00fcn\u00fc besledi, pek \u00e7ok neslin sevgisini<span class=\"excerpt-hellip\"> [\u2026]<\/span><\/p>\n","protected":false},"featured_media":0,"template":"","meta":{"_monsterinsights_skip_tracking":false,"_monsterinsights_sitenote_active":false,"_monsterinsights_sitenote_note":"","_monsterinsights_sitenote_category":0},"product_brand":[],"product_cat":[12274,12518],"product_tag":[],"class_list":{"0":"post-765925","1":"product","2":"type-product","3":"status-publish","5":"product_cat-cocuk-ve-genclik-kitaplari","6":"product_cat-okul-oncesi-kitaplar","7":"pa_cilt-ciltli","8":"pa_tur-kitap","9":"pa_yayinevi-dogan-cocuk","10":"pa_yazar-roger-hargreaves","12":"first","13":"instock","14":"sale","15":"shipping-taxable","16":"purchasable","17":"product-type-simple"},"_links":{"self":[{"href":"https:\/\/roveyayinevi.com.tr\/index.php\/wp-json\/wp\/v2\/product\/765925","targetHints":{"allow":["GET"]}}],"collection":[{"href":"https:\/\/roveyayinevi.com.tr\/index.php\/wp-json\/wp\/v2\/product"}],"about":[{"href":"https:\/\/roveyayinevi.com.tr\/index.php\/wp-json\/wp\/v2\/types\/product"}],"wp:attachment":[{"href":"https:\/\/roveyayinevi.com.tr\/index.php\/wp-json\/wp\/v2\/media?parent=765925"}],"wp:term":[{"taxonomy":"product_brand","embeddable":true,"href":"https:\/\/roveyayinevi.com.tr\/index.php\/wp-json\/wp\/v2\/product_brand?post=765925"},{"taxonomy":"product_cat","embeddable":true,"href":"https:\/\/roveyayinevi.com.tr\/index.php\/wp-json\/wp\/v2\/product_cat?post=765925"},{"taxonomy":"product_tag","embeddable":true,"href":"https:\/\/roveyayinevi.com.tr\/index.php\/wp-json\/wp\/v2\/product_tag?post=765925"}],"curies":[{"name":"wp","href":"https:\/\/api.w.org\/{rel}","templated":true}]}}