{"id":765923,"date":"2025-08-28T11:56:37","date_gmt":"2025-08-28T08:56:37","guid":{"rendered":"https:\/\/roveyayinevi.com.tr\/index.php\/urun\/goosebumps-5-arabadaki-hayalet\/"},"modified":"2026-04-15T03:31:39","modified_gmt":"2026-04-15T00:31:39","slug":"goosebumps-5-arabadaki-hayalet","status":"publish","type":"product","link":"https:\/\/roveyayinevi.com.tr\/index.php\/urun\/goosebumps-5-arabadaki-hayalet\/","title":{"rendered":"Goosebumps 5 -Arabadaki Hayalet"},"content":{"rendered":"<p>HAYALETLER, MOTORLARINIZI \u00c7ALI\u015eTIRIN! Mitchell Moinian, arabaya bakmak i\u00e7in odas\u0131n\u0131n penceresine gidip duruyordu. Sokak lambas\u0131n\u0131n \u0131\u015f\u0131\u011f\u0131nda araban\u0131n krom tamponlar\u0131 par\u0131ld\u0131yor ve \u015f\u0131k mavi g\u00f6vdesi \u0131\u015f\u0131ld\u0131yordu. Mitchell daha fazla dayanamayacakt\u0131. Gidip o arabaya binmek zorundayd\u0131. Nefesini tutarak usulca merdivenden indi ve \u00f6n kap\u0131dan \u00e7\u0131kt\u0131. Araban\u0131n etraf\u0131ndan dolanarak s\u00fcr\u00fcc\u00fc taraf\u0131na gitti ve kap\u0131 kolunu tuttu. \u201cHadi durma,\u201d diye f\u0131s\u0131ldad\u0131 bir ses. \u201cBin.\u201d Mitchell ne kadar korkutucu bir yolculu\u011fa \u00e7\u0131kaca\u011f\u0131ndan hen\u00fcz habersizdi. \u201cKalbim k\u00fct k\u00fct atarken el yordam\u0131yla tekrar kilit kumandas\u0131n\u0131 buldum. Kahkahay\u0131 duyunca durdum. Yumu\u015fak, tiz bir kahkahayd\u0131 bu. Bir k\u0131z\u0131n kahkahas\u0131. \u2018Hey&#8230; Kim var orada?\u2019 diye seslendim nefesim kesilerek. Kahkaha devam etti, yumu\u015fak ama duygusuzdu. &#8216;Kim g\u00fcl\u00fcyor?&#8217; Ba\u015f\u0131m\u0131 s\u00fcr\u00fcc\u00fc penceresine \u00e7evirdim. Karanl\u0131\u011fa bakt\u0131m ve bana bakan bir y\u00fcz g\u00f6rd\u00fcm.\u201d <\/p>\n","protected":false},"excerpt":{"rendered":"<p>HAYALETLER, MOTORLARINIZI \u00c7ALI\u015eTIRIN! Mitchell Moinian, arabaya bakmak i\u00e7in odas\u0131n\u0131n penceresine gidip duruyordu. Sokak lambas\u0131n\u0131n \u0131\u015f\u0131\u011f\u0131nda araban\u0131n krom tamponlar\u0131 par\u0131ld\u0131yor ve \u015f\u0131k mavi g\u00f6vdesi \u0131\u015f\u0131ld\u0131yordu. Mitchell daha<span class=\"excerpt-hellip\"> [\u2026]<\/span><\/p>\n","protected":false},"featured_media":0,"template":"","meta":{"_monsterinsights_skip_tracking":false,"_monsterinsights_sitenote_active":false,"_monsterinsights_sitenote_note":"","_monsterinsights_sitenote_category":0},"product_brand":[],"product_cat":[12291,12711],"product_tag":[],"class_list":{"0":"post-765923","1":"product","2":"type-product","3":"status-publish","5":"product_cat-edebiyat","6":"product_cat-roman-oyku","7":"pa_cilt-ciltsiz","8":"pa_tur-kitap","9":"pa_yayinevi-x-libris","10":"pa_yazar-r-l-stine","12":"first","13":"instock","14":"sale","15":"shipping-taxable","16":"purchasable","17":"product-type-simple"},"_links":{"self":[{"href":"https:\/\/roveyayinevi.com.tr\/index.php\/wp-json\/wp\/v2\/product\/765923","targetHints":{"allow":["GET"]}}],"collection":[{"href":"https:\/\/roveyayinevi.com.tr\/index.php\/wp-json\/wp\/v2\/product"}],"about":[{"href":"https:\/\/roveyayinevi.com.tr\/index.php\/wp-json\/wp\/v2\/types\/product"}],"wp:attachment":[{"href":"https:\/\/roveyayinevi.com.tr\/index.php\/wp-json\/wp\/v2\/media?parent=765923"}],"wp:term":[{"taxonomy":"product_brand","embeddable":true,"href":"https:\/\/roveyayinevi.com.tr\/index.php\/wp-json\/wp\/v2\/product_brand?post=765923"},{"taxonomy":"product_cat","embeddable":true,"href":"https:\/\/roveyayinevi.com.tr\/index.php\/wp-json\/wp\/v2\/product_cat?post=765923"},{"taxonomy":"product_tag","embeddable":true,"href":"https:\/\/roveyayinevi.com.tr\/index.php\/wp-json\/wp\/v2\/product_tag?post=765923"}],"curies":[{"name":"wp","href":"https:\/\/api.w.org\/{rel}","templated":true}]}}