{"id":765922,"date":"2025-08-28T11:56:35","date_gmt":"2025-08-28T08:56:35","guid":{"rendered":"https:\/\/roveyayinevi.com.tr\/index.php\/urun\/akil-odalari\/"},"modified":"2026-02-03T03:33:00","modified_gmt":"2026-02-03T00:33:00","slug":"akil-odalari","status":"publish","type":"product","link":"https:\/\/roveyayinevi.com.tr\/index.php\/urun\/akil-odalari\/","title":{"rendered":"Ak\u0131l Odalar\u0131"},"content":{"rendered":"<p>Size meydan okuyoruz.  Bu nefes kesici roman\u0131n sonunu asla tahmin edemeyeceksiniz!   Karanl\u0131k bir oda. Ger\u00e7ekler i\u00e7in hayallerini feda eden Doktor. Hayalleri i\u00e7in ger\u00e7eklerden vazge\u00e7en G\u00f6lge. S\u00fcre \u0131\u015f\u0131klar yan\u0131ncaya kadar. Doktor\u2019un karanl\u0131k odadan kurtulmas\u0131 ve G\u00f6lge\u2019yi yakalamas\u0131 i\u00e7in, tehlikede olan \u00fc\u00e7 ki\u015finin kafa kar\u0131\u015ft\u0131ran bulmacas\u0131n\u0131 \u00e7\u00f6zmesi gerekiyor.   Bir dizi elektronik posta mesaj\u0131, yat\u0131r\u0131m uzman\u0131 Steve\u2019in hayat\u0131n\u0131 alt\u00fcst edebilecek mi? Edit\u00f6r Lissa, bilgisayar\u0131n\u0131 ele ge\u00e7iren korsan ile i\u015f birli\u011fi yap\u0131p d\u00fcnyan\u0131n en b\u00fcy\u00fck yay\u0131nevini y\u0131kabilecek mi?   Yazarl\u0131k at\u00f6lyesine kat\u0131lan Martin, kurgu ile ger\u00e7ek aras\u0131nda kald\u0131\u011f\u0131 anda d\u00fc\u015fman bir g\u00fcce ait gizli ajanlar\u0131n sald\u0131r\u0131s\u0131ndan kurtulabilecek mi?   \u00d6yle bir ak\u0131l oyunu ki girdab\u0131yla sizi i\u00e7ine \u00e7ekecek ve sorulan her soru cevaps\u0131z ba\u015fka bir soruyu do\u011furacak. Fatih Cem G\u00fclbent\u2019in \u0130ngilizcede yay\u0131nlanan son roman\u0131 art\u0131k T\u00fcrk\u00e7ede. Bu e\u015fsiz kurguda belki kendinizi bulacak, belki de akl\u0131n\u0131z\u0131n odalar\u0131nda kaybolacaks\u0131n\u0131z. Sizin de \u0131\u015f\u0131klar yan\u0131ncaya kadar vaktiniz var.    Unutmay\u0131n! \u00c7\u00f6zemedi\u011finiz her bir ak\u0131l odas\u0131 yeni odalar\u0131 in\u015fa edecek.  <\/p>\n","protected":false},"excerpt":{"rendered":"<p>Size meydan okuyoruz. Bu nefes kesici roman\u0131n sonunu asla tahmin edemeyeceksiniz! Karanl\u0131k bir oda. Ger\u00e7ekler i\u00e7in hayallerini feda eden Doktor. Hayalleri i\u00e7in ger\u00e7eklerden vazge\u00e7en G\u00f6lge. S\u00fcre<span class=\"excerpt-hellip\"> [\u2026]<\/span><\/p>\n","protected":false},"featured_media":0,"template":"","meta":{"_monsterinsights_skip_tracking":false,"_monsterinsights_sitenote_active":false,"_monsterinsights_sitenote_note":"","_monsterinsights_sitenote_category":0},"product_brand":[],"product_cat":[12540,12291],"product_tag":[],"class_list":{"0":"post-765922","1":"product","2":"type-product","3":"status-publish","5":"product_cat-bilim-kurgu","6":"product_cat-edebiyat","7":"pa_cilt-ciltsiz","8":"pa_tur-kitap","9":"pa_yayinevi-dex-yayinevi","10":"pa_yazar-fatih-cem-gulbent","12":"first","13":"instock","14":"sale","15":"shipping-taxable","16":"purchasable","17":"product-type-simple"},"_links":{"self":[{"href":"https:\/\/roveyayinevi.com.tr\/index.php\/wp-json\/wp\/v2\/product\/765922","targetHints":{"allow":["GET"]}}],"collection":[{"href":"https:\/\/roveyayinevi.com.tr\/index.php\/wp-json\/wp\/v2\/product"}],"about":[{"href":"https:\/\/roveyayinevi.com.tr\/index.php\/wp-json\/wp\/v2\/types\/product"}],"wp:attachment":[{"href":"https:\/\/roveyayinevi.com.tr\/index.php\/wp-json\/wp\/v2\/media?parent=765922"}],"wp:term":[{"taxonomy":"product_brand","embeddable":true,"href":"https:\/\/roveyayinevi.com.tr\/index.php\/wp-json\/wp\/v2\/product_brand?post=765922"},{"taxonomy":"product_cat","embeddable":true,"href":"https:\/\/roveyayinevi.com.tr\/index.php\/wp-json\/wp\/v2\/product_cat?post=765922"},{"taxonomy":"product_tag","embeddable":true,"href":"https:\/\/roveyayinevi.com.tr\/index.php\/wp-json\/wp\/v2\/product_tag?post=765922"}],"curies":[{"name":"wp","href":"https:\/\/api.w.org\/{rel}","templated":true}]}}