{"id":765917,"date":"2025-08-28T11:56:27","date_gmt":"2025-08-28T08:56:27","guid":{"rendered":"https:\/\/roveyayinevi.com.tr\/index.php\/urun\/kar-topu-ilk-cizgi-romanim\/"},"modified":"2026-04-15T03:31:39","modified_gmt":"2026-04-15T00:31:39","slug":"kar-topu-ilk-cizgi-romanim","status":"publish","type":"product","link":"https:\/\/roveyayinevi.com.tr\/index.php\/urun\/kar-topu-ilk-cizgi-romanim\/","title":{"rendered":"Kar Topu &#8211; \u0130lk \u00c7izgi Roman\u0131m"},"content":{"rendered":"<p>Sessiz kitaplarla \u00e7izgi roman d\u00fcnyas\u0131na merhaba! Okumay\u0131 s\u00f6ken \u00e7ocuklar\u0131 \u00e7izgili hik\u00e2yelerle bulu\u015fturan &#8221;\u0130lk \u00c7izgi Roman\u0131m&#8221; koleksiyonu, &#8221;Sessiz Kitaplar&#8221; serisiyle hedef kitlesini geni\u015fletiyor. \u00dc\u00e7 ya\u015f ve \u00fczeri minikler i\u00e7in \u00f6zel olarak tasarlanan bu &#8221;yaz\u0131s\u0131z&#8221; \u00e7izgi romanlar, \u00e7ocuklar\u0131n g\u00f6rsel okuma becerilerini geli\u015ftiriyor; e\u011flenerek \u00f6\u011frenme s\u00fcrecini destekliyor. Hik\u00e2yenin kurgusunu panellerdeki olay ak\u0131\u015f\u0131n\u0131 takip ederek kavramaya \u00e7al\u0131\u015fan k\u00fc\u00e7\u00fckler, herhangi bir metne ba\u011fl\u0131 kalmadan g\u00f6rsellere bakarak hik\u00e2yeyi tekrar tekrar yazman\u0131n ve kendi s\u00f6zc\u00fckleriyle anlatman\u0131n keyfini \u00e7\u0131kar\u0131yor. Kitaplar\u0131n giri\u015f b\u00f6l\u00fcm\u00fcnde payla\u015f\u0131lan y\u00f6nergeler b\u00fcy\u00fcklerin \u00e7ocuklar\u0131 do\u011fru y\u00f6nlendirmesine rehberlik ederken, sessiz kitap okuman\u0131n inceliklerini aktar\u0131yor, \u00e7e\u015fitli g\u00f6rsel semboller ve anlamlar\u0131 hakk\u0131nda ipu\u00e7lar\u0131 da veriyor.  Desen taraf\u0131ndan yay\u0131mlanacak yepyeni kitaplarla zenginle\u015fecek bu de\u011ferli koleksiyon, dokuzuncu sanat k\u00fclt\u00fcr\u00fcn\u00fcn ve gelene\u011finin \u00fclkemizde erken ya\u015flarda tan\u0131nmas\u0131 hususunda \u00f6nemli bir misyon \u00fcstleniyor.  Evet, yanl\u0131\u015f g\u00f6rm\u00fcyorsunuz: Bu kitapta sadece resim var!&#8221;Yaz\u0131s\u0131z kitap m\u0131 olurmu\u015f?&#8221; demeyin sak\u0131n.Tek kelime kullanmadan da harika bir hik\u00e2ye anlat\u0131labilir.T\u0131pk\u0131 Kar Topu&#8217;nun bizi ta Kuzey Kutbu&#8217;na g\u00f6t\u00fcren maceras\u0131nda oldu\u011fu gibi&#8230;Etrafta ne \u00e7ok kar var, her yer nas\u0131l da bembeyaz! Yoksa bu dingin beyazl\u0131\u011f\u0131n ard\u0131nda korkun\u00e7 bir felaketin ayak sesleri mi yakla\u015f\u0131yor?Eyvah, buz k\u00fctlesi k\u0131r\u0131l\u0131nca Kartopu ailesinden ayr\u0131 d\u00fc\u015fmek zorunda kald\u0131. Yavru tilki i\u00e7in kar f\u0131rt\u0131nas\u0131nda d\u00f6n\u00fc\u015f yolunu bulmak hi\u00e7 de kolay de\u011fil. Neyse ki, dondurucu so\u011fu\u011fa ra\u011fmen arkada\u015fl\u0131\u011f\u0131n s\u0131cakl\u0131\u011f\u0131 kahraman\u0131m\u0131z\u0131 g\u00fcvende tutmay\u0131 ba\u015far\u0131yor.Fabien Fernandez ile Benjamin Strickler&#8217;lerin ortak imzas\u0131n\u0131 ta\u015f\u0131yan Kar Topu k\u00fc\u00e7\u00fck kalpleri b\u00fcy\u00fctecek, macera dolu bir \u00e7izgi roman.Peki bu kitap nas\u0131l m\u0131 okunmal\u0131?G\u00f6zlerinizi kocaman a\u00e7\u0131n ve hemen ilk sayfadan hik\u00e2yenin i\u00e7ine bal\u0131klama dal\u0131n.Paneller aras\u0131nda gezindik\u00e7e, diledi\u011finiz yere hayal\u00ee konu\u015fma balonlar\u0131 ekleyebilir, k\u00fc\u00e7\u00fck ses efektleriyle anlat\u0131n\u0131z\u0131 canland\u0131rabilirsiniz.Evet, t\u00fcm\u00fcyle \u00f6zg\u00fcrs\u00fcn\u00fcz. Ne de olsa, bu kitab\u0131n yazar\u0131 art\u0131k sizsiniz!<\/p>\n","protected":false},"excerpt":{"rendered":"<p>Sessiz kitaplarla \u00e7izgi roman d\u00fcnyas\u0131na merhaba! Okumay\u0131 s\u00f6ken \u00e7ocuklar\u0131 \u00e7izgili hik\u00e2yelerle bulu\u015fturan &#8221;\u0130lk \u00c7izgi Roman\u0131m&#8221; koleksiyonu, &#8221;Sessiz Kitaplar&#8221; serisiyle hedef kitlesini geni\u015fletiyor. \u00dc\u00e7 ya\u015f ve \u00fczeri<span class=\"excerpt-hellip\"> [\u2026]<\/span><\/p>\n","protected":false},"featured_media":0,"template":"","meta":{"_monsterinsights_skip_tracking":false,"_monsterinsights_sitenote_active":false,"_monsterinsights_sitenote_note":"","_monsterinsights_sitenote_category":0},"product_brand":[],"product_cat":[12689,12274],"product_tag":[],"class_list":{"0":"post-765917","1":"product","2":"type-product","3":"status-publish","5":"product_cat-cizgi-roman-cocuk-ve-genclik-kitaplari","6":"product_cat-cocuk-ve-genclik-kitaplari","7":"pa_cilt-ciltsiz","8":"pa_tur-kitap","9":"pa_yayinevi-desen-yayinlari","10":"pa_yazar-fabien-fernandez","12":"first","13":"instock","14":"sale","15":"shipping-taxable","16":"purchasable","17":"product-type-simple"},"_links":{"self":[{"href":"https:\/\/roveyayinevi.com.tr\/index.php\/wp-json\/wp\/v2\/product\/765917","targetHints":{"allow":["GET"]}}],"collection":[{"href":"https:\/\/roveyayinevi.com.tr\/index.php\/wp-json\/wp\/v2\/product"}],"about":[{"href":"https:\/\/roveyayinevi.com.tr\/index.php\/wp-json\/wp\/v2\/types\/product"}],"wp:attachment":[{"href":"https:\/\/roveyayinevi.com.tr\/index.php\/wp-json\/wp\/v2\/media?parent=765917"}],"wp:term":[{"taxonomy":"product_brand","embeddable":true,"href":"https:\/\/roveyayinevi.com.tr\/index.php\/wp-json\/wp\/v2\/product_brand?post=765917"},{"taxonomy":"product_cat","embeddable":true,"href":"https:\/\/roveyayinevi.com.tr\/index.php\/wp-json\/wp\/v2\/product_cat?post=765917"},{"taxonomy":"product_tag","embeddable":true,"href":"https:\/\/roveyayinevi.com.tr\/index.php\/wp-json\/wp\/v2\/product_tag?post=765917"}],"curies":[{"name":"wp","href":"https:\/\/api.w.org\/{rel}","templated":true}]}}