{"id":765914,"date":"2025-08-28T11:56:22","date_gmt":"2025-08-28T08:56:22","guid":{"rendered":"https:\/\/roveyayinevi.com.tr\/index.php\/urun\/dost-mektuplari\/"},"modified":"2026-04-15T03:31:39","modified_gmt":"2026-04-15T00:31:39","slug":"dost-mektuplari","status":"publish","type":"product","link":"https:\/\/roveyayinevi.com.tr\/index.php\/urun\/dost-mektuplari\/","title":{"rendered":"Dost Mektuplar\u0131"},"content":{"rendered":"<p>James Baldwin&#8217;le Engin Cezzar, Baldwin&#8217;in ikinci kitab\u0131 Giovanni&#8217;nin Odas\u0131&#8217;n\u0131n yay\u0131mlanmas\u0131ndan bir y\u0131l sonra, 1957&#8217;de New York&#8217;ta tan\u0131\u015ft\u0131lar. Baldwin roman\u0131 Cezzar&#8217;la birlikte oyunla\u015ft\u0131rd\u0131 ve ba\u015frol i\u00e7in de onu \u00f6nerdi. Giovanni&#8217;nin Odas\u0131 hi\u00e7bir zaman sahnelenmedi ama Baldwin&#8217;in Cezzar ile dostluklar\u0131 Jimmy&#8217;nin otuz y\u0131l sonraki \u00f6l\u00fcm\u00fcne kadar s\u00fcrd\u00fc. Jimmy itilip kak\u0131lm\u0131\u015f, bir beyazla ger\u00e7ekten dost olunabilece\u011fine dair inanc\u0131 kalmam\u0131\u015f, kar\u015f\u0131s\u0131ndakine g\u00fcvensiz yakla\u015fan biriydi.Dostlu\u011fu tan\u0131mlayam\u0131yordu.Bir g\u00fcn i\u00e7imden geldi ve \u015f\u00f6yle dedim: &#8220;Yeni dost edinmek zor i\u015f.Tam oldu zannedersin, olmay\u0131verir. Sana bir teklifim var. Arkada\u015f nedir bilmiyor olabilirsin belki ama karde\u015f nedir biliyorsun.Bir s\u00fcr\u00fc karde\u015fin var. Gel bizde kan karde\u015fi olal\u0131m. Sen Afrikal\u0131s\u0131n. Ne kadar ciddi oldu\u011fumu anlayabilirsin. Karde\u015f olal\u0131m da bug\u00fcn nas\u0131l birlikte hareket ediyorsak, hayat boyu birbirimize destek olal\u0131m&#8230; Peki dedi. Kestim kollar\u0131m\u0131z\u0131, s\u00fcrtt\u00fck birbirimize.Karde\u015f oluverdik.&#8221;<\/p>\n","protected":false},"excerpt":{"rendered":"<p>James Baldwin&#8217;le Engin Cezzar, Baldwin&#8217;in ikinci kitab\u0131 Giovanni&#8217;nin Odas\u0131&#8217;n\u0131n yay\u0131mlanmas\u0131ndan bir y\u0131l sonra, 1957&#8217;de New York&#8217;ta tan\u0131\u015ft\u0131lar. Baldwin roman\u0131 Cezzar&#8217;la birlikte oyunla\u015ft\u0131rd\u0131 ve ba\u015frol i\u00e7in de<span class=\"excerpt-hellip\"> [\u2026]<\/span><\/p>\n","protected":false},"featured_media":0,"template":"","meta":{"_monsterinsights_skip_tracking":false,"_monsterinsights_sitenote_active":false,"_monsterinsights_sitenote_note":"","_monsterinsights_sitenote_category":0},"product_brand":[],"product_cat":[13701,12291],"product_tag":[],"class_list":{"0":"post-765914","1":"product","2":"type-product","3":"status-publish","5":"product_cat-ani-mektup-gunluk","6":"product_cat-edebiyat","7":"pa_cilt-ciltsiz","8":"pa_tur-kitap","9":"pa_yayinevi-yapi-kredi-yayinlari","10":"pa_yazar-engin-cezzar-james-baldwin","12":"first","13":"instock","14":"sale","15":"shipping-taxable","16":"purchasable","17":"product-type-simple"},"_links":{"self":[{"href":"https:\/\/roveyayinevi.com.tr\/index.php\/wp-json\/wp\/v2\/product\/765914","targetHints":{"allow":["GET"]}}],"collection":[{"href":"https:\/\/roveyayinevi.com.tr\/index.php\/wp-json\/wp\/v2\/product"}],"about":[{"href":"https:\/\/roveyayinevi.com.tr\/index.php\/wp-json\/wp\/v2\/types\/product"}],"wp:attachment":[{"href":"https:\/\/roveyayinevi.com.tr\/index.php\/wp-json\/wp\/v2\/media?parent=765914"}],"wp:term":[{"taxonomy":"product_brand","embeddable":true,"href":"https:\/\/roveyayinevi.com.tr\/index.php\/wp-json\/wp\/v2\/product_brand?post=765914"},{"taxonomy":"product_cat","embeddable":true,"href":"https:\/\/roveyayinevi.com.tr\/index.php\/wp-json\/wp\/v2\/product_cat?post=765914"},{"taxonomy":"product_tag","embeddable":true,"href":"https:\/\/roveyayinevi.com.tr\/index.php\/wp-json\/wp\/v2\/product_tag?post=765914"}],"curies":[{"name":"wp","href":"https:\/\/api.w.org\/{rel}","templated":true}]}}